{"id":4654,"date":"2020-12-18T15:51:21","date_gmt":"2020-12-18T19:51:21","guid":{"rendered":"https:\/\/tripsource.com\/home\/"},"modified":"2020-12-18T15:51:21","modified_gmt":"2020-12-18T19:51:21","slug":"home","status":"publish","type":"page","link":"https:\/\/tripsource.com\/sv\/","title":{"rendered":"Home"},"content":{"rendered":"","protected":false},"excerpt":{"rendered":"","protected":false},"author":1,"featured_media":0,"parent":0,"menu_order":154,"comment_status":"closed","ping_status":"open","template":"","meta":{"_acf_changed":false,"inline_featured_image":false,"footnotes":""},"class_list":["post-4654","page","type-page","status-publish","hentry"],"acf":[],"yoast_head":"<!-- This site is optimized with the Yoast SEO plugin v26.9 - https:\/\/yoast.com\/product\/yoast-seo-wordpress\/ -->\n<title>H\u00e5ll kontroll \u00f6ver dina aff\u00e4rsresor med Tripsource.<\/title>\n<meta name=\"description\" content=\"TripSource\u00ae \u00e4r en robust reseapp som endast \u00e4r utformad f\u00f6r att ge BCD Travel-kunder och deras resen\u00e4rer st\u00f6rre kontroll \u00f6ver reseupplevelsen.\" \/>\n<meta name=\"robots\" content=\"index, follow, max-snippet:-1, max-image-preview:large, max-video-preview:-1\" \/>\n<link rel=\"canonical\" href=\"https:\/\/tripsource.com\/sv\/\" \/>\n<meta property=\"og:locale\" content=\"sv_SE\" \/>\n<meta property=\"og:type\" content=\"article\" \/>\n<meta property=\"og:title\" content=\"H\u00e5ll kontroll \u00f6ver dina aff\u00e4rsresor med Tripsource.\" \/>\n<meta property=\"og:description\" content=\"TripSource\u00ae \u00e4r en robust reseapp som endast \u00e4r utformad f\u00f6r att ge BCD Travel-kunder och deras resen\u00e4rer st\u00f6rre kontroll \u00f6ver reseupplevelsen.\" \/>\n<meta property=\"og:url\" content=\"https:\/\/tripsource.com\/sv\/\" \/>\n<meta property=\"og:site_name\" content=\"TripSource\" \/>\n<meta name=\"twitter:card\" content=\"summary_large_image\" \/>\n<script type=\"application\/ld+json\" class=\"yoast-schema-graph\">{\"@context\":\"https:\/\/schema.org\",\"@graph\":[{\"@type\":\"WebPage\",\"@id\":\"https:\/\/tripsource.com\/sv\/\",\"url\":\"https:\/\/tripsource.com\/sv\/\",\"name\":\"H\u00e5ll kontroll \u00f6ver dina aff\u00e4rsresor med Tripsource.\",\"isPartOf\":{\"@id\":\"https:\/\/tripsource.com\/#website\"},\"datePublished\":\"2020-12-18T19:51:21+00:00\",\"description\":\"TripSource\u00ae \u00e4r en robust reseapp som endast \u00e4r utformad f\u00f6r att ge BCD Travel-kunder och deras resen\u00e4rer st\u00f6rre kontroll \u00f6ver reseupplevelsen.\",\"breadcrumb\":{\"@id\":\"https:\/\/tripsource.com\/sv\/#breadcrumb\"},\"inLanguage\":\"sv-SE\",\"potentialAction\":[{\"@type\":\"ReadAction\",\"target\":[\"https:\/\/tripsource.com\/sv\/\"]}]},{\"@type\":\"BreadcrumbList\",\"@id\":\"https:\/\/tripsource.com\/sv\/#breadcrumb\",\"itemListElement\":[{\"@type\":\"ListItem\",\"position\":1,\"name\":\"Home\",\"item\":\"https:\/\/tripsource.com\/sv\/\"},{\"@type\":\"ListItem\",\"position\":2,\"name\":\"Home\"}]},{\"@type\":\"WebSite\",\"@id\":\"https:\/\/tripsource.com\/#website\",\"url\":\"https:\/\/tripsource.com\/\",\"name\":\"TripSource\",\"description\":\"Convenient Corporate Travel\",\"potentialAction\":[{\"@type\":\"SearchAction\",\"target\":{\"@type\":\"EntryPoint\",\"urlTemplate\":\"https:\/\/tripsource.com\/?s={search_term_string}\"},\"query-input\":{\"@type\":\"PropertyValueSpecification\",\"valueRequired\":true,\"valueName\":\"search_term_string\"}}],\"inLanguage\":\"sv-SE\"}]}<\/script>\n<!-- \/ Yoast SEO plugin. -->","yoast_head_json":{"title":"H\u00e5ll kontroll \u00f6ver dina aff\u00e4rsresor med Tripsource.","description":"TripSource\u00ae \u00e4r en robust reseapp som endast \u00e4r utformad f\u00f6r att ge BCD Travel-kunder och deras resen\u00e4rer st\u00f6rre kontroll \u00f6ver reseupplevelsen.","robots":{"index":"index","follow":"follow","max-snippet":"max-snippet:-1","max-image-preview":"max-image-preview:large","max-video-preview":"max-video-preview:-1"},"canonical":"https:\/\/tripsource.com\/sv\/","og_locale":"sv_SE","og_type":"article","og_title":"H\u00e5ll kontroll \u00f6ver dina aff\u00e4rsresor med Tripsource.","og_description":"TripSource\u00ae \u00e4r en robust reseapp som endast \u00e4r utformad f\u00f6r att ge BCD Travel-kunder och deras resen\u00e4rer st\u00f6rre kontroll \u00f6ver reseupplevelsen.","og_url":"https:\/\/tripsource.com\/sv\/","og_site_name":"TripSource","twitter_card":"summary_large_image","schema":{"@context":"https:\/\/schema.org","@graph":[{"@type":"WebPage","@id":"https:\/\/tripsource.com\/sv\/","url":"https:\/\/tripsource.com\/sv\/","name":"H\u00e5ll kontroll \u00f6ver dina aff\u00e4rsresor med Tripsource.","isPartOf":{"@id":"https:\/\/tripsource.com\/#website"},"datePublished":"2020-12-18T19:51:21+00:00","description":"TripSource\u00ae \u00e4r en robust reseapp som endast \u00e4r utformad f\u00f6r att ge BCD Travel-kunder och deras resen\u00e4rer st\u00f6rre kontroll \u00f6ver reseupplevelsen.","breadcrumb":{"@id":"https:\/\/tripsource.com\/sv\/#breadcrumb"},"inLanguage":"sv-SE","potentialAction":[{"@type":"ReadAction","target":["https:\/\/tripsource.com\/sv\/"]}]},{"@type":"BreadcrumbList","@id":"https:\/\/tripsource.com\/sv\/#breadcrumb","itemListElement":[{"@type":"ListItem","position":1,"name":"Home","item":"https:\/\/tripsource.com\/sv\/"},{"@type":"ListItem","position":2,"name":"Home"}]},{"@type":"WebSite","@id":"https:\/\/tripsource.com\/#website","url":"https:\/\/tripsource.com\/","name":"TripSource","description":"Convenient Corporate Travel","potentialAction":[{"@type":"SearchAction","target":{"@type":"EntryPoint","urlTemplate":"https:\/\/tripsource.com\/?s={search_term_string}"},"query-input":{"@type":"PropertyValueSpecification","valueRequired":true,"valueName":"search_term_string"}}],"inLanguage":"sv-SE"}]}},"_links":{"self":[{"href":"https:\/\/tripsource.com\/sv\/wp-json\/wp\/v2\/pages\/4654","targetHints":{"allow":["GET"]}}],"collection":[{"href":"https:\/\/tripsource.com\/sv\/wp-json\/wp\/v2\/pages"}],"about":[{"href":"https:\/\/tripsource.com\/sv\/wp-json\/wp\/v2\/types\/page"}],"author":[{"embeddable":true,"href":"https:\/\/tripsource.com\/sv\/wp-json\/wp\/v2\/users\/1"}],"replies":[{"embeddable":true,"href":"https:\/\/tripsource.com\/sv\/wp-json\/wp\/v2\/comments?post=4654"}],"version-history":[{"count":0,"href":"https:\/\/tripsource.com\/sv\/wp-json\/wp\/v2\/pages\/4654\/revisions"}],"wp:attachment":[{"href":"https:\/\/tripsource.com\/sv\/wp-json\/wp\/v2\/media?parent=4654"}],"curies":[{"name":"wp","href":"https:\/\/api.w.org\/{rel}","templated":true}]}}