{"id":10403,"date":"2025-10-16T15:36:02","date_gmt":"2025-10-16T19:36:02","guid":{"rendered":"https:\/\/tripsource.com\/?page_id=10403"},"modified":"2025-10-16T15:36:03","modified_gmt":"2025-10-16T19:36:03","slug":"policy-for-cookies","status":"publish","type":"page","link":"https:\/\/tripsource.com\/sv\/policy-for-cookies\/","title":{"rendered":"Policy f\u00f6r cookies"},"content":{"rendered":"\n<h3 class=\"wp-block-heading\">Senast uppdaterad: Den 1 september 2025<\/h3>\n\n\n\n<p>Denna cookiepolicy beskriver hur BCD Travel Services B.V. (&#8221;vi&#8221;, &#8221;oss&#8221; och &#8221;v\u00e5r&#8221;) anv\u00e4nder cookies, webb-beacons, enhetsidentifierare och liknande tekniker (gemensamt &#8221;cookies&#8221;) i samband med din anv\u00e4ndning av denna webbplats, inklusive alla relaterade mobilappar eller andra appar, beroende p\u00e5 vad som \u00e4r till\u00e4mpligt (tillsammans &#8221;webbplatsen&#8221;). Denna cookiepolicy f\u00f6rklarar vad cookies \u00e4r, varf\u00f6r vi anv\u00e4nder dem och hur l\u00e4nge, samt dina r\u00e4ttigheter att kontrollera v\u00e5r anv\u00e4ndning av dem.<\/p>\n\n\n\n<h2 class=\"wp-block-heading\">Vad \u00e4r cookies?<\/h2>\n\n\n\n<p>Cookies \u00e4r sm\u00e5 datafiler som en webbplats skickar till din dator, surfplatta, smartphone eller liknande enhet varje g\u00e5ng du bes\u00f6ker den. Cookies anv\u00e4nds i stor utstr\u00e4ckning av webbplatser f\u00f6r att f\u00e5 webbplatserna att fungera, eller f\u00f6r att fungera mer effektivt, samt f\u00f6r att tillhandah\u00e5lla rapporteringsinformation. Cookies g\u00f6r det m\u00f6jligt f\u00f6r v\u00e5rt system att k\u00e4nna igen din enhet n\u00e4sta g\u00e5ng du bes\u00f6ker denna webbplats, vilket hj\u00e4lper oss att ge en mer s\u00f6ml\u00f6s och personlig surfupplevelse. Cookies kan lagra anv\u00e4ndarinst\u00e4llningar och annan information (t.ex. dina webbl\u00e4sardata), som kan hj\u00e4lpa oss att f\u00f6rb\u00e4ttra denna webbplats.<\/p>\n\n\n\n<h2 class=\"wp-block-heading\">Hantering av cookies p\u00e5 din enhet<\/h2>\n\n\n\n<p>Du kan sj\u00e4lv best\u00e4mma om du vill till\u00e5ta lagring av cookies p\u00e5 din enhet. Du kan v\u00e4lja dina cookie-preferenser genom att acceptera, neka eller anpassa cookies p\u00e5 denna webbplats genom att klicka p\u00e5 respektive knapp p\u00e5 cookie-bannern som kommer att presenteras f\u00f6r dig vid ditt f\u00f6rsta bes\u00f6k p\u00e5 denna webbplats. S\u00e5dana inst\u00e4llningar kan \u00e4ndras n\u00e4r som helst genom att anv\u00e4nda cookie-ikonen l\u00e4ngst ner till v\u00e4nster p\u00e5 sk\u00e4rmen. Om du rensar dina webbl\u00e4sardata kommer du att bli ombedd att v\u00e4lja dina cookie-inst\u00e4llningar igen vid ditt n\u00e4sta bes\u00f6k.<\/p>\n\n\n\n<p>Du kan ocks\u00e5 n\u00e4r som helst hantera dina cookie-inst\u00e4llningar via din webbl\u00e4sare. Stegen f\u00f6r att g\u00f6ra det kan variera beroende p\u00e5 vilken webbl\u00e4sare du anv\u00e4nder. Du b\u00f6r bes\u00f6ka din webbl\u00e4sares hj\u00e4lpmeny f\u00f6r mer information om hur du hanterar cookies.<\/p>\n\n\n\n<h2 class=\"wp-block-heading\">Vem lagrar cookies p\u00e5 din enhet?<\/h2>\n\n\n\n<p>Vissa cookies som st\u00e4lls in p\u00e5 din enhet kallas &#8221;f\u00f6rstapartscookies&#8221;, vilket inneb\u00e4r att de placeras direkt av oss som webbplatsoperat\u00f6r och \u00e4r associerade med v\u00e5rt v\u00e4rdnamn. I vissa fall kan vi ocks\u00e5 anv\u00e4nda &#8221;tredjepartscookies&#8221;, som placeras av externa leverant\u00f6rer och kommer fr\u00e5n andra webbplatser.<\/p>\n\n\n\n<p>Tredjepartscookies m\u00f6jligg\u00f6r funktioner eller funktionaliteter som tillhandah\u00e5lls av tredje part p\u00e5 eller via denna webbplats (t.ex. reklam, interaktivt inneh\u00e5ll, s\u00e4kerhetsfunktioner, analys). Dessa tredje parter k\u00e4nner igen din enhet b\u00e5de n\u00e4r du bes\u00f6ker denna webbplats och n\u00e4r du interagerar med andra webbplatser.<\/p>\n\n\n\n<p>Vi anv\u00e4nder cookies fr\u00e5n tredje part f\u00f6r att f\u00f6rb\u00e4ttra webbplatsens prestanda och funktionalitet, st\u00f6dja s\u00e4kerhetsfunktioner, rapportera anv\u00e4ndningsstatistik och b\u00e4ttre f\u00f6rst\u00e5 anv\u00e4ndarbeteende. Dessa cookies hj\u00e4lper till att s\u00e4kerst\u00e4lla att webbplatsen fungerar smidigt och kan skr\u00e4ddarsys efter dina preferenser.<\/p>\n\n\n\n<p>Mer information om varje cookie som placeras p\u00e5 denna webbplats och deras leverant\u00f6rer finns p\u00e5 cookie-bannern, som \u00e4r tillg\u00e4nglig n\u00e4r som helst via cookie-ikonen l\u00e4ngst ner till v\u00e4nster p\u00e5 sk\u00e4rmen.<\/p>\n\n\n\n<h2 class=\"wp-block-heading\">Hur l\u00e4nge lagras cookies?<\/h2>\n\n\n\n<p>Cookies lagras antingen tillf\u00e4lligt i din enhets minne (sessionscookies) eller sparas p\u00e5 din h\u00e5rddisk under en l\u00e4ngre period (best\u00e4ndig cookie).<\/p>\n\n\n\n<p><strong>Cookies f\u00f6r sessioner <\/strong>genereras n\u00e4r du p\u00e5b\u00f6rjar ditt bes\u00f6k p\u00e5 denna webbplats och inneh\u00e5ller ett slumpm\u00e4ssigt genererat individuellt ID-nummer som tilldelats din enhet. Dessa cookies upph\u00f6r att g\u00e4lla i slutet av sessionen och raderas automatiskt n\u00e4r du st\u00e4nger denna webbplats.<\/p>\n\n\n\n<p><strong>Best\u00e4ndiga cookies <\/strong>f\u00f6rblir lagrad p\u00e5 din enhet efter att du har st\u00e4ngt denna webbplats. De beh\u00e5ller information som dina inst\u00e4llningar, preferenser och inloggningsuppgifter, vilket m\u00f6jligg\u00f6r en mer personlig upplevelse vid framtida bes\u00f6k. Dessa cookies f\u00f6rblir aktiva tills de n\u00e5r sitt f\u00f6rdefinierade utg\u00e5ngsdatum eller raderas manuellt av dig.&nbsp;<\/p>\n\n\n\n<p>Mer information om varaktigheten f\u00f6r varje cookie som placeras p\u00e5 denna webbplats finns p\u00e5 cookie-bannern, som du kan komma \u00e5t n\u00e4r som helst via cookie-ikonen l\u00e4ngst ner till v\u00e4nster p\u00e5 sk\u00e4rmen.<\/p>\n\n\n\n<h2 class=\"wp-block-heading\">Cookies p\u00e5 denna webbplats<\/h2>\n\n\n\n<p>Denna webbplats kan anv\u00e4nda olika typer av cookies, inklusive n\u00f6dv\u00e4ndiga, funktionella och marknadsf\u00f6ringscookies. Varje typ av cookie har en distinkt funktion, till exempel att m\u00f6jligg\u00f6ra k\u00e4rn\u00e5tg\u00e4rder p\u00e5 webbplatsen, f\u00f6rb\u00e4ttra anv\u00e4ndarupplevelsen eller st\u00f6dja marknadsf\u00f6rings- och analysinsatser.<\/p>\n\n\n\n<p><strong>N\u00f6dv\u00e4ndiga cookies <\/strong>\u00e4r n\u00f6dv\u00e4ndiga f\u00f6r driften och s\u00e4kerheten p\u00e5 denna webbplats. De m\u00f6jligg\u00f6r k\u00e4rnfunktioner som navigering, inloggningsuppgifter (i f\u00f6rekommande fall), inst\u00e4llning av sekretessinst\u00e4llningar och k\u00e4nna igen om du har l\u00e4st, accepterat eller avvisat cookiemeddelandet. Eftersom dessa cookies \u00e4r n\u00f6dv\u00e4ndiga f\u00f6r driften och s\u00e4kerheten p\u00e5 denna webbplats \u00e4r de inte valfria.&nbsp;<\/p>\n\n\n\n<p><strong>Funktionella cookies <\/strong>f\u00f6rb\u00e4ttra anv\u00e4ndbarheten och anpassningen av denna webbplats genom att komma ih\u00e5g dina inst\u00e4llningar (t.ex. spr\u00e5k eller region) och aktivera inb\u00e4ddat inneh\u00e5ll (t.ex. videor, kartor eller formul\u00e4r). De st\u00f6der ocks\u00e5 prestandaanalys genom att sp\u00e5ra anv\u00e4ndarinteraktioner f\u00f6r att hj\u00e4lpa oss att f\u00f6rst\u00e5 beteende och f\u00f6rb\u00e4ttra den \u00f6vergripande anv\u00e4ndarupplevelsen. Genom att anv\u00e4nda dessa cookies kan vi leverera mer relevant inneh\u00e5ll och s\u00e4kerst\u00e4lla smidigare navigering och funktionalitet.<\/p>\n\n\n\n<p>Observera att om du avvisar dessa cookies kan det begr\u00e4nsa anpassningen och f\u00f6rhindra att visst inneh\u00e5ll visas korrekt.<\/p>\n\n\n\n<p><strong>Cookies f\u00f6r marknadsf\u00f6ring <\/strong>&nbsp;samla in information om dina aktiviteter p\u00e5 denna webbplats och, i f\u00f6rekommande fall, p\u00e5 andra webbplatser. Dessa cookies hj\u00e4lper till att visa riktade kampanjer\/annonser baserat p\u00e5 dina intressen och interaktioner med denna webbplats och, i f\u00f6rekommande fall, andra webbplatser.<\/p>\n\n\n\n<p>Vi anv\u00e4nder Pardot, en plattform f\u00f6r automatiserad marknadsf\u00f6ring fr\u00e5n tredje part, f\u00f6r att underl\u00e4tta en del av v\u00e5ra marknadsf\u00f6rings- och f\u00f6rs\u00e4ljningsinsatser. Vissa delar av denna webbplats (t.ex. landningssidor, kontaktformul\u00e4r) anv\u00e4nder Pardot-cookies som samlar in data om anv\u00e4ndaraktivitet. Pardot-cookies \u00e4r inst\u00e4llda f\u00f6r att komma ih\u00e5g anv\u00e4ndaruppgifter f\u00f6r framtida korrespondens och bes\u00f6k p\u00e5 denna webbplats. Denna information som samlas in hj\u00e4lper oss att f\u00f6rb\u00e4ttra inneh\u00e5llet p\u00e5 denna webbplats (t.ex. att f\u00f6rst\u00e5 vilka av v\u00e5ra rapporter som oftast laddas ner av anv\u00e4ndare).<\/p>\n\n\n\n<p>Om du prenumererar p\u00e5 v\u00e5ra nyhetsbrev eller e-postmarknadsf\u00f6ring g\u00f6r Pardot-cookies det ocks\u00e5 m\u00f6jligt f\u00f6r oss att sp\u00e5ra hur du interagerar med v\u00e5r kommunikation, inklusive om v\u00e5ra e-postmeddelanden \u00f6ppnas och vilka l\u00e4nkar som klickas p\u00e5. Detta hj\u00e4lper oss att hantera v\u00e5r e-postmarknadsf\u00f6ring och att skicka relevant information till dig.<\/p>\n\n\n\n<p>Pardot-cookies identifierar din webbl\u00e4sare och enhet unikt genom att tilldela ett slumpm\u00e4ssigt genererat anv\u00e4ndar-ID. De uppgifter som samlas in av Pardot-cookies kommer inte att sammanst\u00e4llas med dina personuppgifter om du inte frivilligt tillhandah\u00e5ller dem via ett Pardot-formul\u00e4r som finns tillg\u00e4ngligt p\u00e5 denna webbplats. Om du skickar in dina kontaktuppgifter (t.ex. namn eller e-postadress) matchas din webbhistorik som \u00e4r kopplad till anv\u00e4ndar-ID:t f\u00f6r att skapa en anv\u00e4ndarprofil.<\/p>\n\n\n\n<p>Observera att om du avvisar dessa cookies kan det resultera i mindre relevant inneh\u00e5ll och begr\u00e4nsa v\u00e5r f\u00f6rm\u00e5ga att skr\u00e4ddarsy kommunikationen efter dina preferenser.<\/p>\n\n\n\n<p>Mer information om varje typ av cookie som anv\u00e4nds p\u00e5 denna webbplats finns p\u00e5 cookie-bannern, som \u00e4r tillg\u00e4nglig n\u00e4r som helst via cookie-ikonen l\u00e4ngst ner till v\u00e4nster p\u00e5 sk\u00e4rmen. Cookie-bannern ger omfattande information som hj\u00e4lper dig att fatta v\u00e4lgrundade beslut om dina cookie-preferenser, inklusive cookie-typer, deras syfte, varaktighet, behandlingsplats, behandlingsf\u00f6retag, bearbetade data och laglig grund.<\/p>\n\n\n\n<h2 class=\"wp-block-heading\">Uppdateringar och \u00e4ndringar av denna cookiepolicy<\/h2>\n\n\n\n<p>Vi kan komma att uppdatera denna cookiepolicy fr\u00e5n tid till annan f\u00f6r att till exempel \u00e5terspegla \u00e4ndringar i de cookies vi anv\u00e4nder eller av andra operativa, juridiska eller regulatoriska sk\u00e4l. Vi uppmuntrar dig att bes\u00f6ka denna cookiepolicy regelbundet f\u00f6r att h\u00e5lla dig informerad om v\u00e5r anv\u00e4ndning av cookies och relaterad teknik. Datumet h\u00f6gst upp i denna cookiepolicy anger n\u00e4r den senast uppdaterades.<\/p>\n\n\n\n<h2 class=\"wp-block-heading\">Var kan du f\u00e5 mer information?<\/h2>\n\n\n\n<p>F\u00f6r ytterligare information om v\u00e5ra sekretessrutiner och dina integritetsr\u00e4ttigheter, se sekretesspolicyn som finns p\u00e5 denna webbplats.<\/p>\n\n\n\n<p>Om du har fr\u00e5gor om de cookies vi anv\u00e4nder kan du kontakta oss p\u00e5 <a href=\"mailto:privacy@bcdtravel.com\">privacy@bcdtravel.com<\/a>. V\u00e4nligen ge oss din kontaktinformation, webbadressen till denna webbplats och en detaljerad beskrivning av din f\u00f6rfr\u00e5gan.<\/p>\n","protected":false},"excerpt":{"rendered":"<p>Senast uppdaterad: Den 1 september 2025 Denna cookiepolicy beskriver hur BCD Travel Services B.V. (&#8221;vi&#8221;, &#8221;oss&#8221; och &#8221;v\u00e5r&#8221;) anv\u00e4nder cookies, webb-beacons, enhetsidentifierare och liknande tekniker (gemensamt &#8221;cookies&#8221;) i samband med din anv\u00e4ndning av denna webbplats, inklusive alla relaterade mobilappar eller andra appar, beroende p\u00e5 vad som \u00e4r till\u00e4mpligt (tillsammans &#8221;webbplatsen&#8221;). Denna cookiepolicy f\u00f6rklarar vad cookies &hellip;<\/p>\n","protected":false},"author":1,"featured_media":0,"parent":0,"menu_order":0,"comment_status":"closed","ping_status":"closed","template":"","meta":{"_acf_changed":false,"inline_featured_image":false,"footnotes":""},"class_list":["post-10403","page","type-page","status-publish","hentry"],"acf":[],"yoast_head":"<!-- This site is optimized with the Yoast SEO plugin v26.9 - https:\/\/yoast.com\/product\/yoast-seo-wordpress\/ -->\n<title>Policy f\u00f6r cookies - TripSource<\/title>\n<meta name=\"robots\" content=\"index, follow, max-snippet:-1, max-image-preview:large, max-video-preview:-1\" \/>\n<link rel=\"canonical\" href=\"https:\/\/tripsource.com\/sv\/policy-for-cookies\/\" \/>\n<meta property=\"og:locale\" content=\"sv_SE\" \/>\n<meta property=\"og:type\" content=\"article\" \/>\n<meta property=\"og:title\" content=\"Policy f\u00f6r cookies - TripSource\" \/>\n<meta property=\"og:description\" content=\"Senast uppdaterad: Den 1 september 2025 Denna cookiepolicy beskriver hur BCD Travel Services B.V. (&#8221;vi&#8221;, &#8221;oss&#8221; och &#8221;v\u00e5r&#8221;) anv\u00e4nder cookies, webb-beacons, enhetsidentifierare och liknande tekniker (gemensamt &#8221;cookies&#8221;) i samband med din anv\u00e4ndning av denna webbplats, inklusive alla relaterade mobilappar eller andra appar, beroende p\u00e5 vad som \u00e4r till\u00e4mpligt (tillsammans &#8221;webbplatsen&#8221;). Denna cookiepolicy f\u00f6rklarar vad cookies &hellip;\" \/>\n<meta property=\"og:url\" content=\"https:\/\/tripsource.com\/sv\/policy-for-cookies\/\" \/>\n<meta property=\"og:site_name\" content=\"TripSource\" \/>\n<meta property=\"article:modified_time\" content=\"2025-10-16T19:36:03+00:00\" \/>\n<meta name=\"twitter:card\" content=\"summary_large_image\" \/>\n<script type=\"application\/ld+json\" class=\"yoast-schema-graph\">{\"@context\":\"https:\/\/schema.org\",\"@graph\":[{\"@type\":\"WebPage\",\"@id\":\"https:\/\/tripsource.com\/sv\/policy-for-cookies\/\",\"url\":\"https:\/\/tripsource.com\/sv\/policy-for-cookies\/\",\"name\":\"Policy f\u00f6r cookies - TripSource\",\"isPartOf\":{\"@id\":\"https:\/\/tripsource.com\/#website\"},\"datePublished\":\"2025-10-16T19:36:02+00:00\",\"dateModified\":\"2025-10-16T19:36:03+00:00\",\"breadcrumb\":{\"@id\":\"https:\/\/tripsource.com\/sv\/policy-for-cookies\/#breadcrumb\"},\"inLanguage\":\"sv-SE\",\"potentialAction\":[{\"@type\":\"ReadAction\",\"target\":[\"https:\/\/tripsource.com\/sv\/policy-for-cookies\/\"]}]},{\"@type\":\"BreadcrumbList\",\"@id\":\"https:\/\/tripsource.com\/sv\/policy-for-cookies\/#breadcrumb\",\"itemListElement\":[{\"@type\":\"ListItem\",\"position\":1,\"name\":\"Home\",\"item\":\"https:\/\/tripsource.com\/sv\/\"},{\"@type\":\"ListItem\",\"position\":2,\"name\":\"Policy f\u00f6r cookies\"}]},{\"@type\":\"WebSite\",\"@id\":\"https:\/\/tripsource.com\/#website\",\"url\":\"https:\/\/tripsource.com\/\",\"name\":\"TripSource\",\"description\":\"Convenient Corporate Travel\",\"potentialAction\":[{\"@type\":\"SearchAction\",\"target\":{\"@type\":\"EntryPoint\",\"urlTemplate\":\"https:\/\/tripsource.com\/?s={search_term_string}\"},\"query-input\":{\"@type\":\"PropertyValueSpecification\",\"valueRequired\":true,\"valueName\":\"search_term_string\"}}],\"inLanguage\":\"sv-SE\"}]}<\/script>\n<!-- \/ Yoast SEO plugin. -->","yoast_head_json":{"title":"Policy f\u00f6r cookies - TripSource","robots":{"index":"index","follow":"follow","max-snippet":"max-snippet:-1","max-image-preview":"max-image-preview:large","max-video-preview":"max-video-preview:-1"},"canonical":"https:\/\/tripsource.com\/sv\/policy-for-cookies\/","og_locale":"sv_SE","og_type":"article","og_title":"Policy f\u00f6r cookies - TripSource","og_description":"Senast uppdaterad: Den 1 september 2025 Denna cookiepolicy beskriver hur BCD Travel Services B.V. (&#8221;vi&#8221;, &#8221;oss&#8221; och &#8221;v\u00e5r&#8221;) anv\u00e4nder cookies, webb-beacons, enhetsidentifierare och liknande tekniker (gemensamt &#8221;cookies&#8221;) i samband med din anv\u00e4ndning av denna webbplats, inklusive alla relaterade mobilappar eller andra appar, beroende p\u00e5 vad som \u00e4r till\u00e4mpligt (tillsammans &#8221;webbplatsen&#8221;). Denna cookiepolicy f\u00f6rklarar vad cookies &hellip;","og_url":"https:\/\/tripsource.com\/sv\/policy-for-cookies\/","og_site_name":"TripSource","article_modified_time":"2025-10-16T19:36:03+00:00","twitter_card":"summary_large_image","schema":{"@context":"https:\/\/schema.org","@graph":[{"@type":"WebPage","@id":"https:\/\/tripsource.com\/sv\/policy-for-cookies\/","url":"https:\/\/tripsource.com\/sv\/policy-for-cookies\/","name":"Policy f\u00f6r cookies - TripSource","isPartOf":{"@id":"https:\/\/tripsource.com\/#website"},"datePublished":"2025-10-16T19:36:02+00:00","dateModified":"2025-10-16T19:36:03+00:00","breadcrumb":{"@id":"https:\/\/tripsource.com\/sv\/policy-for-cookies\/#breadcrumb"},"inLanguage":"sv-SE","potentialAction":[{"@type":"ReadAction","target":["https:\/\/tripsource.com\/sv\/policy-for-cookies\/"]}]},{"@type":"BreadcrumbList","@id":"https:\/\/tripsource.com\/sv\/policy-for-cookies\/#breadcrumb","itemListElement":[{"@type":"ListItem","position":1,"name":"Home","item":"https:\/\/tripsource.com\/sv\/"},{"@type":"ListItem","position":2,"name":"Policy f\u00f6r cookies"}]},{"@type":"WebSite","@id":"https:\/\/tripsource.com\/#website","url":"https:\/\/tripsource.com\/","name":"TripSource","description":"Convenient Corporate Travel","potentialAction":[{"@type":"SearchAction","target":{"@type":"EntryPoint","urlTemplate":"https:\/\/tripsource.com\/?s={search_term_string}"},"query-input":{"@type":"PropertyValueSpecification","valueRequired":true,"valueName":"search_term_string"}}],"inLanguage":"sv-SE"}]}},"_links":{"self":[{"href":"https:\/\/tripsource.com\/sv\/wp-json\/wp\/v2\/pages\/10403","targetHints":{"allow":["GET"]}}],"collection":[{"href":"https:\/\/tripsource.com\/sv\/wp-json\/wp\/v2\/pages"}],"about":[{"href":"https:\/\/tripsource.com\/sv\/wp-json\/wp\/v2\/types\/page"}],"author":[{"embeddable":true,"href":"https:\/\/tripsource.com\/sv\/wp-json\/wp\/v2\/users\/1"}],"replies":[{"embeddable":true,"href":"https:\/\/tripsource.com\/sv\/wp-json\/wp\/v2\/comments?post=10403"}],"version-history":[{"count":0,"href":"https:\/\/tripsource.com\/sv\/wp-json\/wp\/v2\/pages\/10403\/revisions"}],"wp:attachment":[{"href":"https:\/\/tripsource.com\/sv\/wp-json\/wp\/v2\/media?parent=10403"}],"curies":[{"name":"wp","href":"https:\/\/api.w.org\/{rel}","templated":true}]}}