{"id":427,"date":"2015-10-07T13:49:31","date_gmt":"2015-10-07T17:49:31","guid":{"rendered":"http:\/\/tripsource.com\/?page_id=427"},"modified":"2017-03-16T19:15:31","modified_gmt":"2017-03-16T23:15:31","slug":"download","status":"publish","type":"page","link":"https:\/\/tripsource.com\/pt-br\/download\/","title":{"rendered":"Download"},"content":{"rendered":"<div class=\"col-sm-4 page-download\">\n<img loading=\"lazy\" decoding=\"async\" src=\"\/wp-content\/themes\/bootstrap-basic\/img\/phone_acte_pt.png\" alt=\"Download the app today!\" width=\"320\" height=\"645\" class=\"alignnone size-full wp-image-231\" \/>\n<\/div>\n<div class=\"col-sm-8 page-download\">\n<img loading=\"lazy\" decoding=\"async\" width=\"300\" height=\"112\" class=\"app-award img-thumbnail size-medium wp-image-237\" alt=\"App Design Award Winner\" src=\"https:\/\/tripsource.com\/wp-content\/themes\/bootstrap-basic\/img\/app_award_pt.jpg\"><\/p>\n<div class=\"well\">\n<p>Escolha sua plataforma:<\/p>\n<div class=\"dl_btn_cont\">\n<a class=\"app_download_button_apple app_download_button_pt\" href=\"https:\/\/itunes.apple.com\/br\/app\/apple-store\/id710472405?pt=2098455&ct=tripsourcemarketingwebsite&mt=8\"><img decoding=\"async\" width=\"135px\" height=\"40px\" alt=\"Baixar na App Store\" src=\"https:\/\/tripsource.com\/wp-content\/themes\/bootstrap-basic-child\/img\/appstore-simple.png\"><\/a>\n<a class=\"app_download_button_google app_download_button_pt\" href=\"https:\/\/play.google.com\/store\/apps\/details?id=com.mttnow.android.bcd.production&hl=pt&referrer=utm_source%3DBCD%26utm_campaign%3DTripSource%2520Marketing%2520Website\"><img decoding=\"async\" width=\"135px\" height=\"40px\" alt=\"Dispon&iacute;vel no Google Play\" src=\"https:\/\/tripsource.com\/wp-content\/themes\/bootstrap-basic-child\/img\/googleplay-simple.png\"><\/a>\n<\/div>\n<\/div>\n<div class=\"clearfix\"><\/div>\n<h2>Leve com voc\u00ea!<\/h2>\n<p>O TripSource tamb\u00e9m est\u00e1 dispon\u00edvel como aplicativo para dispositivos iPhone e Android.<\/p>\n<ul>\n<li>Todos os seus itiner\u00e1rios da BCD Travel, incluindo voos, hot\u00e9is e traslados terrestres \u2013 tudo sincronizado automaticamente<\/li>\n<li>Situa\u00e7\u00f5es de voo e alertas de altera\u00e7\u00e3o de port\u00e3o de embarque em tempo real<\/li>\n<li>Mapas e dire\u00e7\u00f5es para ajud\u00e1-lo a chegar ao seu destino em qualquer cidade<\/li>\n<li>Dicas e lembretes que ajudam voc\u00ea a viajar de forma mais inteligente<\/li>\n<li>Dispon\u00edvel em portugu\u00eas brasileiro, ingl\u00eas, franc\u00eas, alem\u00e3o e espanhol (baseado nas configura\u00e7\u00f5es do dispositivo)<\/li>\n<\/ul>\n<p class=\"blue-text\">viaje de forma inteligente. realize mais.<\/p>\n<\/div>\n","protected":false},"excerpt":{"rendered":"<p>Escolha sua plataforma: Leve com voc\u00ea! O TripSource tamb\u00e9m est\u00e1 dispon\u00edvel como aplicativo para dispositivos iPhone e Android. Todos os seus itiner\u00e1rios da BCD Travel, incluindo voos, hot\u00e9is e traslados terrestres \u2013 tudo sincronizado automaticamente Situa\u00e7\u00f5es de voo e alertas de altera\u00e7\u00e3o de port\u00e3o de embarque em tempo real Mapas e dire\u00e7\u00f5es para ajud\u00e1-lo a &hellip;<\/p>\n","protected":false},"author":6,"featured_media":0,"parent":0,"menu_order":197,"comment_status":"closed","ping_status":"closed","template":"","meta":{"_acf_changed":false,"inline_featured_image":false,"footnotes":""},"class_list":["post-427","page","type-page","status-publish","hentry"],"acf":[],"yoast_head":"<!-- This site is optimized with the Yoast SEO plugin v26.9 - https:\/\/yoast.com\/product\/yoast-seo-wordpress\/ -->\n<title>Download - TripSource<\/title>\n<meta name=\"robots\" content=\"index, follow, max-snippet:-1, max-image-preview:large, max-video-preview:-1\" \/>\n<link rel=\"canonical\" href=\"https:\/\/tripsource.com\/pt-br\/download\/\" \/>\n<meta property=\"og:locale\" content=\"pt_BR\" \/>\n<meta property=\"og:type\" content=\"article\" \/>\n<meta property=\"og:title\" content=\"Download - TripSource\" \/>\n<meta property=\"og:description\" content=\"Escolha sua plataforma: Leve com voc\u00ea! O TripSource tamb\u00e9m est\u00e1 dispon\u00edvel como aplicativo para dispositivos iPhone e Android. Todos os seus itiner\u00e1rios da BCD Travel, incluindo voos, hot\u00e9is e traslados terrestres \u2013 tudo sincronizado automaticamente Situa\u00e7\u00f5es de voo e alertas de altera\u00e7\u00e3o de port\u00e3o de embarque em tempo real Mapas e dire\u00e7\u00f5es para ajud\u00e1-lo a &hellip;\" \/>\n<meta property=\"og:url\" content=\"https:\/\/tripsource.com\/pt-br\/download\/\" \/>\n<meta property=\"og:site_name\" content=\"TripSource\" \/>\n<meta property=\"article:modified_time\" content=\"2017-03-16T23:15:31+00:00\" \/>\n<meta property=\"og:image\" content=\"https:\/\/tripsource.com\/wp-content\/themes\/bootstrap-basic\/img\/app_award_pt.jpg\" \/>\n<meta name=\"twitter:card\" content=\"summary_large_image\" \/>\n<meta name=\"twitter:label1\" content=\"Est. tempo de leitura\" \/>\n\t<meta name=\"twitter:data1\" content=\"1 minuto\" \/>\n<script type=\"application\/ld+json\" class=\"yoast-schema-graph\">{\"@context\":\"https:\/\/schema.org\",\"@graph\":[{\"@type\":\"WebPage\",\"@id\":\"https:\/\/tripsource.com\/pt-br\/download\/\",\"url\":\"https:\/\/tripsource.com\/pt-br\/download\/\",\"name\":\"Download - TripSource\",\"isPartOf\":{\"@id\":\"https:\/\/tripsource.com\/#website\"},\"primaryImageOfPage\":{\"@id\":\"https:\/\/tripsource.com\/pt-br\/download\/#primaryimage\"},\"image\":{\"@id\":\"https:\/\/tripsource.com\/pt-br\/download\/#primaryimage\"},\"thumbnailUrl\":\"https:\/\/tripsource.com\/wp-content\/themes\/bootstrap-basic\/img\/app_award_pt.jpg\",\"datePublished\":\"2015-10-07T17:49:31+00:00\",\"dateModified\":\"2017-03-16T23:15:31+00:00\",\"breadcrumb\":{\"@id\":\"https:\/\/tripsource.com\/pt-br\/download\/#breadcrumb\"},\"inLanguage\":\"pt-BR\",\"potentialAction\":[{\"@type\":\"ReadAction\",\"target\":[\"https:\/\/tripsource.com\/pt-br\/download\/\"]}]},{\"@type\":\"ImageObject\",\"inLanguage\":\"pt-BR\",\"@id\":\"https:\/\/tripsource.com\/pt-br\/download\/#primaryimage\",\"url\":\"https:\/\/tripsource.com\/wp-content\/themes\/bootstrap-basic\/img\/app_award_pt.jpg\",\"contentUrl\":\"https:\/\/tripsource.com\/wp-content\/themes\/bootstrap-basic\/img\/app_award_pt.jpg\"},{\"@type\":\"BreadcrumbList\",\"@id\":\"https:\/\/tripsource.com\/pt-br\/download\/#breadcrumb\",\"itemListElement\":[{\"@type\":\"ListItem\",\"position\":1,\"name\":\"Home\",\"item\":\"https:\/\/tripsource.com\/pt-br\/\"},{\"@type\":\"ListItem\",\"position\":2,\"name\":\"Download\"}]},{\"@type\":\"WebSite\",\"@id\":\"https:\/\/tripsource.com\/#website\",\"url\":\"https:\/\/tripsource.com\/\",\"name\":\"TripSource\",\"description\":\"Convenient Corporate Travel\",\"potentialAction\":[{\"@type\":\"SearchAction\",\"target\":{\"@type\":\"EntryPoint\",\"urlTemplate\":\"https:\/\/tripsource.com\/?s={search_term_string}\"},\"query-input\":{\"@type\":\"PropertyValueSpecification\",\"valueRequired\":true,\"valueName\":\"search_term_string\"}}],\"inLanguage\":\"pt-BR\"}]}<\/script>\n<!-- \/ Yoast SEO plugin. -->","yoast_head_json":{"title":"Download - TripSource","robots":{"index":"index","follow":"follow","max-snippet":"max-snippet:-1","max-image-preview":"max-image-preview:large","max-video-preview":"max-video-preview:-1"},"canonical":"https:\/\/tripsource.com\/pt-br\/download\/","og_locale":"pt_BR","og_type":"article","og_title":"Download - TripSource","og_description":"Escolha sua plataforma: Leve com voc\u00ea! O TripSource tamb\u00e9m est\u00e1 dispon\u00edvel como aplicativo para dispositivos iPhone e Android. Todos os seus itiner\u00e1rios da BCD Travel, incluindo voos, hot\u00e9is e traslados terrestres \u2013 tudo sincronizado automaticamente Situa\u00e7\u00f5es de voo e alertas de altera\u00e7\u00e3o de port\u00e3o de embarque em tempo real Mapas e dire\u00e7\u00f5es para ajud\u00e1-lo a &hellip;","og_url":"https:\/\/tripsource.com\/pt-br\/download\/","og_site_name":"TripSource","article_modified_time":"2017-03-16T23:15:31+00:00","og_image":[{"url":"https:\/\/tripsource.com\/wp-content\/themes\/bootstrap-basic\/img\/app_award_pt.jpg","type":"","width":"","height":""}],"twitter_card":"summary_large_image","twitter_misc":{"Est. tempo de leitura":"1 minuto"},"schema":{"@context":"https:\/\/schema.org","@graph":[{"@type":"WebPage","@id":"https:\/\/tripsource.com\/pt-br\/download\/","url":"https:\/\/tripsource.com\/pt-br\/download\/","name":"Download - TripSource","isPartOf":{"@id":"https:\/\/tripsource.com\/#website"},"primaryImageOfPage":{"@id":"https:\/\/tripsource.com\/pt-br\/download\/#primaryimage"},"image":{"@id":"https:\/\/tripsource.com\/pt-br\/download\/#primaryimage"},"thumbnailUrl":"https:\/\/tripsource.com\/wp-content\/themes\/bootstrap-basic\/img\/app_award_pt.jpg","datePublished":"2015-10-07T17:49:31+00:00","dateModified":"2017-03-16T23:15:31+00:00","breadcrumb":{"@id":"https:\/\/tripsource.com\/pt-br\/download\/#breadcrumb"},"inLanguage":"pt-BR","potentialAction":[{"@type":"ReadAction","target":["https:\/\/tripsource.com\/pt-br\/download\/"]}]},{"@type":"ImageObject","inLanguage":"pt-BR","@id":"https:\/\/tripsource.com\/pt-br\/download\/#primaryimage","url":"https:\/\/tripsource.com\/wp-content\/themes\/bootstrap-basic\/img\/app_award_pt.jpg","contentUrl":"https:\/\/tripsource.com\/wp-content\/themes\/bootstrap-basic\/img\/app_award_pt.jpg"},{"@type":"BreadcrumbList","@id":"https:\/\/tripsource.com\/pt-br\/download\/#breadcrumb","itemListElement":[{"@type":"ListItem","position":1,"name":"Home","item":"https:\/\/tripsource.com\/pt-br\/"},{"@type":"ListItem","position":2,"name":"Download"}]},{"@type":"WebSite","@id":"https:\/\/tripsource.com\/#website","url":"https:\/\/tripsource.com\/","name":"TripSource","description":"Convenient Corporate Travel","potentialAction":[{"@type":"SearchAction","target":{"@type":"EntryPoint","urlTemplate":"https:\/\/tripsource.com\/?s={search_term_string}"},"query-input":{"@type":"PropertyValueSpecification","valueRequired":true,"valueName":"search_term_string"}}],"inLanguage":"pt-BR"}]}},"_links":{"self":[{"href":"https:\/\/tripsource.com\/pt-br\/wp-json\/wp\/v2\/pages\/427","targetHints":{"allow":["GET"]}}],"collection":[{"href":"https:\/\/tripsource.com\/pt-br\/wp-json\/wp\/v2\/pages"}],"about":[{"href":"https:\/\/tripsource.com\/pt-br\/wp-json\/wp\/v2\/types\/page"}],"author":[{"embeddable":true,"href":"https:\/\/tripsource.com\/pt-br\/wp-json\/wp\/v2\/users\/6"}],"replies":[{"embeddable":true,"href":"https:\/\/tripsource.com\/pt-br\/wp-json\/wp\/v2\/comments?post=427"}],"version-history":[{"count":0,"href":"https:\/\/tripsource.com\/pt-br\/wp-json\/wp\/v2\/pages\/427\/revisions"}],"wp:attachment":[{"href":"https:\/\/tripsource.com\/pt-br\/wp-json\/wp\/v2\/media?parent=427"}],"curies":[{"name":"wp","href":"https:\/\/api.w.org\/{rel}","templated":true}]}}