{"id":396,"date":"2015-10-02T16:17:58","date_gmt":"2015-10-02T20:17:58","guid":{"rendered":"http:\/\/tripsource.com\/pt-br\/quickfacts\/"},"modified":"2016-12-15T17:08:36","modified_gmt":"2016-12-15T21:08:36","slug":"quickfacts","status":"publish","type":"page","link":"https:\/\/tripsource.com\/pt-br\/quickfacts\/","title":{"rendered":"Fatos r\u00e1pidos do TripSource<sup>\u00ae<\/sup>"},"content":{"rendered":"<div class=\"home_float_1\">\n<h2 class=\"highlighted_features_headline\">Recursos de destaque<\/h2>\n<div class=\"indent\">\n<ul class=\"highlighted_features_list\">\n<li>Gest\u00e3o de itiner\u00e1rio<\/li>\n<li>Compartilhamento de itiner\u00e1rio<\/li>\n<li>Importar itiner\u00e1rios de outras fontes<\/li>\n<li>Inclus\u00e3o de itens na viagem<\/li>\n<li>T\u00edtulos de viagem personalizados<\/li>\n<li>Mapas e dire\u00e7\u00f5es<\/li>\n<li>Alertas e mensagens<\/li>\n<li>Ofertas e recompensas<br \/>(em mercados selecionados)<\/li>\n<li>Dispon\u00edvel nos idiomas alem\u00e3o, espanhol, franc\u00eas, ingl\u00eas e portugu\u00eas brasileiro.<\/li>\n<\/ul>\n<h2>Confira sempre a disponibilidade de novos recursos. Em breve!<\/h2>\n<ul class=\"coming_soon_list\">\n<li>&#x27a1; &nbsp; Bate-papo com agente<\/li>\n<li>&#x27a1; &nbsp; Reserva de hotel<\/li>\n<li>&#x27a1; &nbsp; Alertas e mensagens espec\u00edficos da empresa<\/li>\n<li>&#x27a1; &nbsp; E muito mais&hellip;<\/li>\n<\/ul>\n<\/div>\n<\/div>\n<div class=\"home_float_2\">\n<h2 class=\"availability_headline\">Disponibilidade<\/h2>\n<div class=\"indent\">\n<div>Atualmente, o TripSource est\u00e1 dispon\u00edvel na iTunes App Store, na Google Play Store e pela internet nos seguintes mercados:<\/div>\n<div class=\"coming_soon_countries_1\">\n<ul class=\"current_countries\">\n<li class='flag flag_Algeria'>Arg\u00e9lia<\/li>\n<li class='flag flag_Argentina'>Argentina<\/li>\n<li class='flag flag_Australia'>Austr\u00e1lia<\/li>\n<li class='flag flag_Azerbaijan'>Azerbaij\u00e3o<\/li>\n<li class='flag flag_Bahrain'>Bahrain<\/li>\n<li class='flag flag_Belgium'>B\u00e9lgica<\/li>\n<li class='flag flag_Bolivia'>Bol\u00edvia<\/li>\n<li class='flag flag_Botswana'>Botswana<\/li>\n<li class='flag flag_Brazil'>Brasil<\/li>\n<li class='flag flag_Bulgaria'>Bulg\u00e1ria<\/li>\n<li class='flag flag_Cambodia'>Camboja<\/li>\n<li class='flag flag_Canada'>Canad\u00e1<\/li>\n<li class='flag flag_Chile'>Chile<\/li>\n<li class='flag flag_Colombia'>Col\u00f4mbia<\/li>\n<li class='flag flag_CostaRica'>Costa Rica<\/li>\n<li class='flag flag_Croatia'>Cro\u00e1cia<\/li>\n<li class='flag flag_Denmark'>Dinamarca<\/li>\n<li class='flag flag_DominicanRepublic'>Rep\u00fablica Dominicana<\/li>\n<li class='flag flag_Egypt'>Egito<\/li>\n<li class='flag flag_ElSalvador'>El Salvador<\/li>\n<li class='flag flag_Estonia'>Est\u00f4nia<\/li>\n<li class='flag flag_Finland'>Finl\u00e2ndia<\/li>\n<li class='flag flag_France'>Fran\u00e7a<\/li>\n<li class='flag flag_Germany'>Alemanha<\/li>\n<li class='flag flag_Ghana'>Gana<\/li>\n<li class='flag flag_Greece'>Gr\u00e9cia<\/li>\n<li class='flag flag_Hong_Kong'>Hong Kong<\/li>\n<li class='flag flag_Hungary'>Hungria<\/li>\n<li class='flag flag_India'>\u00cdndia<\/li>\n<li class='flag flag_Indonesia'>Indon\u00e9sia<\/li>\n<li class='flag flag_Ireland'>Irlanda<\/li>\n<li class='flag flag_Italy'>It\u00e1lia<\/li>\n<li class='flag flag_Ivory_Coast'>Costa do Marfim<\/li>\n<li class='flag flag_Japan'>Jap\u00e3o<\/li>\n<li class='flag flag_Jordan'>Jord\u00e2nia<\/li>\n<li class='flag flag_Kenya'>Qu\u00eania<\/li>\n<li class='flag flag_Kuwait'>Kuweit<\/li>\n<li class='flag flag_Latvia'>Let\u00f4nia<\/li>\n<li class='flag flag_Lithuania'>Litu\u00e2nia<\/li>\n<li class='flag flag_Luxembourg'>Luxemburgo<\/li>\n<li class='flag flag_Madagascar'>Madag\u00e1scar<\/li>\n<li class='flag flag_Malaysia'>Mal\u00e1sia<\/li>\n<\/ul>\n<\/div>\n<div class=\"coming_soon_countries_2\">\n<ul class=\"current_countries\">\n<li class='flag flag_Mauritius'>Mauritius<\/li>\n<li class='flag flag_Mexico'>M\u00e9xico<\/li>\n<li class='flag flag_Morocco'>Marrocos<\/li>\n<li class='flag flag_Mozambique'>Mo\u00e7ambique<\/li>\n<li class='flag flag_Namibia'>Nam\u00edbia<\/li>\n<li class='flag flag_Netherlands'>pa\u00edses Baixos<\/li>\n<li class='flag flag_NewZealand'>Nova Zel\u00e2ndia<\/li>\n<li class='flag flag_Nigeria'>Nig\u00e9ria<\/li>\n<li class='flag flag_Norway'>Noruega<\/li>\n<li class='flag flag_Oman'>Om\u00e3<\/li>\n<li class='flag flag_Pakistan'>Paquist\u00e3o<\/li>\n<li class='flag flag_Panama'>Panam\u00e1<\/li>\n<li class='flag flag_Peru'>Peru<\/li>\n<li class='flag flag_Philippines'>Filipinas<\/li>\n<li class='flag flag_Poland'>Pol\u00f4nia<\/li>\n<li class='flag flag_Qatar'>Catar<\/li>\n<li class='flag flag_Romania'>Rom\u00eania<\/li>\n<li class='flag flag_Senegal'>Senegal<\/li>\n<li class='flag flag_Serbia'>S\u00e9rvia<\/li>\n<li class='flag flag_Singapore'>Cingapura<\/li>\n<li class='flag flag_Slovakia'>Eslov\u00e1quia<\/li>\n<li class='flag flag_Slovenia'>Eslovenia<\/li>\n<li class='flag flag_SouthAfrica'>\u00c1frica do Sul<\/li>\n<li class='flag flag_SouthKorea'>Coreia do Sul<\/li>\n<li class='flag flag_SriLanka'>Sri Lanka<\/li>\n<li class='flag flag_Sweden'>Su\u00e9cia<\/li>\n<li class='flag flag_Switzerland'>Su\u00ed\u00e7a<\/li>\n<li class='flag flag_Taiwan'>Taiwan<\/li>\n<li class='flag flag_Tanzania'>Tanz\u00e2nia<\/li>\n<li class='flag flag_Thailand'>Tail\u00e2ndia<\/li>\n<li class='flag flag_Turkey'>Turquia<\/li>\n<li class='flag flag_Uganda'>Uganda<\/li>\n<li class='flag flag_UK'>Reino Unido<\/li>\n<li class='flag flag_Ukraine'>Ucr\u00e2nia<\/li>\n<li class='flag flag_UnitedArabEmirates'>Emirados \u00c1rabes Unidos<\/li>\n<li class='flag flag_United_States'>Estados Unidos<\/li>\n<li class='flag flag_Uruguay'>Uruguai<\/li>\n<li class='flag flag_Uzbekistan'>Uzbequist\u00e3o<\/li>\n<li class='flag flag_Venezuela'>Venezuela<\/li>\n<li class='flag flag_Vietnam'>Vietn\u00e3<\/li>\n<li class='flag flag_Zambia'>Z\u00e2mbia<\/li>\n<li class='flag flag_Zimbabwe'>Zimb\u00e1bue<\/li>\n<\/ul>\n<\/div>\n<\/div>\n<div class=\"indent\">\n<h2 style=\"clear: both;\">Plataformas<\/h2>\n<p>Aplicativo iOS dispon\u00edvel na <a href='https:\/\/itunes.apple.com\/br\/app\/apple-store\/id710472405?pt=2098455&amp;ct=tripsourcemarketingwebsite&amp;mt=8'>App Store<\/a><\/p>\n<p>Aplicativo Android dispon\u00edvel no <a href='https:\/\/play.google.com\/store\/apps\/details?id=com.mttnow.android.bcd.production&amp;hl=pt&amp;referrer=utm_source%3DBCD%26utm_campaign%3DTripSource%2520Marketing%2520Website'>Google Play<\/a><\/p>\n<p>Dispon\u00edvel na internet em <a href=\"http:\/\/mytrips.tripsource.com\">mytrips.tripsource.com<\/a><\/p>\n<\/div>\n<\/div>\n","protected":false},"excerpt":{"rendered":"<p>Recursos de destaque Gest\u00e3o de itiner\u00e1rio Compartilhamento de itiner\u00e1rio Importar itiner\u00e1rios de outras fontes Inclus\u00e3o de itens na viagem T\u00edtulos de viagem personalizados Mapas e dire\u00e7\u00f5es Alertas e mensagens Ofertas e recompensas(em mercados selecionados) Dispon\u00edvel nos idiomas alem\u00e3o, espanhol, franc\u00eas, ingl\u00eas e portugu\u00eas brasileiro. Confira sempre a disponibilidade de novos recursos. Em breve! &#x27a1; &nbsp; &hellip;<\/p>\n","protected":false},"author":6,"featured_media":0,"parent":0,"menu_order":130,"comment_status":"closed","ping_status":"closed","template":"","meta":{"_acf_changed":false,"inline_featured_image":false,"footnotes":""},"class_list":["post-396","page","type-page","status-publish","hentry"],"acf":[],"yoast_head":"<!-- This site is optimized with the Yoast SEO plugin v26.9 - https:\/\/yoast.com\/product\/yoast-seo-wordpress\/ -->\n<title>Fatos r\u00e1pidos do TripSource\u00ae - TripSource<\/title>\n<meta name=\"robots\" content=\"index, follow, max-snippet:-1, max-image-preview:large, max-video-preview:-1\" \/>\n<link rel=\"canonical\" href=\"https:\/\/tripsource.com\/pt-br\/quickfacts\/\" \/>\n<meta property=\"og:locale\" content=\"pt_BR\" \/>\n<meta property=\"og:type\" content=\"article\" \/>\n<meta property=\"og:title\" content=\"Fatos r\u00e1pidos do TripSource\u00ae - TripSource\" \/>\n<meta property=\"og:description\" content=\"Recursos de destaque Gest\u00e3o de itiner\u00e1rio Compartilhamento de itiner\u00e1rio Importar itiner\u00e1rios de outras fontes Inclus\u00e3o de itens na viagem T\u00edtulos de viagem personalizados Mapas e dire\u00e7\u00f5es Alertas e mensagens Ofertas e recompensas(em mercados selecionados) Dispon\u00edvel nos idiomas alem\u00e3o, espanhol, franc\u00eas, ingl\u00eas e portugu\u00eas brasileiro. Confira sempre a disponibilidade de novos recursos. Em breve! &#x27a1; &nbsp; &hellip;\" \/>\n<meta property=\"og:url\" content=\"https:\/\/tripsource.com\/pt-br\/quickfacts\/\" \/>\n<meta property=\"og:site_name\" content=\"TripSource\" \/>\n<meta property=\"article:modified_time\" content=\"2016-12-15T21:08:36+00:00\" \/>\n<meta name=\"twitter:card\" content=\"summary_large_image\" \/>\n<meta name=\"twitter:label1\" content=\"Est. tempo de leitura\" \/>\n\t<meta name=\"twitter:data1\" content=\"1 minuto\" \/>\n<script type=\"application\/ld+json\" class=\"yoast-schema-graph\">{\"@context\":\"https:\/\/schema.org\",\"@graph\":[{\"@type\":\"WebPage\",\"@id\":\"https:\/\/tripsource.com\/pt-br\/quickfacts\/\",\"url\":\"https:\/\/tripsource.com\/pt-br\/quickfacts\/\",\"name\":\"Fatos r\u00e1pidos do TripSource\u00ae - TripSource\",\"isPartOf\":{\"@id\":\"https:\/\/tripsource.com\/#website\"},\"datePublished\":\"2015-10-02T20:17:58+00:00\",\"dateModified\":\"2016-12-15T21:08:36+00:00\",\"breadcrumb\":{\"@id\":\"https:\/\/tripsource.com\/pt-br\/quickfacts\/#breadcrumb\"},\"inLanguage\":\"pt-BR\",\"potentialAction\":[{\"@type\":\"ReadAction\",\"target\":[\"https:\/\/tripsource.com\/pt-br\/quickfacts\/\"]}]},{\"@type\":\"BreadcrumbList\",\"@id\":\"https:\/\/tripsource.com\/pt-br\/quickfacts\/#breadcrumb\",\"itemListElement\":[{\"@type\":\"ListItem\",\"position\":1,\"name\":\"Home\",\"item\":\"https:\/\/tripsource.com\/pt-br\/\"},{\"@type\":\"ListItem\",\"position\":2,\"name\":\"Fatos r\u00e1pidos do TripSource\u00ae\"}]},{\"@type\":\"WebSite\",\"@id\":\"https:\/\/tripsource.com\/#website\",\"url\":\"https:\/\/tripsource.com\/\",\"name\":\"TripSource\",\"description\":\"Convenient Corporate Travel\",\"potentialAction\":[{\"@type\":\"SearchAction\",\"target\":{\"@type\":\"EntryPoint\",\"urlTemplate\":\"https:\/\/tripsource.com\/?s={search_term_string}\"},\"query-input\":{\"@type\":\"PropertyValueSpecification\",\"valueRequired\":true,\"valueName\":\"search_term_string\"}}],\"inLanguage\":\"pt-BR\"}]}<\/script>\n<!-- \/ Yoast SEO plugin. -->","yoast_head_json":{"title":"Fatos r\u00e1pidos do TripSource\u00ae - TripSource","robots":{"index":"index","follow":"follow","max-snippet":"max-snippet:-1","max-image-preview":"max-image-preview:large","max-video-preview":"max-video-preview:-1"},"canonical":"https:\/\/tripsource.com\/pt-br\/quickfacts\/","og_locale":"pt_BR","og_type":"article","og_title":"Fatos r\u00e1pidos do TripSource\u00ae - TripSource","og_description":"Recursos de destaque Gest\u00e3o de itiner\u00e1rio Compartilhamento de itiner\u00e1rio Importar itiner\u00e1rios de outras fontes Inclus\u00e3o de itens na viagem T\u00edtulos de viagem personalizados Mapas e dire\u00e7\u00f5es Alertas e mensagens Ofertas e recompensas(em mercados selecionados) Dispon\u00edvel nos idiomas alem\u00e3o, espanhol, franc\u00eas, ingl\u00eas e portugu\u00eas brasileiro. Confira sempre a disponibilidade de novos recursos. Em breve! &#x27a1; &nbsp; &hellip;","og_url":"https:\/\/tripsource.com\/pt-br\/quickfacts\/","og_site_name":"TripSource","article_modified_time":"2016-12-15T21:08:36+00:00","twitter_card":"summary_large_image","twitter_misc":{"Est. tempo de leitura":"1 minuto"},"schema":{"@context":"https:\/\/schema.org","@graph":[{"@type":"WebPage","@id":"https:\/\/tripsource.com\/pt-br\/quickfacts\/","url":"https:\/\/tripsource.com\/pt-br\/quickfacts\/","name":"Fatos r\u00e1pidos do TripSource\u00ae - TripSource","isPartOf":{"@id":"https:\/\/tripsource.com\/#website"},"datePublished":"2015-10-02T20:17:58+00:00","dateModified":"2016-12-15T21:08:36+00:00","breadcrumb":{"@id":"https:\/\/tripsource.com\/pt-br\/quickfacts\/#breadcrumb"},"inLanguage":"pt-BR","potentialAction":[{"@type":"ReadAction","target":["https:\/\/tripsource.com\/pt-br\/quickfacts\/"]}]},{"@type":"BreadcrumbList","@id":"https:\/\/tripsource.com\/pt-br\/quickfacts\/#breadcrumb","itemListElement":[{"@type":"ListItem","position":1,"name":"Home","item":"https:\/\/tripsource.com\/pt-br\/"},{"@type":"ListItem","position":2,"name":"Fatos r\u00e1pidos do TripSource\u00ae"}]},{"@type":"WebSite","@id":"https:\/\/tripsource.com\/#website","url":"https:\/\/tripsource.com\/","name":"TripSource","description":"Convenient Corporate Travel","potentialAction":[{"@type":"SearchAction","target":{"@type":"EntryPoint","urlTemplate":"https:\/\/tripsource.com\/?s={search_term_string}"},"query-input":{"@type":"PropertyValueSpecification","valueRequired":true,"valueName":"search_term_string"}}],"inLanguage":"pt-BR"}]}},"_links":{"self":[{"href":"https:\/\/tripsource.com\/pt-br\/wp-json\/wp\/v2\/pages\/396","targetHints":{"allow":["GET"]}}],"collection":[{"href":"https:\/\/tripsource.com\/pt-br\/wp-json\/wp\/v2\/pages"}],"about":[{"href":"https:\/\/tripsource.com\/pt-br\/wp-json\/wp\/v2\/types\/page"}],"author":[{"embeddable":true,"href":"https:\/\/tripsource.com\/pt-br\/wp-json\/wp\/v2\/users\/6"}],"replies":[{"embeddable":true,"href":"https:\/\/tripsource.com\/pt-br\/wp-json\/wp\/v2\/comments?post=396"}],"version-history":[{"count":0,"href":"https:\/\/tripsource.com\/pt-br\/wp-json\/wp\/v2\/pages\/396\/revisions"}],"wp:attachment":[{"href":"https:\/\/tripsource.com\/pt-br\/wp-json\/wp\/v2\/media?parent=396"}],"curies":[{"name":"wp","href":"https:\/\/api.w.org\/{rel}","templated":true}]}}