{"id":1751,"date":"2018-01-24T16:07:23","date_gmt":"2018-01-24T20:07:23","guid":{"rendered":"https:\/\/tripsource.com\/?page_id=1751\/"},"modified":"2018-04-04T09:49:02","modified_gmt":"2018-04-04T13:49:02","slug":"introduction","status":"publish","type":"page","link":"https:\/\/tripsource.com\/pt-br\/introduction\/","title":{"rendered":"Introdu\u00e7\u00e3o ao TripSource"},"content":{"rendered":"<div class=\"welcome_kit_hero\">\n<div class=\"welcome_kit_gradient\">\n<div class=\"welcome_kit_hero_text welcome_kit_limit_width\">\n<div class=\"welcome_kit_hero_text_inner\">\n<div class=\"welcome_kit_hero_text_tagline\">Coloque todo o poder da viagem nas m\u00e3os dos viajantes<\/div>\n<p>Mais que simplesmente um aplicativo de itiner\u00e1rio de viagens, o TripSource mant\u00e9m seus viajantes seguros, eficientes e em conformidade com o programa da sua empresa.<\/p>\n<div class=\"clearfix\"><\/div>\n<\/div>\n<\/div>\n<\/div>\n<\/div>\n<div class=\"welcome_kit_features\">\n<div class=\"welcome_kit_limit_width\">\n<div class=\"welcome_kit_features_intro\">Quando voc\u00ea apresentar o TripSource a seus viajantes, eis o que <span style=\"white-space: nowrap;\">eles encontrar\u00e3o:<\/span><\/div>\n<div class=\"welcome_kit_features_col welcome_kit_features_col_1\">\n<div class=\"welcome_kit_features_icon\"><\/div>\n<h2>Gest\u00e3o de viagens din\u00e2mica<\/h2>\n<p>Os viajantes se mant\u00eam organizados e no controle com acesso f\u00e1cil aos detalhes de suas viagens, recibos, comunica\u00e7\u00f5es pr\u00e9-viagem, alertas sobre voos e muito mais.<\/p><\/div>\n<div class=\"welcome_kit_features_col welcome_kit_features_col_2\">\n<div class=\"welcome_kit_features_icon\"><\/div>\n<h2>Comunica\u00e7\u00e3o inteligente<\/h2>\n<p>Quando ocorrer uma mudan\u00e7a no itiner\u00e1rio ou algum incidente, tenha a tranquilidade de saber que seus viajantes ser\u00e3o sempre avisados.<\/p><\/div>\n<div class=\"welcome_kit_features_col welcome_kit_features_col_3\">\n<div class=\"welcome_kit_features_icon\"><\/div>\n<h2>Compras e reservas<\/h2>\n<p>Nosso recurso de reserva de hot\u00e9is oferece aos viajantes os quartos que eles desejam e nas melhores tarifas. \u00c9 t\u00e3o f\u00e1cil que eles podem reservar dentro do programa em menos de dois minutos.<\/p><\/div>\n<div class=\"welcome_kit_features_col welcome_kit_features_col_4\">\n<div class=\"welcome_kit_features_icon\"><\/div>\n<h2>Orienta\u00e7\u00f5es sobre pol\u00edticas<\/h2>\n<p>Estejam onde estiverem, seus viajantes t\u00eam sempre acesso a informa\u00e7\u00f5es relevantes da sua empresa.<\/p><\/div>\n<div class=\"clearfix\"><\/div>\n<\/div>\n<\/div>\n<div class=\"welcome_kit_guide\">\n<div class=\"welcome_kit_gradient\">\n<div class=\"welcome_kit_guide_text welcome_kit_limit_width\">\n<div class=\"welcome_kit_guide_text_inner\">\n<h2>\u00c9 muito f\u00e1cil come\u00e7ar<\/h2>\n<div class=\"welcome_kit_guide_col\">\n<div class=\"welcome_kit_guide_intro\">Depois que seu gestor de contas da BCD estiver com todas as suas informa\u00e7\u00f5es, definiremos suas prefer\u00eancias no TripSource para que os viajantes vejam o conte\u00fado da sua empresa. <strong>Para come\u00e7ar, s\u00f3 precisamos que voc\u00ea tome algumas provid\u00eancias:<\/strong><\/div>\n<div class=\"welcome_kit_guide_step\">1.\u00ba passo<\/div>\n<p>Pe\u00e7a \u00e0 sua equipe de TI para adicionar os dom\u00ednios do TripSource na lista de remetentes autorizados. Encontre uma lista desses dom\u00ednios <a class=\"collapsed\" href=\"#collapse1ooo\" data-toggle=\"collapse\" aria-expanded=\"false\">aqui<\/a>.<\/p>\n<div id=\"collapse1ooo\" class=\"panel-collapse collapse\" aria-expanded=\"true\" style=\"\">\n<strong>Para cadastro:<\/strong> info.tripsource.com ou 146.20.191.161<br \/>\n<strong>Para o site:<\/strong> mytrips.tripsource.com<br \/>\n<strong>Para comunicados por e-mail:<\/strong> @tripsource.com, @support.tripsource.com, @notification.tripsource.com\n<\/div>\n<div class=\"welcome_kit_guide_step\">2.\u00ba passo<\/div>\n<p>N\u00f3s apresentaremos o TripSource a seus viajantes*. Voc\u00ea pode prestar suporte adicional, acessar nossos <a href=\"https:\/\/tripsource.com\/pt-br\/marketing\/\">recursos de marketing<\/a> e utiliz\u00e1-los para se comunicar com os viajantes.<\/p>\n<div class=\"welcome_kit_guide_step\">3.\u00ba passo<\/div>\n<p>Converse com seu gestor de contas sobre os pr\u00f3ximos passos para configurar mensagens, a pol\u00edtica, pesquisas, hot\u00e9is preferenciais, limites tarif\u00e1rios e locais de escrit\u00f3rio da sua empresa no TripSource.<\/p><\/div>\n<div class=\"welcome_kit_guide_footnote\">*Viajantes que tenham alguma viagem programada recebem automaticamente um e-mail de introdu\u00e7\u00e3o <span style=\"white-space: nowrap;\">ao TripSource.<\/span><\/div>\n<\/div>\n<\/div>\n","protected":false},"excerpt":{"rendered":"<p>Coloque todo o poder da viagem nas m\u00e3os dos viajantes Mais que simplesmente um aplicativo de itiner\u00e1rio de viagens, o TripSource mant\u00e9m seus viajantes seguros, eficientes e em conformidade com o programa da sua empresa. Quando voc\u00ea apresentar o TripSource a seus viajantes, eis o que eles encontrar\u00e3o: Gest\u00e3o de viagens din\u00e2mica Os viajantes se &hellip;<\/p>\n","protected":false},"author":6,"featured_media":0,"parent":0,"menu_order":64,"comment_status":"closed","ping_status":"closed","template":"","meta":{"_acf_changed":false,"inline_featured_image":false,"footnotes":""},"class_list":["post-1751","page","type-page","status-publish","hentry"],"acf":[],"yoast_head":"<!-- This site is optimized with the Yoast SEO plugin v26.9 - https:\/\/yoast.com\/product\/yoast-seo-wordpress\/ -->\n<title>Introdu\u00e7\u00e3o ao TripSource - TripSource<\/title>\n<meta name=\"robots\" content=\"index, follow, max-snippet:-1, max-image-preview:large, max-video-preview:-1\" \/>\n<link rel=\"canonical\" href=\"https:\/\/tripsource.com\/pt-br\/introduction\/\" \/>\n<meta property=\"og:locale\" content=\"pt_BR\" \/>\n<meta property=\"og:type\" content=\"article\" \/>\n<meta property=\"og:title\" content=\"Introdu\u00e7\u00e3o ao TripSource - TripSource\" \/>\n<meta property=\"og:description\" content=\"Coloque todo o poder da viagem nas m\u00e3os dos viajantes Mais que simplesmente um aplicativo de itiner\u00e1rio de viagens, o TripSource mant\u00e9m seus viajantes seguros, eficientes e em conformidade com o programa da sua empresa. Quando voc\u00ea apresentar o TripSource a seus viajantes, eis o que eles encontrar\u00e3o: Gest\u00e3o de viagens din\u00e2mica Os viajantes se &hellip;\" \/>\n<meta property=\"og:url\" content=\"https:\/\/tripsource.com\/pt-br\/introduction\/\" \/>\n<meta property=\"og:site_name\" content=\"TripSource\" \/>\n<meta property=\"article:modified_time\" content=\"2018-04-04T13:49:02+00:00\" \/>\n<meta name=\"twitter:card\" content=\"summary_large_image\" \/>\n<meta name=\"twitter:label1\" content=\"Est. tempo de leitura\" \/>\n\t<meta name=\"twitter:data1\" content=\"2 minutos\" \/>\n<script type=\"application\/ld+json\" class=\"yoast-schema-graph\">{\"@context\":\"https:\/\/schema.org\",\"@graph\":[{\"@type\":\"WebPage\",\"@id\":\"https:\/\/tripsource.com\/pt-br\/introduction\/\",\"url\":\"https:\/\/tripsource.com\/pt-br\/introduction\/\",\"name\":\"Introdu\u00e7\u00e3o ao TripSource - TripSource\",\"isPartOf\":{\"@id\":\"https:\/\/tripsource.com\/#website\"},\"datePublished\":\"2018-01-24T20:07:23+00:00\",\"dateModified\":\"2018-04-04T13:49:02+00:00\",\"breadcrumb\":{\"@id\":\"https:\/\/tripsource.com\/pt-br\/introduction\/#breadcrumb\"},\"inLanguage\":\"pt-BR\",\"potentialAction\":[{\"@type\":\"ReadAction\",\"target\":[\"https:\/\/tripsource.com\/pt-br\/introduction\/\"]}]},{\"@type\":\"BreadcrumbList\",\"@id\":\"https:\/\/tripsource.com\/pt-br\/introduction\/#breadcrumb\",\"itemListElement\":[{\"@type\":\"ListItem\",\"position\":1,\"name\":\"Home\",\"item\":\"https:\/\/tripsource.com\/pt-br\/\"},{\"@type\":\"ListItem\",\"position\":2,\"name\":\"Introdu\u00e7\u00e3o ao TripSource\"}]},{\"@type\":\"WebSite\",\"@id\":\"https:\/\/tripsource.com\/#website\",\"url\":\"https:\/\/tripsource.com\/\",\"name\":\"TripSource\",\"description\":\"Convenient Corporate Travel\",\"potentialAction\":[{\"@type\":\"SearchAction\",\"target\":{\"@type\":\"EntryPoint\",\"urlTemplate\":\"https:\/\/tripsource.com\/?s={search_term_string}\"},\"query-input\":{\"@type\":\"PropertyValueSpecification\",\"valueRequired\":true,\"valueName\":\"search_term_string\"}}],\"inLanguage\":\"pt-BR\"}]}<\/script>\n<!-- \/ Yoast SEO plugin. -->","yoast_head_json":{"title":"Introdu\u00e7\u00e3o ao TripSource - TripSource","robots":{"index":"index","follow":"follow","max-snippet":"max-snippet:-1","max-image-preview":"max-image-preview:large","max-video-preview":"max-video-preview:-1"},"canonical":"https:\/\/tripsource.com\/pt-br\/introduction\/","og_locale":"pt_BR","og_type":"article","og_title":"Introdu\u00e7\u00e3o ao TripSource - TripSource","og_description":"Coloque todo o poder da viagem nas m\u00e3os dos viajantes Mais que simplesmente um aplicativo de itiner\u00e1rio de viagens, o TripSource mant\u00e9m seus viajantes seguros, eficientes e em conformidade com o programa da sua empresa. Quando voc\u00ea apresentar o TripSource a seus viajantes, eis o que eles encontrar\u00e3o: Gest\u00e3o de viagens din\u00e2mica Os viajantes se &hellip;","og_url":"https:\/\/tripsource.com\/pt-br\/introduction\/","og_site_name":"TripSource","article_modified_time":"2018-04-04T13:49:02+00:00","twitter_card":"summary_large_image","twitter_misc":{"Est. tempo de leitura":"2 minutos"},"schema":{"@context":"https:\/\/schema.org","@graph":[{"@type":"WebPage","@id":"https:\/\/tripsource.com\/pt-br\/introduction\/","url":"https:\/\/tripsource.com\/pt-br\/introduction\/","name":"Introdu\u00e7\u00e3o ao TripSource - TripSource","isPartOf":{"@id":"https:\/\/tripsource.com\/#website"},"datePublished":"2018-01-24T20:07:23+00:00","dateModified":"2018-04-04T13:49:02+00:00","breadcrumb":{"@id":"https:\/\/tripsource.com\/pt-br\/introduction\/#breadcrumb"},"inLanguage":"pt-BR","potentialAction":[{"@type":"ReadAction","target":["https:\/\/tripsource.com\/pt-br\/introduction\/"]}]},{"@type":"BreadcrumbList","@id":"https:\/\/tripsource.com\/pt-br\/introduction\/#breadcrumb","itemListElement":[{"@type":"ListItem","position":1,"name":"Home","item":"https:\/\/tripsource.com\/pt-br\/"},{"@type":"ListItem","position":2,"name":"Introdu\u00e7\u00e3o ao TripSource"}]},{"@type":"WebSite","@id":"https:\/\/tripsource.com\/#website","url":"https:\/\/tripsource.com\/","name":"TripSource","description":"Convenient Corporate Travel","potentialAction":[{"@type":"SearchAction","target":{"@type":"EntryPoint","urlTemplate":"https:\/\/tripsource.com\/?s={search_term_string}"},"query-input":{"@type":"PropertyValueSpecification","valueRequired":true,"valueName":"search_term_string"}}],"inLanguage":"pt-BR"}]}},"_links":{"self":[{"href":"https:\/\/tripsource.com\/pt-br\/wp-json\/wp\/v2\/pages\/1751","targetHints":{"allow":["GET"]}}],"collection":[{"href":"https:\/\/tripsource.com\/pt-br\/wp-json\/wp\/v2\/pages"}],"about":[{"href":"https:\/\/tripsource.com\/pt-br\/wp-json\/wp\/v2\/types\/page"}],"author":[{"embeddable":true,"href":"https:\/\/tripsource.com\/pt-br\/wp-json\/wp\/v2\/users\/6"}],"replies":[{"embeddable":true,"href":"https:\/\/tripsource.com\/pt-br\/wp-json\/wp\/v2\/comments?post=1751"}],"version-history":[{"count":0,"href":"https:\/\/tripsource.com\/pt-br\/wp-json\/wp\/v2\/pages\/1751\/revisions"}],"wp:attachment":[{"href":"https:\/\/tripsource.com\/pt-br\/wp-json\/wp\/v2\/media?parent=1751"}],"curies":[{"name":"wp","href":"https:\/\/api.w.org\/{rel}","templated":true}]}}