{"id":1741,"date":"2017-09-14T18:09:12","date_gmt":"2017-09-14T22:09:12","guid":{"rendered":"https:\/\/tripsource.com\/support\/thank-you\/"},"modified":"2018-04-17T13:26:38","modified_gmt":"2018-04-17T17:26:38","slug":"thank-you","status":"publish","type":"page","link":"https:\/\/tripsource.com\/pt-br\/support\/thank-you\/","title":{"rendered":"Obrigado. A ajuda j\u00e1 est\u00e1 a caminho!"},"content":{"rendered":"<p>Algu\u00e9m da nossa equipe entrar\u00e1 em contato dentro de 1 dia \u00fatil.<\/p>\n","protected":false},"excerpt":{"rendered":"<p>Algu\u00e9m da nossa equipe entrar\u00e1 em contato dentro de 1 dia \u00fatil.<\/p>\n","protected":false},"author":6,"featured_media":0,"parent":1660,"menu_order":72,"comment_status":"closed","ping_status":"closed","template":"","meta":{"_acf_changed":false,"inline_featured_image":false,"footnotes":""},"class_list":["post-1741","page","type-page","status-publish","hentry"],"acf":[],"yoast_head":"<!-- This site is optimized with the Yoast SEO plugin v27.5 - https:\/\/yoast.com\/product\/yoast-seo-wordpress\/ -->\n<title>Obrigado. A ajuda j\u00e1 est\u00e1 a caminho! - TripSource<\/title>\n<meta name=\"robots\" content=\"index, follow, max-snippet:-1, max-image-preview:large, max-video-preview:-1\" \/>\n<link rel=\"canonical\" href=\"https:\/\/tripsource.com\/support\/thank-you\/\" \/>\n<meta property=\"og:locale\" content=\"pt_BR\" \/>\n<meta property=\"og:type\" content=\"article\" \/>\n<meta property=\"og:title\" content=\"Obrigado. A ajuda j\u00e1 est\u00e1 a caminho! - TripSource\" \/>\n<meta property=\"og:description\" content=\"Algu\u00e9m da nossa equipe entrar\u00e1 em contato dentro de 1 dia \u00fatil.\" \/>\n<meta property=\"og:url\" content=\"https:\/\/tripsource.com\/support\/thank-you\/\" \/>\n<meta property=\"og:site_name\" content=\"TripSource\" \/>\n<meta property=\"article:modified_time\" content=\"2018-04-17T17:26:38+00:00\" \/>\n<meta name=\"twitter:card\" content=\"summary_large_image\" \/>\n<script type=\"application\/ld+json\" class=\"yoast-schema-graph\">{\"@context\":\"https:\\\/\\\/schema.org\",\"@graph\":[{\"@type\":\"WebPage\",\"@id\":\"https:\\\/\\\/tripsource.com\\\/support\\\/thank-you\\\/\",\"url\":\"https:\\\/\\\/tripsource.com\\\/support\\\/thank-you\\\/\",\"name\":\"Obrigado. A ajuda j\u00e1 est\u00e1 a caminho! - TripSource\",\"isPartOf\":{\"@id\":\"https:\\\/\\\/tripsource.com\\\/#website\"},\"datePublished\":\"2017-09-14T22:09:12+00:00\",\"dateModified\":\"2018-04-17T17:26:38+00:00\",\"breadcrumb\":{\"@id\":\"https:\\\/\\\/tripsource.com\\\/support\\\/thank-you\\\/#breadcrumb\"},\"inLanguage\":\"pt-BR\",\"potentialAction\":[{\"@type\":\"ReadAction\",\"target\":[\"https:\\\/\\\/tripsource.com\\\/support\\\/thank-you\\\/\"]}]},{\"@type\":\"BreadcrumbList\",\"@id\":\"https:\\\/\\\/tripsource.com\\\/support\\\/thank-you\\\/#breadcrumb\",\"itemListElement\":[{\"@type\":\"ListItem\",\"position\":1,\"name\":\"Home\",\"item\":\"https:\\\/\\\/tripsource.com\\\/\"},{\"@type\":\"ListItem\",\"position\":2,\"name\":\"Suporte ao TripSource\",\"item\":\"https:\\\/\\\/tripsource.com\\\/support\\\/\"},{\"@type\":\"ListItem\",\"position\":3,\"name\":\"Obrigado. A ajuda j\u00e1 est\u00e1 a caminho!\"}]},{\"@type\":\"WebSite\",\"@id\":\"https:\\\/\\\/tripsource.com\\\/#website\",\"url\":\"https:\\\/\\\/tripsource.com\\\/\",\"name\":\"TripSource\",\"description\":\"Convenient Corporate Travel\",\"potentialAction\":[{\"@type\":\"SearchAction\",\"target\":{\"@type\":\"EntryPoint\",\"urlTemplate\":\"https:\\\/\\\/tripsource.com\\\/?s={search_term_string}\"},\"query-input\":{\"@type\":\"PropertyValueSpecification\",\"valueRequired\":true,\"valueName\":\"search_term_string\"}}],\"inLanguage\":\"pt-BR\"}]}<\/script>\n<!-- \/ Yoast SEO plugin. -->","yoast_head_json":{"title":"Obrigado. A ajuda j\u00e1 est\u00e1 a caminho! - TripSource","robots":{"index":"index","follow":"follow","max-snippet":"max-snippet:-1","max-image-preview":"max-image-preview:large","max-video-preview":"max-video-preview:-1"},"canonical":"https:\/\/tripsource.com\/support\/thank-you\/","og_locale":"pt_BR","og_type":"article","og_title":"Obrigado. A ajuda j\u00e1 est\u00e1 a caminho! - TripSource","og_description":"Algu\u00e9m da nossa equipe entrar\u00e1 em contato dentro de 1 dia \u00fatil.","og_url":"https:\/\/tripsource.com\/support\/thank-you\/","og_site_name":"TripSource","article_modified_time":"2018-04-17T17:26:38+00:00","twitter_card":"summary_large_image","schema":{"@context":"https:\/\/schema.org","@graph":[{"@type":"WebPage","@id":"https:\/\/tripsource.com\/support\/thank-you\/","url":"https:\/\/tripsource.com\/support\/thank-you\/","name":"Obrigado. A ajuda j\u00e1 est\u00e1 a caminho! - TripSource","isPartOf":{"@id":"https:\/\/tripsource.com\/#website"},"datePublished":"2017-09-14T22:09:12+00:00","dateModified":"2018-04-17T17:26:38+00:00","breadcrumb":{"@id":"https:\/\/tripsource.com\/support\/thank-you\/#breadcrumb"},"inLanguage":"pt-BR","potentialAction":[{"@type":"ReadAction","target":["https:\/\/tripsource.com\/support\/thank-you\/"]}]},{"@type":"BreadcrumbList","@id":"https:\/\/tripsource.com\/support\/thank-you\/#breadcrumb","itemListElement":[{"@type":"ListItem","position":1,"name":"Home","item":"https:\/\/tripsource.com\/"},{"@type":"ListItem","position":2,"name":"Suporte ao TripSource","item":"https:\/\/tripsource.com\/support\/"},{"@type":"ListItem","position":3,"name":"Obrigado. A ajuda j\u00e1 est\u00e1 a caminho!"}]},{"@type":"WebSite","@id":"https:\/\/tripsource.com\/#website","url":"https:\/\/tripsource.com\/","name":"TripSource","description":"Convenient Corporate Travel","potentialAction":[{"@type":"SearchAction","target":{"@type":"EntryPoint","urlTemplate":"https:\/\/tripsource.com\/?s={search_term_string}"},"query-input":{"@type":"PropertyValueSpecification","valueRequired":true,"valueName":"search_term_string"}}],"inLanguage":"pt-BR"}]}},"_links":{"self":[{"href":"https:\/\/tripsource.com\/pt-br\/wp-json\/wp\/v2\/pages\/1741","targetHints":{"allow":["GET"]}}],"collection":[{"href":"https:\/\/tripsource.com\/pt-br\/wp-json\/wp\/v2\/pages"}],"about":[{"href":"https:\/\/tripsource.com\/pt-br\/wp-json\/wp\/v2\/types\/page"}],"author":[{"embeddable":true,"href":"https:\/\/tripsource.com\/pt-br\/wp-json\/wp\/v2\/users\/6"}],"replies":[{"embeddable":true,"href":"https:\/\/tripsource.com\/pt-br\/wp-json\/wp\/v2\/comments?post=1741"}],"version-history":[{"count":0,"href":"https:\/\/tripsource.com\/pt-br\/wp-json\/wp\/v2\/pages\/1741\/revisions"}],"up":[{"embeddable":true,"href":"https:\/\/tripsource.com\/pt-br\/wp-json\/wp\/v2\/pages\/1660"}],"wp:attachment":[{"href":"https:\/\/tripsource.com\/pt-br\/wp-json\/wp\/v2\/media?parent=1741"}],"curies":[{"name":"wp","href":"https:\/\/api.w.org\/{rel}","templated":true}]}}