{"id":10401,"date":"2025-10-16T15:35:39","date_gmt":"2025-10-16T19:35:39","guid":{"rendered":"https:\/\/tripsource.com\/?page_id=10401"},"modified":"2025-10-16T15:35:39","modified_gmt":"2025-10-16T19:35:39","slug":"politica-de-cookies","status":"publish","type":"page","link":"https:\/\/tripsource.com\/pt-br\/politica-de-cookies\/","title":{"rendered":"Pol\u00edtica de Cookies"},"content":{"rendered":"\n<h3 class=\"wp-block-heading\">\u00daltima atualiza\u00e7\u00e3o: 1\u00ba de setembro de 2025<\/h3>\n\n\n\n<p>Esta Pol\u00edtica de Cookies descreve como a BCD Travel Services B.V. (\u201cn\u00f3s\u201d, \u201cnos\u201d e \u201cnosso\u201d) utiliza cookies, web beacons, identificadores de dispositivos e tecnologias semelhantes (coletivamente, \u201cCookies\u201d) em conex\u00e3o com o uso deste site, incluindo quaisquer aplicativos m\u00f3veis ou outros relacionados, conforme aplic\u00e1vel (coletivamente, \u201cSite\u201d). Esta Pol\u00edtica de Cookies explica o que s\u00e3o Cookies, por que os usamos e por quanto tempo, bem como seus direitos de controlar nosso uso deles.<\/p>\n\n\n\n<h2 class=\"wp-block-heading\">O que s\u00e3o Cookies?<\/h2>\n\n\n\n<p>Cookies s\u00e3o pequenos arquivos de dados que um site envia para seu computador, tablet, smartphone ou dispositivo semelhante cada vez que voc\u00ea o visita. Os Cookies s\u00e3o amplamente utilizados por sites para fazer os sites funcionarem ou funcionarem de forma mais eficiente, al\u00e9m de fornecer informa\u00e7\u00f5es de relat\u00f3rios. Os Cookies permitem que nosso sistema reconhe\u00e7a seu dispositivo na pr\u00f3xima vez que voc\u00ea visitar este Site, ajudando-nos a fornecer uma experi\u00eancia de navega\u00e7\u00e3o mais fluida e personalizada. Os Cookies podem armazenar configura\u00e7\u00f5es de usu\u00e1rio e outras informa\u00e7\u00f5es (por exemplo, seus dados de navega\u00e7\u00e3o), o que pode nos ajudar a melhorar este Site.<\/p>\n\n\n\n<h2 class=\"wp-block-heading\">Gerenciamento de cookies no seu dispositivo<\/h2>\n\n\n\n<p>Voc\u00ea pode decidir se deseja permitir o armazenamento de cookies no seu dispositivo. Suas prefer\u00eancias de cookies podem ser selecionadas aceitando, negando ou personalizando os cookies neste site, clicando nos bot\u00f5es correspondentes no banner de cookies que ser\u00e1 apresentado a voc\u00ea na sua primeira visita a este site. Essas prefer\u00eancias podem ser alteradas a qualquer momento usando o \u00edcone de cookies no canto inferior esquerdo da tela. Se voc\u00ea limpar seus dados de navega\u00e7\u00e3o, ser\u00e1 solicitado a selecionar suas prefer\u00eancias de cookies novamente na sua pr\u00f3xima visita.<\/p>\n\n\n\n<p>Voc\u00ea tamb\u00e9m pode gerenciar suas configura\u00e7\u00f5es de cookies atrav\u00e9s do seu navegador a qualquer momento. As etapas para fazer isso podem variar dependendo do navegador que voc\u00ea usa. Voc\u00ea deve visitar o menu de ajuda do seu navegador para obter mais informa\u00e7\u00f5es sobre como gerenciar cookies.<\/p>\n\n\n\n<h2 class=\"wp-block-heading\">Quem armazena cookies no seu dispositivo?<\/h2>\n\n\n\n<p>Alguns cookies configurados no seu dispositivo s\u00e3o designados como &#8220;Cookies de Primeira Parte&#8221;, o que significa que s\u00e3o colocados diretamente por n\u00f3s, como operador do site, e est\u00e3o associados ao nosso nome de host. Em certos casos, tamb\u00e9m podemos usar \u201cCookies de Terceiros\u201d, que s\u00e3o colocados por fornecedores externos e originam de outros sites.<\/p>\n\n\n\n<p>Os Cookies de Terceiros permitem recursos ou funcionalidades fornecidos por terceiros neste site ou por meio dele (por exemplo, publicidade, conte\u00fado interativo, fun\u00e7\u00f5es de seguran\u00e7a, an\u00e1lises). Esses terceiros reconhecem seu dispositivo tanto quando voc\u00ea visita este site quanto quando interage com outros sites.<\/p>\n\n\n\n<p>Usamos Cookies de Terceiros para aprimorar o desempenho e a funcionalidade deste site, oferecer suporte a recursos de seguran\u00e7a, relatar estat\u00edsticas de uso e entender melhor o comportamento do usu\u00e1rio. Esses Cookies ajudam a garantir que o site funcione sem problemas e possam ser personalizados de acordo com suas prefer\u00eancias.<\/p>\n\n\n\n<p>Mais detalhes sobre cada Cookie colocado neste site e seus fornecedores podem ser encontrados no banner de Cookies, acess\u00edvel a qualquer momento por meio do \u00edcone de Cookie localizado no canto inferior esquerdo da tela.<\/p>\n\n\n\n<h2 class=\"wp-block-heading\">Por quanto tempo os Cookies s\u00e3o armazenados?<\/h2>\n\n\n\n<p>Os Cookies s\u00e3o armazenados temporariamente na mem\u00f3ria do seu dispositivo (Cookies de sess\u00e3o) ou salvos no seu disco r\u00edgido por um per\u00edodo mais longo (Cookie persistente).<\/p>\n\n\n\n<p><strong>Cookies de sess\u00e3o <\/strong>s\u00e3o gerados quando voc\u00ea come\u00e7a sua visita a este site e cont\u00eam um n\u00famero de identifica\u00e7\u00e3o individual gerado aleatoriamente atribu\u00eddo ao seu dispositivo. Esses Cookies expiram ao final da sess\u00e3o e s\u00e3o exclu\u00eddos automaticamente quando voc\u00ea fecha este site.<\/p>\n\n\n\n<p><strong>Cookies persistentes <\/strong>permanecer\u00e3o armazenados no seu dispositivo ap\u00f3s voc\u00ea fechar este site. Eles ret\u00eam informa\u00e7\u00f5es como suas configura\u00e7\u00f5es, prefer\u00eancias e credenciais de acesso, permitindo uma experi\u00eancia mais personalizada em visitas futuras. Esses Cookies permanecem ativos at\u00e9 atingirem sua data de expira\u00e7\u00e3o predefinida ou serem exclu\u00eddos manualmente por voc\u00ea.&nbsp;<\/p>\n\n\n\n<p>Mais detalhes sobre a dura\u00e7\u00e3o de cada Cookie colocado neste site podem ser encontrados no banner de Cookies, acess\u00edvel a qualquer momento atrav\u00e9s do \u00edcone de Cookie localizado no canto inferior esquerdo da tela.<\/p>\n\n\n\n<h2 class=\"wp-block-heading\">Cookies neste site<\/h2>\n\n\n\n<p>Este site pode usar diferentes tipos de Cookies, incluindo Cookies essenciais, funcionais e de marketing. Cada tipo de Cookie desempenha uma fun\u00e7\u00e3o distinta, como permitir opera\u00e7\u00f5es b\u00e1sicas do site, aprimorar a experi\u00eancia do usu\u00e1rio ou apoiar esfor\u00e7os de marketing e an\u00e1lise.<\/p>\n\n\n\n<p><strong>Cookies essenciais <\/strong>s\u00e3o necess\u00e1rios para o funcionamento e seguran\u00e7a deste site. Eles permitem fun\u00e7\u00f5es essenciais, como navega\u00e7\u00e3o, credenciais de login (quando aplic\u00e1vel), configura\u00e7\u00e3o de prefer\u00eancias de privacidade e reconhecendo se voc\u00ea leu, aceitou ou rejeitou o Aviso de Cookies. Como esses Cookies s\u00e3o essenciais para a opera\u00e7\u00e3o e seguran\u00e7a deste site, eles n\u00e3o s\u00e3o opcionais.&nbsp;<\/p>\n\n\n\n<p><strong>Cookies funcionais <\/strong>melhoram a usabilidade e a personaliza\u00e7\u00e3o deste site, lembrando suas prefer\u00eancias (como idioma ou regi\u00e3o) e permitindo conte\u00fado incorporado (como v\u00eddeos, mapas ou formul\u00e1rios). Eles tamb\u00e9m apoiam a an\u00e1lise de desempenho, rastreando as intera\u00e7\u00f5es do usu\u00e1rio para nos ajudar a entender o comportamento e melhorar a experi\u00eancia geral do usu\u00e1rio. Ao usar esses Cookies, podemos oferecer conte\u00fado mais relevante e garantir uma navega\u00e7\u00e3o e funcionalidade mais suaves.<\/p>\n\n\n\n<p>Por favor, note que a rejei\u00e7\u00e3o desses Cookies pode limitar a personaliza\u00e7\u00e3o e impedir que certos conte\u00fados sejam exibidos corretamente.<\/p>\n\n\n\n<p><strong>Cookies de Marketing <\/strong>&nbsp;coletam informa\u00e7\u00f5es sobre suas atividades neste site e, quando aplic\u00e1vel, em outros sites. Esses Cookies ajudam a exibir promo\u00e7\u00f5es\/an\u00fancios direcionados com base em seus interesses e intera\u00e7\u00f5es com este site e, quando aplic\u00e1vel, outros sites.<\/p>\n\n\n\n<p>Usamos o Pardot, uma plataforma de automa\u00e7\u00e3o de marketing de terceiros, para facilitar alguns de nossos esfor\u00e7os de marketing e vendas. Certas partes deste site (por exemplo, p\u00e1ginas de destino, formul\u00e1rios de contato) usam Cookies do Pardot que coletam dados sobre a atividade do usu\u00e1rio. Os Cookies do Pardot s\u00e3o configurados para lembrar os detalhes do usu\u00e1rio para correspond\u00eancias futuras e visitas a este site. Essas informa\u00e7\u00f5es coletadas nos ajudam a melhorar o conte\u00fado deste site (por exemplo, entender quais de nossos relat\u00f3rios s\u00e3o mais frequentemente baixados pelos usu\u00e1rios).<\/p>\n\n\n\n<p>Se voc\u00ea se inscrever em nossos boletins informativos ou e-mail marketing, os cookies do Pardot tamb\u00e9m nos permitem rastrear como voc\u00ea interage com nossas comunica\u00e7\u00f5es, incluindo se nossos e-mails s\u00e3o abertos e quais links s\u00e3o clicados. Isso nos ajuda a gerenciar nosso e-mail marketing e a enviar informa\u00e7\u00f5es relevantes para voc\u00ea.<\/p>\n\n\n\n<p>Os cookies do Pardot identificam de forma \u00fanica seu navegador e dispositivo, atribuindo um ID de usu\u00e1rio gerado aleatoriamente. Os dados coletados pelos cookies do Pardot n\u00e3o ser\u00e3o compilados com seus dados pessoais, a menos que voc\u00ea os forne\u00e7a voluntariamente por meio de um formul\u00e1rio do Pardot dispon\u00edvel neste site. Se voc\u00ea enviar seus dados de contato (como nome ou endere\u00e7o de e-mail), seu hist\u00f3rico de navega\u00e7\u00e3o associado ao ID de usu\u00e1rio \u00e9 correspondido para criar um perfil de usu\u00e1rio.<\/p>\n\n\n\n<p>Por favor, note que a rejei\u00e7\u00e3o desses cookies pode resultar em conte\u00fado menos relevante e limitar nossa capacidade de personalizar as comunica\u00e7\u00f5es de acordo com suas prefer\u00eancias.<\/p>\n\n\n\n<p>Mais detalhes sobre cada tipo de cookie usado neste site podem ser encontrados no banner de cookies, acess\u00edvel a qualquer momento atrav\u00e9s do \u00edcone de cookies localizado no canto inferior esquerdo da tela. O banner de cookies fornece informa\u00e7\u00f5es abrangentes para ajud\u00e1-lo a tomar decis\u00f5es informadas sobre suas prefer\u00eancias de cookies, incluindo os tipos de cookies, sua finalidade, dura\u00e7\u00e3o, local de processamento, empresa de processamento, dados processados e base legal.<\/p>\n\n\n\n<h2 class=\"wp-block-heading\">Atualiza\u00e7\u00f5es e altera\u00e7\u00f5es nesta Pol\u00edtica de Cookies<\/h2>\n\n\n\n<p>Podemos atualizar esta Pol\u00edtica de Cookies de tempos em tempos para refletir, por exemplo, altera\u00e7\u00f5es nos cookies que usamos ou por outros motivos operacionais, legais ou regulat\u00f3rios. Recomendamos que voc\u00ea revise esta Pol\u00edtica de Cookies regularmente para se manter informado sobre o uso de Cookies e tecnologias relacionadas. A data no topo desta Pol\u00edtica de Cookies indica quando ela foi atualizada pela \u00faltima vez.<\/p>\n\n\n\n<h2 class=\"wp-block-heading\">Onde voc\u00ea pode obter mais informa\u00e7\u00f5es?<\/h2>\n\n\n\n<p>Para obter informa\u00e7\u00f5es adicionais sobre nossas pr\u00e1ticas de privacidade e seus direitos de privacidade, consulte a Pol\u00edtica de Privacidade dispon\u00edvel neste site.<\/p>\n\n\n\n<p>Se voc\u00ea tiver d\u00favidas sobre os Cookies que usamos, entre em contato conosco em <a href=\"mailto:privacy@bcdtravel.com\">privacy@bcdtravel.com<\/a>. Por favor, forne\u00e7a-nos suas informa\u00e7\u00f5es de contato, a URL deste site e uma descri\u00e7\u00e3o detalhada de sua consulta.<\/p>\n","protected":false},"excerpt":{"rendered":"<p>\u00daltima atualiza\u00e7\u00e3o: 1\u00ba de setembro de 2025 Esta Pol\u00edtica de Cookies descreve como a BCD Travel Services B.V. (\u201cn\u00f3s\u201d, \u201cnos\u201d e \u201cnosso\u201d) utiliza cookies, web beacons, identificadores de dispositivos e tecnologias semelhantes (coletivamente, \u201cCookies\u201d) em conex\u00e3o com o uso deste site, incluindo quaisquer aplicativos m\u00f3veis ou outros relacionados, conforme aplic\u00e1vel (coletivamente, \u201cSite\u201d). Esta Pol\u00edtica de &hellip;<\/p>\n","protected":false},"author":1,"featured_media":0,"parent":0,"menu_order":0,"comment_status":"closed","ping_status":"closed","template":"","meta":{"_acf_changed":false,"inline_featured_image":false,"footnotes":""},"class_list":["post-10401","page","type-page","status-publish","hentry"],"acf":[],"yoast_head":"<!-- This site is optimized with the Yoast SEO plugin v26.9 - https:\/\/yoast.com\/product\/yoast-seo-wordpress\/ -->\n<title>Pol\u00edtica de Cookies - TripSource<\/title>\n<meta name=\"robots\" content=\"index, follow, max-snippet:-1, max-image-preview:large, max-video-preview:-1\" \/>\n<link rel=\"canonical\" href=\"https:\/\/tripsource.com\/pt-br\/politica-de-cookies\/\" \/>\n<meta property=\"og:locale\" content=\"pt_BR\" \/>\n<meta property=\"og:type\" content=\"article\" \/>\n<meta property=\"og:title\" content=\"Pol\u00edtica de Cookies - TripSource\" \/>\n<meta property=\"og:description\" content=\"\u00daltima atualiza\u00e7\u00e3o: 1\u00ba de setembro de 2025 Esta Pol\u00edtica de Cookies descreve como a BCD Travel Services B.V. (\u201cn\u00f3s\u201d, \u201cnos\u201d e \u201cnosso\u201d) utiliza cookies, web beacons, identificadores de dispositivos e tecnologias semelhantes (coletivamente, \u201cCookies\u201d) em conex\u00e3o com o uso deste site, incluindo quaisquer aplicativos m\u00f3veis ou outros relacionados, conforme aplic\u00e1vel (coletivamente, \u201cSite\u201d). Esta Pol\u00edtica de &hellip;\" \/>\n<meta property=\"og:url\" content=\"https:\/\/tripsource.com\/pt-br\/politica-de-cookies\/\" \/>\n<meta property=\"og:site_name\" content=\"TripSource\" \/>\n<meta name=\"twitter:card\" content=\"summary_large_image\" \/>\n<script type=\"application\/ld+json\" class=\"yoast-schema-graph\">{\"@context\":\"https:\/\/schema.org\",\"@graph\":[{\"@type\":\"WebPage\",\"@id\":\"https:\/\/tripsource.com\/pt-br\/politica-de-cookies\/\",\"url\":\"https:\/\/tripsource.com\/pt-br\/politica-de-cookies\/\",\"name\":\"Pol\u00edtica de Cookies - TripSource\",\"isPartOf\":{\"@id\":\"https:\/\/tripsource.com\/#website\"},\"datePublished\":\"2025-10-16T19:35:39+00:00\",\"breadcrumb\":{\"@id\":\"https:\/\/tripsource.com\/pt-br\/politica-de-cookies\/#breadcrumb\"},\"inLanguage\":\"pt-BR\",\"potentialAction\":[{\"@type\":\"ReadAction\",\"target\":[\"https:\/\/tripsource.com\/pt-br\/politica-de-cookies\/\"]}]},{\"@type\":\"BreadcrumbList\",\"@id\":\"https:\/\/tripsource.com\/pt-br\/politica-de-cookies\/#breadcrumb\",\"itemListElement\":[{\"@type\":\"ListItem\",\"position\":1,\"name\":\"Home\",\"item\":\"https:\/\/tripsource.com\/pt-br\/\"},{\"@type\":\"ListItem\",\"position\":2,\"name\":\"Pol\u00edtica de Cookies\"}]},{\"@type\":\"WebSite\",\"@id\":\"https:\/\/tripsource.com\/#website\",\"url\":\"https:\/\/tripsource.com\/\",\"name\":\"TripSource\",\"description\":\"Convenient Corporate Travel\",\"potentialAction\":[{\"@type\":\"SearchAction\",\"target\":{\"@type\":\"EntryPoint\",\"urlTemplate\":\"https:\/\/tripsource.com\/?s={search_term_string}\"},\"query-input\":{\"@type\":\"PropertyValueSpecification\",\"valueRequired\":true,\"valueName\":\"search_term_string\"}}],\"inLanguage\":\"pt-BR\"}]}<\/script>\n<!-- \/ Yoast SEO plugin. -->","yoast_head_json":{"title":"Pol\u00edtica de Cookies - TripSource","robots":{"index":"index","follow":"follow","max-snippet":"max-snippet:-1","max-image-preview":"max-image-preview:large","max-video-preview":"max-video-preview:-1"},"canonical":"https:\/\/tripsource.com\/pt-br\/politica-de-cookies\/","og_locale":"pt_BR","og_type":"article","og_title":"Pol\u00edtica de Cookies - TripSource","og_description":"\u00daltima atualiza\u00e7\u00e3o: 1\u00ba de setembro de 2025 Esta Pol\u00edtica de Cookies descreve como a BCD Travel Services B.V. (\u201cn\u00f3s\u201d, \u201cnos\u201d e \u201cnosso\u201d) utiliza cookies, web beacons, identificadores de dispositivos e tecnologias semelhantes (coletivamente, \u201cCookies\u201d) em conex\u00e3o com o uso deste site, incluindo quaisquer aplicativos m\u00f3veis ou outros relacionados, conforme aplic\u00e1vel (coletivamente, \u201cSite\u201d). Esta Pol\u00edtica de &hellip;","og_url":"https:\/\/tripsource.com\/pt-br\/politica-de-cookies\/","og_site_name":"TripSource","twitter_card":"summary_large_image","schema":{"@context":"https:\/\/schema.org","@graph":[{"@type":"WebPage","@id":"https:\/\/tripsource.com\/pt-br\/politica-de-cookies\/","url":"https:\/\/tripsource.com\/pt-br\/politica-de-cookies\/","name":"Pol\u00edtica de Cookies - TripSource","isPartOf":{"@id":"https:\/\/tripsource.com\/#website"},"datePublished":"2025-10-16T19:35:39+00:00","breadcrumb":{"@id":"https:\/\/tripsource.com\/pt-br\/politica-de-cookies\/#breadcrumb"},"inLanguage":"pt-BR","potentialAction":[{"@type":"ReadAction","target":["https:\/\/tripsource.com\/pt-br\/politica-de-cookies\/"]}]},{"@type":"BreadcrumbList","@id":"https:\/\/tripsource.com\/pt-br\/politica-de-cookies\/#breadcrumb","itemListElement":[{"@type":"ListItem","position":1,"name":"Home","item":"https:\/\/tripsource.com\/pt-br\/"},{"@type":"ListItem","position":2,"name":"Pol\u00edtica de Cookies"}]},{"@type":"WebSite","@id":"https:\/\/tripsource.com\/#website","url":"https:\/\/tripsource.com\/","name":"TripSource","description":"Convenient Corporate Travel","potentialAction":[{"@type":"SearchAction","target":{"@type":"EntryPoint","urlTemplate":"https:\/\/tripsource.com\/?s={search_term_string}"},"query-input":{"@type":"PropertyValueSpecification","valueRequired":true,"valueName":"search_term_string"}}],"inLanguage":"pt-BR"}]}},"_links":{"self":[{"href":"https:\/\/tripsource.com\/pt-br\/wp-json\/wp\/v2\/pages\/10401","targetHints":{"allow":["GET"]}}],"collection":[{"href":"https:\/\/tripsource.com\/pt-br\/wp-json\/wp\/v2\/pages"}],"about":[{"href":"https:\/\/tripsource.com\/pt-br\/wp-json\/wp\/v2\/types\/page"}],"author":[{"embeddable":true,"href":"https:\/\/tripsource.com\/pt-br\/wp-json\/wp\/v2\/users\/1"}],"replies":[{"embeddable":true,"href":"https:\/\/tripsource.com\/pt-br\/wp-json\/wp\/v2\/comments?post=10401"}],"version-history":[{"count":0,"href":"https:\/\/tripsource.com\/pt-br\/wp-json\/wp\/v2\/pages\/10401\/revisions"}],"wp:attachment":[{"href":"https:\/\/tripsource.com\/pt-br\/wp-json\/wp\/v2\/media?parent=10401"}],"curies":[{"name":"wp","href":"https:\/\/api.w.org\/{rel}","templated":true}]}}