{"id":10399,"date":"2025-10-16T15:35:17","date_gmt":"2025-10-16T19:35:17","guid":{"rendered":"https:\/\/tripsource.com\/?page_id=10399"},"modified":"2025-10-16T15:35:18","modified_gmt":"2025-10-16T19:35:18","slug":"retningslinjer-for-informasjonskapsler","status":"publish","type":"page","link":"https:\/\/tripsource.com\/nb\/retningslinjer-for-informasjonskapsler\/","title":{"rendered":"Retningslinjer for informasjonskapsler"},"content":{"rendered":"\n<h3 class=\"wp-block-heading\">Sist oppdatert: 1. september 2025 kl.<\/h3>\n\n\n\n<p>Disse retningslinjene for informasjonskapsler skisserer hvordan BCD Travel Services B.V. (\u00abvi\u00bb, \u00aboss\u00bb og \u00abv\u00e5r\u00bb) bruker informasjonskapsler, sporingsbilder, enhetsidentifikatorer og lignende teknologier (samlet kalt \u00abinformasjonskapsler\u00bb) i forbindelse med din bruk av dette nettstedet, inkludert eventuelle relaterte mobil- eller andre apper, som aktuelt (samlet kalt \u00abnettsted\u00bb). Disse retningslinjene for informasjonskapsler forklarer hva informasjonskapsler er, hvorfor vi bruker dem og hvor lenge, samt dine rettigheter til \u00e5 kontrollere v\u00e5r bruk av dem.<\/p>\n\n\n\n<h2 class=\"wp-block-heading\">Hva er informasjonskapsler?<\/h2>\n\n\n\n<p>Informasjonskapsler er sm\u00e5 datafiler som et nettsted sender til datamaskinen, nettbrettet, smarttelefonen eller lignende enhet hver gang du bes\u00f8ker det. Informasjonskapsler brukes mye av nettsteder for \u00e5 f\u00e5 nettstedene til \u00e5 fungere, eller for \u00e5 fungere mer effektivt, samt for \u00e5 gi rapporteringsinformasjon. Informasjonskapsler lar systemet v\u00e5rt gjenkjenne enheten din neste gang du bes\u00f8ker dette nettstedet, og hjelper oss med \u00e5 gi en mer s\u00f8ml\u00f8s og personlig nettleseropplevelse. Informasjonskapsler kan lagre brukerinnstillinger og annen informasjon (f.eks. nettleserdataene dine), noe som kan hjelpe oss med \u00e5 forbedre dette nettstedet.<\/p>\n\n\n\n<h2 class=\"wp-block-heading\">Administrasjon av informasjonskapsler p\u00e5 enheten din<\/h2>\n\n\n\n<p>Du kan selv bestemme om du vil tillate lagring av informasjonskapsler p\u00e5 enheten din. Dine preferanser for informasjonskapsler kan velges ved \u00e5 godta, nekte eller tilpasse informasjonskapsler p\u00e5 dette nettstedet ved \u00e5 klikke p\u00e5 de respektive knappene p\u00e5 informasjonskapselbanneret som vil bli presentert for deg ved ditt f\u00f8rste bes\u00f8k p\u00e5 dette nettstedet. Slike preferanser kan endres n\u00e5r som helst ved \u00e5 bruke informasjonskapselikonet nederst til venstre p\u00e5 skjermen. Hvis du sletter nettleserdataene dine, vil du bli bedt om \u00e5 velge innstillingene for informasjonskapsler p\u00e5 nytt ved neste bes\u00f8k.<\/p>\n\n\n\n<p>Du kan ogs\u00e5 administrere innstillingene for informasjonskapsler via nettleseren din n\u00e5r som helst. Fremgangsm\u00e5ten for \u00e5 gj\u00f8re dette kan variere avhengig av nettleseren du bruker. Du b\u00f8r g\u00e5 til nettleserens hjelpemeny for mer informasjon om hvordan du administrerer informasjonskapsler.<\/p>\n\n\n\n<h2 class=\"wp-block-heading\">Hvem lagrer informasjonskapsler p\u00e5 enheten din?<\/h2>\n\n\n\n<p>Noen informasjonskapsler som er satt p\u00e5 enheten din er betegnet som &laquo;f\u00f8rsteparts informasjonskapsler&raquo;, noe som betyr at de plasseres direkte av oss som nettstedsoperat\u00f8r og er knyttet til vertsnavnet v\u00e5rt. I visse tilfeller kan vi ogs\u00e5 bruke &laquo;tredjeparts informasjonskapsler&raquo;, som er plassert av eksterne leverand\u00f8rer og stammer fra andre nettsteder.<\/p>\n\n\n\n<p>Tredjeparts informasjonskapsler muliggj\u00f8r funksjoner eller funksjonalitet levert av tredjeparter p\u00e5 eller gjennom dette nettstedet (f.eks. annonsering, interaktivt innhold, sikkerhetsfunksjoner, analyser). Disse tredjepartene gjenkjenner enheten din b\u00e5de n\u00e5r du bes\u00f8ker dette nettstedet og n\u00e5r du samhandler med andre nettsteder.<\/p>\n\n\n\n<p>Vi bruker tredjeparts informasjonskapsler for \u00e5 forbedre ytelsen og funksjonaliteten til dette nettstedet, st\u00f8tte sikkerhetsfunksjoner, rapportere bruksstatistikk og bedre forst\u00e5 brukeratferd. Disse informasjonskapslene bidrar til \u00e5 sikre at nettstedet fungerer problemfritt og kan skreddersys til dine preferanser.<\/p>\n\n\n\n<p>Ytterligere detaljer om hver informasjonskapsel som er plassert p\u00e5 dette nettstedet og deres leverand\u00f8rer, finner du p\u00e5 informasjonskapselbanneret, som er tilgjengelig n\u00e5r som helst via informasjonskapselikonet nederst til venstre p\u00e5 skjermen.<\/p>\n\n\n\n<h2 class=\"wp-block-heading\">Hvor lenge lagres informasjonskapsler?<\/h2>\n\n\n\n<p>Informasjonskapsler lagres enten midlertidig i enhetens minne (\u00f8ktinformasjonskapsler) eller lagres p\u00e5 harddisken din i en lengre periode (vedvarende informasjonskapsel).<\/p>\n\n\n\n<p><strong>\u00d8kt-informasjonskapsler <\/strong>genereres n\u00e5r du begynner bes\u00f8ket p\u00e5 dette nettstedet og inneholder et tilfeldig generert individuelt ID-nummer tildelt enheten din. Disse informasjonskapslene utl\u00f8per ved slutten av \u00f8kten og slettes automatisk n\u00e5r du lukker dette nettstedet.<\/p>\n\n\n\n<p><strong>Vedvarende informasjonskapsler <\/strong>forblir lagret p\u00e5 enheten din etter at du har lukket dette nettstedet. De beholder informasjon som innstillinger, preferanser og p\u00e5loggingsinformasjon, noe som gir en mer personlig opplevelse ved fremtidige bes\u00f8k. Disse informasjonskapslene forblir aktive til de n\u00e5r sin forh\u00e5ndsdefinerte utl\u00f8psdato eller slettes manuelt av deg.&nbsp;<\/p>\n\n\n\n<p>Ytterligere detaljer om varigheten av hver informasjonskapsel som er plassert p\u00e5 dette nettstedet, finner du p\u00e5 informasjonskapselbanneret, som n\u00e5r som helst er tilgjengelig via informasjonskapselikonet nederst til venstre p\u00e5 skjermen.<\/p>\n\n\n\n<h2 class=\"wp-block-heading\">Informasjonskapsler p\u00e5 dette nettstedet<\/h2>\n\n\n\n<p>Dette nettstedet kan bruke forskjellige typer informasjonskapsler, inkludert essensielle, funksjonelle og markedsf\u00f8ringsinformasjonskapsler. Hver type informasjonskapsel har en distinkt funksjon, for eksempel \u00e5 muliggj\u00f8re kjernedrift av nettstedet, forbedre brukeropplevelsen eller st\u00f8tte markedsf\u00f8rings- og analysetiltak.<\/p>\n\n\n\n<p><strong>Viktige informasjonskapsler <\/strong>er n\u00f8dvendige for driften og sikkerheten til dette nettstedet. De aktiverer kjernefunksjoner som navigering, p\u00e5loggingsinformasjon (n\u00e5r det er aktuelt), angi personvernpreferanser og gjenkjenne om du har lest, akseptert eller avvist informasjonskapselerkl\u00e6ringen. Fordi disse informasjonskapslene er avgj\u00f8rende for driften og sikkerheten til dette nettstedet, er de ikke valgfrie.&nbsp;<\/p>\n\n\n\n<p><strong>Funksjonelle informasjonskapsler <\/strong>forbedre brukervennligheten og personaliseringen av dette nettstedet ved \u00e5 huske dine preferanser (for eksempel spr\u00e5k eller region) og aktivere innebygd innhold (som videoer, kart eller skjemaer). De st\u00f8tter ogs\u00e5 ytelsesanalyse ved \u00e5 spore brukerinteraksjoner for \u00e5 hjelpe oss med \u00e5 forst\u00e5 atferd og forbedre den generelle brukeropplevelsen. Ved \u00e5 bruke disse informasjonskapslene kan vi levere mer relevant innhold og sikre jevnere navigering og funksjonalitet.<\/p>\n\n\n\n<p>V\u00e6r oppmerksom p\u00e5 at avvisning av disse informasjonskapslene kan begrense personalisering og forhindre at noe innhold vises riktig.<\/p>\n\n\n\n<p><strong>Informasjonskapsler for markedsf\u00f8ring <\/strong>&nbsp;samle inn informasjon om aktivitetene dine p\u00e5 dette nettstedet og, n\u00e5r det er aktuelt, p\u00e5 tvers av andre nettsteder. Disse informasjonskapslene hjelper til med \u00e5 vise m\u00e5lrettede kampanjer\/annonser basert p\u00e5 dine interesser og interaksjoner med dette nettstedet og, n\u00e5r det er aktuelt, andre nettsteder.<\/p>\n\n\n\n<p>Vi bruker Pardot, en tredjeparts markedsf\u00f8ringsautomatiseringsplattform, for \u00e5 legge til rette for noe av markedsf\u00f8rings- og salgsinnsatsen v\u00e5r. Enkelte deler av dette nettstedet (f.eks. landingssider, kontaktskjemaer) bruker Pardot-informasjonskapsler som samler inn data om brukeraktivitet. Pardot-informasjonskapsler er satt til \u00e5 huske brukerdetaljer for fremtidig korrespondanse og bes\u00f8k p\u00e5 dette nettstedet. Denne informasjonen som samles inn hjelper oss med \u00e5 forbedre innholdet p\u00e5 dette nettstedet (f.eks. forst\u00e5 hvilke av rapportene v\u00e5re som oftest lastes ned av brukere).<\/p>\n\n\n\n<p>Hvis du abonnerer p\u00e5 v\u00e5re nyhetsbrev eller e-postmarkedsf\u00f8ring, lar Pardot-informasjonskapsler oss ogs\u00e5 spore hvordan du samhandler med kommunikasjonen v\u00e5r, inkludert om e-postene v\u00e5re \u00e5pnes og hvilke lenker som klikkes. Dette hjelper oss med \u00e5 administrere v\u00e5r e-postmarkedsf\u00f8ring og sende deg relevant informasjon.<\/p>\n\n\n\n<p>Pardot-informasjonskapsler identifiserer nettleseren og enheten din unikt ved \u00e5 tildele en tilfeldig generert bruker-ID. Dataene som samles inn av Pardot-informasjonskapslene vil ikke bli samlet med dine personopplysninger med mindre du frivillig oppgir dem gjennom et Pardot-skjema som er tilgjengelig p\u00e5 dette nettstedet. Hvis du sender inn kontaktinformasjonen din (for eksempel navn eller e-postadresse), samsvarer nettleserloggen som er knyttet til bruker-ID-en, for \u00e5 opprette en brukerprofil.<\/p>\n\n\n\n<p>V\u00e6r oppmerksom p\u00e5 at avvisning av disse informasjonskapslene kan f\u00f8re til mindre relevant innhold og begrense v\u00e5r evne til \u00e5 skreddersy kommunikasjon til dine preferanser.<\/p>\n\n\n\n<p>Ytterligere detaljer om hver type informasjonskapsel som brukes p\u00e5 dette nettstedet finner du p\u00e5 informasjonskapselbanneret, som er tilgjengelig n\u00e5r som helst via informasjonskapselikonet nederst til venstre p\u00e5 skjermen. Informasjonskapselbanneret gir omfattende informasjon for \u00e5 hjelpe deg med \u00e5 ta informerte beslutninger om dine preferanser for informasjonskapsler, inkludert informasjonskapseltypene, deres form\u00e5l, varighet, behandlingssted, behandlingsselskap, data behandlet og lovlig grunnlag.<\/p>\n\n\n\n<h2 class=\"wp-block-heading\">Oppdateringer og endringer i disse retningslinjene for informasjonskapsler<\/h2>\n\n\n\n<p>Vi kan oppdatere disse retningslinjene for informasjonskapsler fra tid til annen for \u00e5 gjenspeile for eksempel endringer i informasjonskapslene vi bruker eller av andre operasjonelle, juridiske eller regulatoriske \u00e5rsaker. Vi oppfordrer deg til \u00e5 bes\u00f8ke disse retningslinjene for informasjonskapsler regelmessig for \u00e5 holde deg informert om v\u00e5r bruk av informasjonskapsler og relaterte teknologier. Datoen \u00f8verst i disse retningslinjene for informasjonskapsler indikerer n\u00e5r de sist ble oppdatert.<\/p>\n\n\n\n<h2 class=\"wp-block-heading\">Hvor kan du f\u00e5 mer informasjon?<\/h2>\n\n\n\n<p>For ytterligere informasjon om v\u00e5r personvernpraksis og dine personvernrettigheter, se personvernerkl\u00e6ringen som er tilgjengelig p\u00e5 dette nettstedet.<\/p>\n\n\n\n<p>Hvis du har sp\u00f8rsm\u00e5l om informasjonskapslene vi bruker, kan du kontakte oss p\u00e5 <a href=\"mailto:privacy@bcdtravel.com\">privacy@bcdtravel.com<\/a>. Vennligst gi oss din kontaktinformasjon, URL-en til dette nettstedet og en detaljert beskrivelse av foresp\u00f8rselen din.<\/p>\n","protected":false},"excerpt":{"rendered":"<p>Sist oppdatert: 1. september 2025 kl. Disse retningslinjene for informasjonskapsler skisserer hvordan BCD Travel Services B.V. (\u00abvi\u00bb, \u00aboss\u00bb og \u00abv\u00e5r\u00bb) bruker informasjonskapsler, sporingsbilder, enhetsidentifikatorer og lignende teknologier (samlet kalt \u00abinformasjonskapsler\u00bb) i forbindelse med din bruk av dette nettstedet, inkludert eventuelle relaterte mobil- eller andre apper, som aktuelt (samlet kalt \u00abnettsted\u00bb). Disse retningslinjene for informasjonskapsler forklarer &hellip;<\/p>\n","protected":false},"author":1,"featured_media":0,"parent":0,"menu_order":0,"comment_status":"closed","ping_status":"closed","template":"","meta":{"_acf_changed":false,"inline_featured_image":false,"footnotes":""},"class_list":["post-10399","page","type-page","status-publish","hentry"],"acf":[],"yoast_head":"<!-- This site is optimized with the Yoast SEO plugin v26.9 - https:\/\/yoast.com\/product\/yoast-seo-wordpress\/ -->\n<title>Retningslinjer for informasjonskapsler - TripSource<\/title>\n<meta name=\"robots\" content=\"index, follow, max-snippet:-1, max-image-preview:large, max-video-preview:-1\" \/>\n<link rel=\"canonical\" href=\"https:\/\/tripsource.com\/nb\/retningslinjer-for-informasjonskapsler\/\" \/>\n<meta property=\"og:locale\" content=\"nb_NO\" \/>\n<meta property=\"og:type\" content=\"article\" \/>\n<meta property=\"og:title\" content=\"Retningslinjer for informasjonskapsler - TripSource\" \/>\n<meta property=\"og:description\" content=\"Sist oppdatert: 1. september 2025 kl. Disse retningslinjene for informasjonskapsler skisserer hvordan BCD Travel Services B.V. (\u00abvi\u00bb, \u00aboss\u00bb og \u00abv\u00e5r\u00bb) bruker informasjonskapsler, sporingsbilder, enhetsidentifikatorer og lignende teknologier (samlet kalt \u00abinformasjonskapsler\u00bb) i forbindelse med din bruk av dette nettstedet, inkludert eventuelle relaterte mobil- eller andre apper, som aktuelt (samlet kalt \u00abnettsted\u00bb). Disse retningslinjene for informasjonskapsler forklarer &hellip;\" \/>\n<meta property=\"og:url\" content=\"https:\/\/tripsource.com\/nb\/retningslinjer-for-informasjonskapsler\/\" \/>\n<meta property=\"og:site_name\" content=\"TripSource\" \/>\n<meta property=\"article:modified_time\" content=\"2025-10-16T19:35:18+00:00\" \/>\n<meta name=\"twitter:card\" content=\"summary_large_image\" \/>\n<meta name=\"twitter:label1\" content=\"Ansl. lesetid\" \/>\n\t<meta name=\"twitter:data1\" content=\"6 minutter\" \/>\n<script type=\"application\/ld+json\" class=\"yoast-schema-graph\">{\"@context\":\"https:\/\/schema.org\",\"@graph\":[{\"@type\":\"WebPage\",\"@id\":\"https:\/\/tripsource.com\/nb\/retningslinjer-for-informasjonskapsler\/\",\"url\":\"https:\/\/tripsource.com\/nb\/retningslinjer-for-informasjonskapsler\/\",\"name\":\"Retningslinjer for informasjonskapsler - TripSource\",\"isPartOf\":{\"@id\":\"https:\/\/tripsource.com\/#website\"},\"datePublished\":\"2025-10-16T19:35:17+00:00\",\"dateModified\":\"2025-10-16T19:35:18+00:00\",\"breadcrumb\":{\"@id\":\"https:\/\/tripsource.com\/nb\/retningslinjer-for-informasjonskapsler\/#breadcrumb\"},\"inLanguage\":\"nb-NO\",\"potentialAction\":[{\"@type\":\"ReadAction\",\"target\":[\"https:\/\/tripsource.com\/nb\/retningslinjer-for-informasjonskapsler\/\"]}]},{\"@type\":\"BreadcrumbList\",\"@id\":\"https:\/\/tripsource.com\/nb\/retningslinjer-for-informasjonskapsler\/#breadcrumb\",\"itemListElement\":[{\"@type\":\"ListItem\",\"position\":1,\"name\":\"Home\",\"item\":\"https:\/\/tripsource.com\/nb\/\"},{\"@type\":\"ListItem\",\"position\":2,\"name\":\"Retningslinjer for informasjonskapsler\"}]},{\"@type\":\"WebSite\",\"@id\":\"https:\/\/tripsource.com\/#website\",\"url\":\"https:\/\/tripsource.com\/\",\"name\":\"TripSource\",\"description\":\"Convenient Corporate Travel\",\"potentialAction\":[{\"@type\":\"SearchAction\",\"target\":{\"@type\":\"EntryPoint\",\"urlTemplate\":\"https:\/\/tripsource.com\/?s={search_term_string}\"},\"query-input\":{\"@type\":\"PropertyValueSpecification\",\"valueRequired\":true,\"valueName\":\"search_term_string\"}}],\"inLanguage\":\"nb-NO\"}]}<\/script>\n<!-- \/ Yoast SEO plugin. -->","yoast_head_json":{"title":"Retningslinjer for informasjonskapsler - TripSource","robots":{"index":"index","follow":"follow","max-snippet":"max-snippet:-1","max-image-preview":"max-image-preview:large","max-video-preview":"max-video-preview:-1"},"canonical":"https:\/\/tripsource.com\/nb\/retningslinjer-for-informasjonskapsler\/","og_locale":"nb_NO","og_type":"article","og_title":"Retningslinjer for informasjonskapsler - TripSource","og_description":"Sist oppdatert: 1. september 2025 kl. Disse retningslinjene for informasjonskapsler skisserer hvordan BCD Travel Services B.V. (\u00abvi\u00bb, \u00aboss\u00bb og \u00abv\u00e5r\u00bb) bruker informasjonskapsler, sporingsbilder, enhetsidentifikatorer og lignende teknologier (samlet kalt \u00abinformasjonskapsler\u00bb) i forbindelse med din bruk av dette nettstedet, inkludert eventuelle relaterte mobil- eller andre apper, som aktuelt (samlet kalt \u00abnettsted\u00bb). Disse retningslinjene for informasjonskapsler forklarer &hellip;","og_url":"https:\/\/tripsource.com\/nb\/retningslinjer-for-informasjonskapsler\/","og_site_name":"TripSource","article_modified_time":"2025-10-16T19:35:18+00:00","twitter_card":"summary_large_image","twitter_misc":{"Ansl. lesetid":"6 minutter"},"schema":{"@context":"https:\/\/schema.org","@graph":[{"@type":"WebPage","@id":"https:\/\/tripsource.com\/nb\/retningslinjer-for-informasjonskapsler\/","url":"https:\/\/tripsource.com\/nb\/retningslinjer-for-informasjonskapsler\/","name":"Retningslinjer for informasjonskapsler - TripSource","isPartOf":{"@id":"https:\/\/tripsource.com\/#website"},"datePublished":"2025-10-16T19:35:17+00:00","dateModified":"2025-10-16T19:35:18+00:00","breadcrumb":{"@id":"https:\/\/tripsource.com\/nb\/retningslinjer-for-informasjonskapsler\/#breadcrumb"},"inLanguage":"nb-NO","potentialAction":[{"@type":"ReadAction","target":["https:\/\/tripsource.com\/nb\/retningslinjer-for-informasjonskapsler\/"]}]},{"@type":"BreadcrumbList","@id":"https:\/\/tripsource.com\/nb\/retningslinjer-for-informasjonskapsler\/#breadcrumb","itemListElement":[{"@type":"ListItem","position":1,"name":"Home","item":"https:\/\/tripsource.com\/nb\/"},{"@type":"ListItem","position":2,"name":"Retningslinjer for informasjonskapsler"}]},{"@type":"WebSite","@id":"https:\/\/tripsource.com\/#website","url":"https:\/\/tripsource.com\/","name":"TripSource","description":"Convenient Corporate Travel","potentialAction":[{"@type":"SearchAction","target":{"@type":"EntryPoint","urlTemplate":"https:\/\/tripsource.com\/?s={search_term_string}"},"query-input":{"@type":"PropertyValueSpecification","valueRequired":true,"valueName":"search_term_string"}}],"inLanguage":"nb-NO"}]}},"_links":{"self":[{"href":"https:\/\/tripsource.com\/nb\/wp-json\/wp\/v2\/pages\/10399","targetHints":{"allow":["GET"]}}],"collection":[{"href":"https:\/\/tripsource.com\/nb\/wp-json\/wp\/v2\/pages"}],"about":[{"href":"https:\/\/tripsource.com\/nb\/wp-json\/wp\/v2\/types\/page"}],"author":[{"embeddable":true,"href":"https:\/\/tripsource.com\/nb\/wp-json\/wp\/v2\/users\/1"}],"replies":[{"embeddable":true,"href":"https:\/\/tripsource.com\/nb\/wp-json\/wp\/v2\/comments?post=10399"}],"version-history":[{"count":0,"href":"https:\/\/tripsource.com\/nb\/wp-json\/wp\/v2\/pages\/10399\/revisions"}],"wp:attachment":[{"href":"https:\/\/tripsource.com\/nb\/wp-json\/wp\/v2\/media?parent=10399"}],"curies":[{"name":"wp","href":"https:\/\/api.w.org\/{rel}","templated":true}]}}