{"id":10395,"date":"2025-10-16T15:34:31","date_gmt":"2025-10-16T19:34:31","guid":{"rendered":"https:\/\/tripsource.com\/?page_id=10395"},"modified":"2025-10-16T15:34:32","modified_gmt":"2025-10-16T19:34:32","slug":"politica-sui-cookie","status":"publish","type":"page","link":"https:\/\/tripsource.com\/it\/politica-sui-cookie\/","title":{"rendered":"Politica sui cookie"},"content":{"rendered":"\n<h3 class=\"wp-block-heading\">Ultimo aggiornamento: 1 settembre 2025<\/h3>\n\n\n\n<p>La presente Informativa sui cookie illustra come BCD Travel Services B.V. (\u00abnoi\u00bb, \u00abci\u00bb e \u00abnostro\u00bb) utilizza cookie, web beacon, identificatori di dispositivi e tecnologie simili (collettivamente, \u00abCookie\u00bb) in relazione all&#8217;utilizzo di questo sito Web, comprese eventuali app mobili o di altro tipo correlate, a seconda dei casi (collettivamente, \u00abSito Web\u00bb). La presente Informativa sui cookie spiega cosa sono i cookie, perch\u00e9 li utilizziamo e per quanto tempo, nonch\u00e9 i tuoi diritti di controllarne l&#8217;uso.<\/p>\n\n\n\n<h2 class=\"wp-block-heading\">Cosa sono i cookie?<\/h2>\n\n\n\n<p>I cookie sono piccoli file di dati che un sito Web invia al tuo computer, tablet, smartphone o dispositivo simile ogni volta che lo visiti. I cookie sono ampiamente utilizzati dai siti Web per far funzionare i siti Web o per farli funzionare in modo pi\u00f9 efficiente, nonch\u00e9 per fornire informazioni di reporting. I cookie consentono al nostro sistema di riconoscere il tuo dispositivo la prossima volta che visiti questo sito Web, aiutandoci a fornire un&#8217;esperienza di navigazione pi\u00f9 fluida e personalizzata. I cookie possono memorizzare le impostazioni dell&#8217;utente e altre informazioni (ad esempio, i dati di navigazione), che possono aiutarci a migliorare questo sito Web.<\/p>\n\n\n\n<h2 class=\"wp-block-heading\">Gestione dei cookie sul tuo dispositivo<\/h2>\n\n\n\n<p>Puoi decidere tu stesso se consentire la memorizzazione dei cookie sul tuo dispositivo. Le tue preferenze sui cookie possono essere selezionate accettando, rifiutando o personalizzando i cookie su questo sito Web facendo clic sui rispettivi pulsanti sul banner dei cookie che ti verr\u00e0 presentato durante la tua prima visita a questo sito Web. Tali preferenze possono essere modificate in qualsiasi momento utilizzando l&#8217;icona Cookie in basso a sinistra dello schermo. Se cancelli i tuoi dati di navigazione, ti verr\u00e0 richiesto di selezionare nuovamente le tue preferenze sui cookie alla tua prossima visita.<\/p>\n\n\n\n<p>Puoi anche gestire le impostazioni dei cookie tramite il tuo browser in qualsiasi momento. I passaggi per farlo possono variare a seconda del browser utilizzato. Dovresti visitare il menu di aiuto del tuo browser per ulteriori informazioni su come gestire i cookie.<\/p>\n\n\n\n<h2 class=\"wp-block-heading\">Chi memorizza i cookie sul tuo dispositivo?<\/h2>\n\n\n\n<p>Alcuni cookie impostati sul tuo dispositivo sono denominati \u00abcookie di prima parte\u00bb, nel senso che vengono inseriti direttamente da noi in qualit\u00e0 di operatore del sito e sono associati al nostro nome host. In alcuni casi, possiamo anche utilizzare \u00abcookie di terze parti\u00bb, che vengono inseriti da fornitori esterni e provengono da altri siti Web.<\/p>\n\n\n\n<p>I cookie di terze parti abilitano caratteristiche o funzionalit\u00e0 fornite da terze parti su o tramite questo sito Web (ad esempio pubblicit\u00e0, contenuti interattivi, funzioni di sicurezza, analisi). Queste terze parti riconoscono il tuo dispositivo sia quando visiti questo sito Web sia quando interagisci con altri siti Web.<\/p>\n\n\n\n<p>Utilizziamo cookie di terze parti per migliorare le prestazioni e la funzionalit\u00e0 di questo sito Web, supportare le funzionalit\u00e0 di sicurezza, segnalare le statistiche di utilizzo e comprendere meglio il comportamento degli utenti. Questi cookie aiutano a garantire il corretto funzionamento del sito Web e possono essere personalizzati in base alle preferenze dell&#8217;utente.<\/p>\n\n\n\n<p>Ulteriori dettagli su ciascun cookie inserito su questo sito Web e sui relativi fornitori sono disponibili sul banner dei cookie, accessibile in qualsiasi momento tramite l&#8217;icona del cookie situata nella parte inferiore sinistra dello schermo.<\/p>\n\n\n\n<h2 class=\"wp-block-heading\">Per quanto tempo vengono conservati i cookie?<\/h2>\n\n\n\n<p>I cookie vengono memorizzati temporaneamente nella memoria del dispositivo (cookie di sessione) o salvati sul disco rigido per un periodo pi\u00f9 lungo (cookie persistente).<\/p>\n\n\n\n<p><strong>I cookie di sessione<\/strong> vengono generati quando l&#8217;utente inizia a visitare questo sito Web e contengono un numero ID individuale generato in modo casuale assegnato al dispositivo dell&#8217;utente. Questi cookie scadono alla fine della sessione e vengono eliminati automaticamente alla chiusura di questo sito Web.<\/p>\n\n\n\n<p><strong>I cookie permanenti<\/strong> rimangono memorizzati sul dispositivo dopo la chiusura di questo sito Web. Conservano informazioni come le impostazioni, le preferenze e le credenziali di accesso, consentendo un&#8217;esperienza pi\u00f9 personalizzata nelle visite future. Questi cookie rimangono attivi fino al raggiungimento della data di scadenza predefinita o vengono eliminati manualmente dall&#8217;utente.&nbsp;<\/p>\n\n\n\n<p>Ulteriori dettagli sulla durata di ciascun cookie inserito su questo sito Web sono disponibili nel banner dei cookie, accessibile in qualsiasi momento tramite l&#8217;icona del cookie situata nella parte inferiore sinistra dello schermo.<\/p>\n\n\n\n<h2 class=\"wp-block-heading\">Cookie su questo sito Web<\/h2>\n\n\n\n<p>Questo sito Web pu\u00f2 utilizzare diversi tipi di cookie, inclusi cookie essenziali, funzionali e di marketing. Ogni tipo di cookie svolge una funzione distinta, ad esempio consentire le operazioni principali del sito, migliorare l&#8217;esperienza dell&#8217;utente o supportare le attivit\u00e0 di marketing e analisi.<\/p>\n\n\n\n<p><strong>I cookie essenziali<\/strong> sono necessari per il funzionamento e la sicurezza di questo sito Web. Consentono funzioni di base come la navigazione, le credenziali di accesso (se applicabili), l&#8217;impostazione delle preferenze sulla privacy e il riconoscimento se hai letto, accettato o rifiutato l&#8217;avviso sui cookie. Poich\u00e9 questi cookie sono essenziali per il funzionamento e la sicurezza di questo sito Web, non sono opzionali.&nbsp;<\/p>\n\n\n\n<p><strong>I cookie funzionali<\/strong> migliorano l&#8217;usabilit\u00e0 e la personalizzazione di questo sito Web ricordando le preferenze dell&#8217;utente (come la lingua o la regione) e abilitando i contenuti incorporati (come video, mappe o moduli). Supportano inoltre l&#8217;analisi delle prestazioni tracciando le interazioni degli utenti per aiutarci a comprendere il comportamento e migliorare l&#8217;esperienza complessiva dell&#8217;utente. Utilizzando questi cookie, possiamo fornire contenuti pi\u00f9 pertinenti e garantire una navigazione e una funzionalit\u00e0 pi\u00f9 fluide.<\/p>\n\n\n\n<p>Tieni presente che il rifiuto di questi cookie pu\u00f2 limitare la personalizzazione e impedire la corretta visualizzazione di determinati contenuti.<\/p>\n\n\n\n<p><strong>I cookie di marketing<\/strong> raccolgono informazioni sulle attivit\u00e0 dell&#8217;utente su questo sito Web e, se applicabile, su altri siti Web. Questi cookie aiutano a visualizzare promozioni\/pubblicit\u00e0 mirate in base agli interessi e alle interazioni dell&#8217;utente con questo sito Web e, se applicabile, altri siti Web.<\/p>\n\n\n\n<p>Utilizziamo Pardot, una piattaforma di automazione del marketing di terze parti, per facilitare alcune delle nostre attivit\u00e0 di marketing e vendita. Alcune parti di questo sito Web (ad esempio, pagine di destinazione, moduli di contatto) utilizzano i cookie Pardot che raccolgono dati sull&#8217;attivit\u00e0 degli utenti. I cookie Pardot sono impostati per ricordare i dettagli dell&#8217;utente per la corrispondenza e le visite future a questo sito Web. Queste informazioni raccolte ci aiutano a migliorare il contenuto di questo sito Web (ad esempio, comprendere quali dei nostri report vengono scaricati pi\u00f9 frequentemente dagli utenti).<\/p>\n\n\n\n<p>Se ti iscrivi alle nostre newsletter o all&#8217;email marketing, i cookie Pardot ci consentono anche di tracciare come interagisci con le nostre comunicazioni, incluso se le nostre e-mail vengono aperte e quali link vengono cliccati. Questo ci aiuta a gestire il nostro marketing via email e a inviarti informazioni pertinenti.<\/p>\n\n\n\n<p>I cookie Pardot identificano in modo univoco il browser e il dispositivo dell&#8217;utente assegnando un ID utente generato casualmente. I dati raccolti dai cookie Pardot non verranno raccolti con i tuoi dati personali a meno che tu non li fornisca volontariamente tramite un modulo Pardot disponibile su questo sito Web. Se invii i tuoi dati di contatto (come nome o indirizzo email), la cronologia di navigazione associata all&#8217;ID utente viene abbinata per creare un profilo utente.<\/p>\n\n\n\n<p>Tieni presente che il rifiuto di questi cookie pu\u00f2 comportare contenuti meno pertinenti e limitare la nostra capacit\u00e0 di personalizzare le comunicazioni in base alle tue preferenze.<\/p>\n\n\n\n<p>Ulteriori dettagli su ciascun tipo di cookie utilizzato su questo sito Web sono disponibili sul banner dei cookie, accessibile in qualsiasi momento tramite l&#8217;icona dei cookie situata nella parte inferiore sinistra dello schermo. Il banner sui cookie fornisce informazioni complete per aiutarti a prendere decisioni informate sulle tue preferenze sui cookie, inclusi i tipi di cookie, il loro scopo, la durata, il luogo del trattamento, la societ\u00e0 di elaborazione, i dati trattati e la base giuridica.<\/p>\n\n\n\n<h2 class=\"wp-block-heading\">Aggiornamenti e modifiche alla presente Informativa sui cookie<\/h2>\n\n\n\n<p>Di tanto in tanto potremmo aggiornare la presente Informativa sui cookie per riflettere, ad esempio, le modifiche ai cookie che utilizziamo o per altri motivi operativi, legali o normativi. Ti invitiamo a rivedere regolarmente la presente Informativa sui cookie per rimanere informato sul nostro utilizzo dei cookie e delle tecnologie correlate. La data nella parte superiore della presente Informativa sui cookie indica l&#8217;ultima volta che \u00e8 stata aggiornata.<\/p>\n\n\n\n<h2 class=\"wp-block-heading\">Dove \u00e8 possibile reperire ulteriori informazioni?<\/h2>\n\n\n\n<p>Per ulteriori informazioni sulle nostre pratiche sulla privacy e sui tuoi diritti in materia di privacy, consulta l&#8217;Informativa sulla privacy disponibile su questo sito Web.<\/p>\n\n\n\n<p>Se avete domande sui cookie che utilizziamo, contattateci all&#8217;<a href=\"mailto:privacy@bcdtravel.com\">indirizzo privacy@bcdtravel.com<\/a>. Forniscici le tue informazioni di contatto, l&#8217;URL di questo sito Web e una descrizione dettagliata della tua richiesta.<\/p>\n","protected":false},"excerpt":{"rendered":"<p>Ultimo aggiornamento: 1 settembre 2025 La presente Informativa sui cookie illustra come BCD Travel Services B.V. (\u00abnoi\u00bb, \u00abci\u00bb e \u00abnostro\u00bb) utilizza cookie, web beacon, identificatori di dispositivi e tecnologie simili (collettivamente, \u00abCookie\u00bb) in relazione all&#8217;utilizzo di questo sito Web, comprese eventuali app mobili o di altro tipo correlate, a seconda dei casi (collettivamente, \u00abSito Web\u00bb). &hellip;<\/p>\n","protected":false},"author":1,"featured_media":0,"parent":0,"menu_order":0,"comment_status":"closed","ping_status":"closed","template":"","meta":{"_acf_changed":false,"inline_featured_image":false,"footnotes":""},"class_list":["post-10395","page","type-page","status-publish","hentry"],"acf":[],"yoast_head":"<!-- This site is optimized with the Yoast SEO plugin v26.9 - https:\/\/yoast.com\/product\/yoast-seo-wordpress\/ -->\n<title>Politica sui cookie - TripSource<\/title>\n<meta name=\"robots\" content=\"index, follow, max-snippet:-1, max-image-preview:large, max-video-preview:-1\" \/>\n<link rel=\"canonical\" href=\"https:\/\/tripsource.com\/it\/politica-sui-cookie\/\" \/>\n<meta property=\"og:locale\" content=\"it_IT\" \/>\n<meta property=\"og:type\" content=\"article\" \/>\n<meta property=\"og:title\" content=\"Politica sui cookie - TripSource\" \/>\n<meta property=\"og:description\" content=\"Ultimo aggiornamento: 1 settembre 2025 La presente Informativa sui cookie illustra come BCD Travel Services B.V. (\u00abnoi\u00bb, \u00abci\u00bb e \u00abnostro\u00bb) utilizza cookie, web beacon, identificatori di dispositivi e tecnologie simili (collettivamente, \u00abCookie\u00bb) in relazione all&#8217;utilizzo di questo sito Web, comprese eventuali app mobili o di altro tipo correlate, a seconda dei casi (collettivamente, \u00abSito Web\u00bb). &hellip;\" \/>\n<meta property=\"og:url\" content=\"https:\/\/tripsource.com\/it\/politica-sui-cookie\/\" \/>\n<meta property=\"og:site_name\" content=\"TripSource\" \/>\n<meta property=\"article:modified_time\" content=\"2025-10-16T19:34:32+00:00\" \/>\n<meta name=\"twitter:card\" content=\"summary_large_image\" \/>\n<script type=\"application\/ld+json\" class=\"yoast-schema-graph\">{\"@context\":\"https:\/\/schema.org\",\"@graph\":[{\"@type\":\"WebPage\",\"@id\":\"https:\/\/tripsource.com\/it\/politica-sui-cookie\/\",\"url\":\"https:\/\/tripsource.com\/it\/politica-sui-cookie\/\",\"name\":\"Politica sui cookie - TripSource\",\"isPartOf\":{\"@id\":\"https:\/\/tripsource.com\/#website\"},\"datePublished\":\"2025-10-16T19:34:31+00:00\",\"dateModified\":\"2025-10-16T19:34:32+00:00\",\"breadcrumb\":{\"@id\":\"https:\/\/tripsource.com\/it\/politica-sui-cookie\/#breadcrumb\"},\"inLanguage\":\"it-IT\",\"potentialAction\":[{\"@type\":\"ReadAction\",\"target\":[\"https:\/\/tripsource.com\/it\/politica-sui-cookie\/\"]}]},{\"@type\":\"BreadcrumbList\",\"@id\":\"https:\/\/tripsource.com\/it\/politica-sui-cookie\/#breadcrumb\",\"itemListElement\":[{\"@type\":\"ListItem\",\"position\":1,\"name\":\"Home\",\"item\":\"https:\/\/tripsource.com\/it\/\"},{\"@type\":\"ListItem\",\"position\":2,\"name\":\"Politica sui cookie\"}]},{\"@type\":\"WebSite\",\"@id\":\"https:\/\/tripsource.com\/#website\",\"url\":\"https:\/\/tripsource.com\/\",\"name\":\"TripSource\",\"description\":\"Convenient Corporate Travel\",\"potentialAction\":[{\"@type\":\"SearchAction\",\"target\":{\"@type\":\"EntryPoint\",\"urlTemplate\":\"https:\/\/tripsource.com\/?s={search_term_string}\"},\"query-input\":{\"@type\":\"PropertyValueSpecification\",\"valueRequired\":true,\"valueName\":\"search_term_string\"}}],\"inLanguage\":\"it-IT\"}]}<\/script>\n<!-- \/ Yoast SEO plugin. -->","yoast_head_json":{"title":"Politica sui cookie - TripSource","robots":{"index":"index","follow":"follow","max-snippet":"max-snippet:-1","max-image-preview":"max-image-preview:large","max-video-preview":"max-video-preview:-1"},"canonical":"https:\/\/tripsource.com\/it\/politica-sui-cookie\/","og_locale":"it_IT","og_type":"article","og_title":"Politica sui cookie - TripSource","og_description":"Ultimo aggiornamento: 1 settembre 2025 La presente Informativa sui cookie illustra come BCD Travel Services B.V. (\u00abnoi\u00bb, \u00abci\u00bb e \u00abnostro\u00bb) utilizza cookie, web beacon, identificatori di dispositivi e tecnologie simili (collettivamente, \u00abCookie\u00bb) in relazione all&#8217;utilizzo di questo sito Web, comprese eventuali app mobili o di altro tipo correlate, a seconda dei casi (collettivamente, \u00abSito Web\u00bb). &hellip;","og_url":"https:\/\/tripsource.com\/it\/politica-sui-cookie\/","og_site_name":"TripSource","article_modified_time":"2025-10-16T19:34:32+00:00","twitter_card":"summary_large_image","schema":{"@context":"https:\/\/schema.org","@graph":[{"@type":"WebPage","@id":"https:\/\/tripsource.com\/it\/politica-sui-cookie\/","url":"https:\/\/tripsource.com\/it\/politica-sui-cookie\/","name":"Politica sui cookie - TripSource","isPartOf":{"@id":"https:\/\/tripsource.com\/#website"},"datePublished":"2025-10-16T19:34:31+00:00","dateModified":"2025-10-16T19:34:32+00:00","breadcrumb":{"@id":"https:\/\/tripsource.com\/it\/politica-sui-cookie\/#breadcrumb"},"inLanguage":"it-IT","potentialAction":[{"@type":"ReadAction","target":["https:\/\/tripsource.com\/it\/politica-sui-cookie\/"]}]},{"@type":"BreadcrumbList","@id":"https:\/\/tripsource.com\/it\/politica-sui-cookie\/#breadcrumb","itemListElement":[{"@type":"ListItem","position":1,"name":"Home","item":"https:\/\/tripsource.com\/it\/"},{"@type":"ListItem","position":2,"name":"Politica sui cookie"}]},{"@type":"WebSite","@id":"https:\/\/tripsource.com\/#website","url":"https:\/\/tripsource.com\/","name":"TripSource","description":"Convenient Corporate Travel","potentialAction":[{"@type":"SearchAction","target":{"@type":"EntryPoint","urlTemplate":"https:\/\/tripsource.com\/?s={search_term_string}"},"query-input":{"@type":"PropertyValueSpecification","valueRequired":true,"valueName":"search_term_string"}}],"inLanguage":"it-IT"}]}},"_links":{"self":[{"href":"https:\/\/tripsource.com\/it\/wp-json\/wp\/v2\/pages\/10395","targetHints":{"allow":["GET"]}}],"collection":[{"href":"https:\/\/tripsource.com\/it\/wp-json\/wp\/v2\/pages"}],"about":[{"href":"https:\/\/tripsource.com\/it\/wp-json\/wp\/v2\/types\/page"}],"author":[{"embeddable":true,"href":"https:\/\/tripsource.com\/it\/wp-json\/wp\/v2\/users\/1"}],"replies":[{"embeddable":true,"href":"https:\/\/tripsource.com\/it\/wp-json\/wp\/v2\/comments?post=10395"}],"version-history":[{"count":0,"href":"https:\/\/tripsource.com\/it\/wp-json\/wp\/v2\/pages\/10395\/revisions"}],"wp:attachment":[{"href":"https:\/\/tripsource.com\/it\/wp-json\/wp\/v2\/media?parent=10395"}],"curies":[{"name":"wp","href":"https:\/\/api.w.org\/{rel}","templated":true}]}}