{"id":457,"date":"2015-10-09T13:27:20","date_gmt":"2015-10-09T17:27:20","guid":{"rendered":"http:\/\/tripsource.com\/fr\/?page_id=457"},"modified":"2017-03-16T19:15:11","modified_gmt":"2017-03-16T23:15:11","slug":"download","status":"publish","type":"page","link":"https:\/\/tripsource.com\/fr\/download\/","title":{"rendered":"T\u00e9l\u00e9charger"},"content":{"rendered":"<div class=\"col-sm-4 page-download\">\n<img loading=\"lazy\" decoding=\"async\" src=\"\/wp-content\/themes\/bootstrap-basic\/img\/phone_acte_fr.png\" alt=\"Download the app today!\" width=\"320\" height=\"645\" class=\"alignnone size-full wp-image-231\" \/>\n<\/div>\n<div class=\"col-sm-8 page-download\">\n<img loading=\"lazy\" decoding=\"async\" width=\"300\" height=\"112\" class=\"app-award img-thumbnail size-medium wp-image-237\" alt=\"App Design Award Winner\" src=\"https:\/\/tripsource.com\/wp-content\/themes\/bootstrap-basic\/img\/app_award_fr.jpg\"><\/p>\n<div class=\"well\">\n<p>Choisissez votre plateforme\u00a0:<\/p>\n<div class=\"dl_btn_cont\">\n<a class=\"app_download_button_apple app_download_button_fr\" href=\"https:\/\/itunes.apple.com\/fr\/app\/apple-store\/id710472405?pt=2098455&ct=tripsourcemarketingwebsite&mt=8\"><img decoding=\"async\" width=\"135px\" height=\"40px\" alt=\"T&eacute;l&eacute;charger dans l&rsquo;App Store\" src=\"https:\/\/tripsource.com\/wp-content\/themes\/bootstrap-basic-child\/img\/appstore-simple.png\"><\/a>\n<a class=\"app_download_button_google app_download_button_fr\" href=\"https:\/\/play.google.com\/store\/apps\/details?id=com.mttnow.android.bcd.production&hl=fr&referrer=utm_source%3DBCD%26utm_campaign%3DTripSource%2520Marketing%2520Website\"><img decoding=\"async\" width=\"135px\" height=\"40px\" alt=\"Disponible sur Google Play\" src=\"https:\/\/tripsource.com\/wp-content\/themes\/bootstrap-basic-child\/img\/googleplay-simple.png\"><\/a>\n<\/div>\n<\/div>\n<div class=\"clearfix\"><\/div>\n<h2>Emportez-la avec vous\u00a0!<\/h2>\n<p>TripSource est \u00e9galement une application compatible avec les appareils iPhone et Android.<\/p>\n<ul>\n<li>La synchronisation automatique de tous vos itin\u00e9raires BCD Travel\u00a0\u2013 avion, h\u00f4tel, voiture de location, train et transport terrestre<\/li>\n<li>Des alertes en temps r\u00e9el sur les vols et les changements de porte d\u2019embarquement<\/li>\n<li>Des cartes et des directions pour vous amener \u00e0 bon port, quelle que soit votre destination<\/li>\n<li>Des conseils et des rappels pour voyager malin<\/li>\n<li>Existe en anglais, en fran\u00e7ais, en allemand, en espagnol et en portugais du Br\u00e9sil (selon les param\u00e8tres de l\u2019appareil)<\/li>\n<\/ul>\n<p class=\"blue-text\">Voyager malin. Toujours mieux.<\/p>\n<\/div>\n","protected":false},"excerpt":{"rendered":"<p>Choisissez votre plateforme\u00a0: Emportez-la avec vous\u00a0! TripSource est \u00e9galement une application compatible avec les appareils iPhone et Android. La synchronisation automatique de tous vos itin\u00e9raires BCD Travel\u00a0\u2013 avion, h\u00f4tel, voiture de location, train et transport terrestre Des alertes en temps r\u00e9el sur les vols et les changements de porte d\u2019embarquement Des cartes et des directions &hellip;<\/p>\n","protected":false},"author":6,"featured_media":0,"parent":0,"menu_order":198,"comment_status":"closed","ping_status":"closed","template":"","meta":{"_acf_changed":false,"inline_featured_image":false,"footnotes":""},"class_list":["post-457","page","type-page","status-publish","hentry"],"acf":[],"yoast_head":"<!-- This site is optimized with the Yoast SEO plugin v26.9 - https:\/\/yoast.com\/product\/yoast-seo-wordpress\/ -->\n<title>T\u00e9l\u00e9charger - TripSource<\/title>\n<meta name=\"robots\" content=\"index, follow, max-snippet:-1, max-image-preview:large, max-video-preview:-1\" \/>\n<link rel=\"canonical\" href=\"https:\/\/tripsource.com\/fr\/download\/\" \/>\n<meta property=\"og:locale\" content=\"fr_FR\" \/>\n<meta property=\"og:type\" content=\"article\" \/>\n<meta property=\"og:title\" content=\"T\u00e9l\u00e9charger - TripSource\" \/>\n<meta property=\"og:description\" content=\"Choisissez votre plateforme\u00a0: Emportez-la avec vous\u00a0! TripSource est \u00e9galement une application compatible avec les appareils iPhone et Android. La synchronisation automatique de tous vos itin\u00e9raires BCD Travel\u00a0\u2013 avion, h\u00f4tel, voiture de location, train et transport terrestre Des alertes en temps r\u00e9el sur les vols et les changements de porte d\u2019embarquement Des cartes et des directions &hellip;\" \/>\n<meta property=\"og:url\" content=\"https:\/\/tripsource.com\/fr\/download\/\" \/>\n<meta property=\"og:site_name\" content=\"TripSource\" \/>\n<meta property=\"article:modified_time\" content=\"2017-03-16T23:15:11+00:00\" \/>\n<meta property=\"og:image\" content=\"https:\/\/tripsource.com\/wp-content\/themes\/bootstrap-basic\/img\/app_award_fr.jpg\" \/>\n<meta name=\"twitter:card\" content=\"summary_large_image\" \/>\n<meta name=\"twitter:label1\" content=\"Dur\u00e9e de lecture estim\u00e9e\" \/>\n\t<meta name=\"twitter:data1\" content=\"1 minute\" \/>\n<script type=\"application\/ld+json\" class=\"yoast-schema-graph\">{\"@context\":\"https:\/\/schema.org\",\"@graph\":[{\"@type\":\"WebPage\",\"@id\":\"https:\/\/tripsource.com\/fr\/download\/\",\"url\":\"https:\/\/tripsource.com\/fr\/download\/\",\"name\":\"T\u00e9l\u00e9charger - TripSource\",\"isPartOf\":{\"@id\":\"https:\/\/tripsource.com\/#website\"},\"primaryImageOfPage\":{\"@id\":\"https:\/\/tripsource.com\/fr\/download\/#primaryimage\"},\"image\":{\"@id\":\"https:\/\/tripsource.com\/fr\/download\/#primaryimage\"},\"thumbnailUrl\":\"https:\/\/tripsource.com\/wp-content\/themes\/bootstrap-basic\/img\/app_award_fr.jpg\",\"datePublished\":\"2015-10-09T17:27:20+00:00\",\"dateModified\":\"2017-03-16T23:15:11+00:00\",\"breadcrumb\":{\"@id\":\"https:\/\/tripsource.com\/fr\/download\/#breadcrumb\"},\"inLanguage\":\"fr-FR\",\"potentialAction\":[{\"@type\":\"ReadAction\",\"target\":[\"https:\/\/tripsource.com\/fr\/download\/\"]}]},{\"@type\":\"ImageObject\",\"inLanguage\":\"fr-FR\",\"@id\":\"https:\/\/tripsource.com\/fr\/download\/#primaryimage\",\"url\":\"https:\/\/tripsource.com\/wp-content\/themes\/bootstrap-basic\/img\/app_award_fr.jpg\",\"contentUrl\":\"https:\/\/tripsource.com\/wp-content\/themes\/bootstrap-basic\/img\/app_award_fr.jpg\"},{\"@type\":\"BreadcrumbList\",\"@id\":\"https:\/\/tripsource.com\/fr\/download\/#breadcrumb\",\"itemListElement\":[{\"@type\":\"ListItem\",\"position\":1,\"name\":\"Home\",\"item\":\"https:\/\/tripsource.com\/fr\/\"},{\"@type\":\"ListItem\",\"position\":2,\"name\":\"T\u00e9l\u00e9charger\"}]},{\"@type\":\"WebSite\",\"@id\":\"https:\/\/tripsource.com\/#website\",\"url\":\"https:\/\/tripsource.com\/\",\"name\":\"TripSource\",\"description\":\"Convenient Corporate Travel\",\"potentialAction\":[{\"@type\":\"SearchAction\",\"target\":{\"@type\":\"EntryPoint\",\"urlTemplate\":\"https:\/\/tripsource.com\/?s={search_term_string}\"},\"query-input\":{\"@type\":\"PropertyValueSpecification\",\"valueRequired\":true,\"valueName\":\"search_term_string\"}}],\"inLanguage\":\"fr-FR\"}]}<\/script>\n<!-- \/ Yoast SEO plugin. -->","yoast_head_json":{"title":"T\u00e9l\u00e9charger - TripSource","robots":{"index":"index","follow":"follow","max-snippet":"max-snippet:-1","max-image-preview":"max-image-preview:large","max-video-preview":"max-video-preview:-1"},"canonical":"https:\/\/tripsource.com\/fr\/download\/","og_locale":"fr_FR","og_type":"article","og_title":"T\u00e9l\u00e9charger - TripSource","og_description":"Choisissez votre plateforme\u00a0: Emportez-la avec vous\u00a0! TripSource est \u00e9galement une application compatible avec les appareils iPhone et Android. La synchronisation automatique de tous vos itin\u00e9raires BCD Travel\u00a0\u2013 avion, h\u00f4tel, voiture de location, train et transport terrestre Des alertes en temps r\u00e9el sur les vols et les changements de porte d\u2019embarquement Des cartes et des directions &hellip;","og_url":"https:\/\/tripsource.com\/fr\/download\/","og_site_name":"TripSource","article_modified_time":"2017-03-16T23:15:11+00:00","og_image":[{"url":"https:\/\/tripsource.com\/wp-content\/themes\/bootstrap-basic\/img\/app_award_fr.jpg","type":"","width":"","height":""}],"twitter_card":"summary_large_image","twitter_misc":{"Dur\u00e9e de lecture estim\u00e9e":"1 minute"},"schema":{"@context":"https:\/\/schema.org","@graph":[{"@type":"WebPage","@id":"https:\/\/tripsource.com\/fr\/download\/","url":"https:\/\/tripsource.com\/fr\/download\/","name":"T\u00e9l\u00e9charger - TripSource","isPartOf":{"@id":"https:\/\/tripsource.com\/#website"},"primaryImageOfPage":{"@id":"https:\/\/tripsource.com\/fr\/download\/#primaryimage"},"image":{"@id":"https:\/\/tripsource.com\/fr\/download\/#primaryimage"},"thumbnailUrl":"https:\/\/tripsource.com\/wp-content\/themes\/bootstrap-basic\/img\/app_award_fr.jpg","datePublished":"2015-10-09T17:27:20+00:00","dateModified":"2017-03-16T23:15:11+00:00","breadcrumb":{"@id":"https:\/\/tripsource.com\/fr\/download\/#breadcrumb"},"inLanguage":"fr-FR","potentialAction":[{"@type":"ReadAction","target":["https:\/\/tripsource.com\/fr\/download\/"]}]},{"@type":"ImageObject","inLanguage":"fr-FR","@id":"https:\/\/tripsource.com\/fr\/download\/#primaryimage","url":"https:\/\/tripsource.com\/wp-content\/themes\/bootstrap-basic\/img\/app_award_fr.jpg","contentUrl":"https:\/\/tripsource.com\/wp-content\/themes\/bootstrap-basic\/img\/app_award_fr.jpg"},{"@type":"BreadcrumbList","@id":"https:\/\/tripsource.com\/fr\/download\/#breadcrumb","itemListElement":[{"@type":"ListItem","position":1,"name":"Home","item":"https:\/\/tripsource.com\/fr\/"},{"@type":"ListItem","position":2,"name":"T\u00e9l\u00e9charger"}]},{"@type":"WebSite","@id":"https:\/\/tripsource.com\/#website","url":"https:\/\/tripsource.com\/","name":"TripSource","description":"Convenient Corporate Travel","potentialAction":[{"@type":"SearchAction","target":{"@type":"EntryPoint","urlTemplate":"https:\/\/tripsource.com\/?s={search_term_string}"},"query-input":{"@type":"PropertyValueSpecification","valueRequired":true,"valueName":"search_term_string"}}],"inLanguage":"fr-FR"}]}},"_links":{"self":[{"href":"https:\/\/tripsource.com\/fr\/wp-json\/wp\/v2\/pages\/457","targetHints":{"allow":["GET"]}}],"collection":[{"href":"https:\/\/tripsource.com\/fr\/wp-json\/wp\/v2\/pages"}],"about":[{"href":"https:\/\/tripsource.com\/fr\/wp-json\/wp\/v2\/types\/page"}],"author":[{"embeddable":true,"href":"https:\/\/tripsource.com\/fr\/wp-json\/wp\/v2\/users\/6"}],"replies":[{"embeddable":true,"href":"https:\/\/tripsource.com\/fr\/wp-json\/wp\/v2\/comments?post=457"}],"version-history":[{"count":0,"href":"https:\/\/tripsource.com\/fr\/wp-json\/wp\/v2\/pages\/457\/revisions"}],"wp:attachment":[{"href":"https:\/\/tripsource.com\/fr\/wp-json\/wp\/v2\/media?parent=457"}],"curies":[{"name":"wp","href":"https:\/\/api.w.org\/{rel}","templated":true}]}}