{"id":387,"date":"2015-10-02T16:17:58","date_gmt":"2015-10-02T20:17:58","guid":{"rendered":"http:\/\/tripsource.com\/fr\/quickfacts\/"},"modified":"2016-12-15T17:08:34","modified_gmt":"2016-12-15T21:08:34","slug":"quickfacts","status":"publish","type":"page","link":"https:\/\/tripsource.com\/fr\/quickfacts\/","title":{"rendered":"TripSource<sup>\u00ae<\/sup> \u2013 Les faits, en bref"},"content":{"rendered":"<div class=\"home_float_1\">\n<h2 class=\"highlighted_features_headline\">Fonctionnalit\u00e9s \u00e0 la une<\/h2>\n<div class=\"indent\">\n<ul class=\"highlighted_features_list\">\n<li>Gestion des itin\u00e9raires<\/li>\n<li>Partage des itin\u00e9raires<\/li>\n<li>Importation d\u2019itin\u00e9raires d\u2019autres sources<\/li>\n<li>Ajouts de voyages<\/li>\n<li>Titres personnalis\u00e9s de voyages<\/li>\n<li>Cartes et orientation<\/li>\n<li>Alertes et informations<\/li>\n<li>Offres et avantages (certains march\u00e9s)<\/li>\n<li>Existe en anglais, en fran\u00e7ais, en allemand, en espagnol et en portugais du Br\u00e9sil.<\/li>\n<\/ul>\n<h2>Revenez r\u00e9guli\u00e8rement pour de nouvelles fonctionnalit\u00e9s. Bient\u00f4t disponible !<\/h2>\n<ul class=\"coming_soon_list\">\n<li>&#x27a1; &nbsp; Chat avec les agents<\/li>\n<li>&#x27a1; &nbsp; R\u00e9servations d\u2019h\u00f4tel<\/li>\n<li>&#x27a1; &nbsp; Alertes et informations propres aux entreprises<\/li>\n<li>&#x27a1; &nbsp; Et bien plus&hellip;<\/li>\n<\/ul>\n<\/div>\n<\/div>\n<div class=\"home_float_2\">\n<h2 class=\"availability_headline\">Disponibilit\u00e9<\/h2>\n<div class=\"indent\">\n<div>TripSource est actuellement disponible depuis l\u2019App Store d\u2019iTunes, Google Play et sur Internet, dans les pays suivants\u00a0:<\/div>\n<div class=\"coming_soon_countries_1\">\n<ul class=\"current_countries\">\n<li class='flag flag_Algeria'>Alg\u00e9rie<\/li>\n<li class='flag flag_Argentina'>Argentine<\/li>\n<li class='flag flag_Australia'>Australie<\/li>\n<li class='flag flag_Azerbaijan'>Azerba\u00efdjan<\/li>\n<li class='flag flag_Bahrain'>Bahre\u00efn<\/li>\n<li class='flag flag_Belgium'>Belgique<\/li>\n<li class='flag flag_Bolivia'>Bolivie<\/li>\n<li class='flag flag_Botswana'>Botswana<\/li>\n<li class='flag flag_Brazil'>Br\u00e9sil<\/li>\n<li class='flag flag_Bulgaria'>Bulgarie<\/li>\n<li class='flag flag_Cambodia'>Cambodge<\/li>\n<li class='flag flag_Canada'>Canada<\/li>\n<li class='flag flag_Chile'>Chili<\/li>\n<li class='flag flag_Colombia'>Colombie<\/li>\n<li class='flag flag_CostaRica'>Costa Rica<\/li>\n<li class='flag flag_Croatia'>Croatie<\/li>\n<li class='flag flag_Denmark'>Danemark<\/li>\n<li class='flag flag_DominicanRepublic'>R\u00e9publique Dominicaine<\/li>\n<li class='flag flag_Egypt'>Egypte<\/li>\n<li class='flag flag_ElSalvador'>Le Salvador<\/li>\n<li class='flag flag_Estonia'>Estonie<\/li>\n<li class='flag flag_Finland'>Finlande<\/li>\n<li class='flag flag_France'>France<\/li>\n<li class='flag flag_Germany'>Allemagne<\/li>\n<li class='flag flag_Ghana'>Ghana<\/li>\n<li class='flag flag_Greece'>Gr\u00e8ce<\/li>\n<li class='flag flag_Hong_Kong'>Hong Kong<\/li>\n<li class='flag flag_Hungary'>Hongrie<\/li>\n<li class='flag flag_India'>Inde<\/li>\n<li class='flag flag_Indonesia'>Indon\u00e9sie<\/li>\n<li class='flag flag_Ireland'>Irlande<\/li>\n<li class='flag flag_Italy'>Italie<\/li>\n<li class='flag flag_Ivory_Coast'>C\u00f4te d&rsquo;Ivoire<\/li>\n<li class='flag flag_Japan'>Japon<\/li>\n<li class='flag flag_Jordan'>Jordanie<\/li>\n<li class='flag flag_Kenya'>Kenya<\/li>\n<li class='flag flag_Kuwait'>Koweit<\/li>\n<li class='flag flag_Latvia'>Lettonie<\/li>\n<li class='flag flag_Lithuania'>Lituanie<\/li>\n<li class='flag flag_Luxembourg'>Luxembourg<\/li>\n<li class='flag flag_Madagascar'>Madagascar<\/li>\n<li class='flag flag_Malaysia'>Malaisie<\/li>\n<\/ul>\n<\/div>\n<div class=\"coming_soon_countries_2\">\n<ul class=\"current_countries\">\n<li class='flag flag_Mauritius'>Ile Maurice<\/li>\n<li class='flag flag_Mexico'>Mexique<\/li>\n<li class='flag flag_Morocco'>Maroc<\/li>\n<li class='flag flag_Mozambique'>Mozambique<\/li>\n<li class='flag flag_Namibia'>Namibie<\/li>\n<li class='flag flag_Netherlands'>Pays-Bas<\/li>\n<li class='flag flag_NewZealand'>Nouvelle-Z\u00e9lande<\/li>\n<li class='flag flag_Nigeria'>Nigeria<\/li>\n<li class='flag flag_Norway'>Norv\u00e8ge<\/li>\n<li class='flag flag_Oman'>Oman<\/li>\n<li class='flag flag_Pakistan'>Pakistan<\/li>\n<li class='flag flag_Panama'>Panama<\/li>\n<li class='flag flag_Peru'>P\u00e9rou<\/li>\n<li class='flag flag_Philippines'>Philippines<\/li>\n<li class='flag flag_Poland'>Pologne<\/li>\n<li class='flag flag_Qatar'>Qatar<\/li>\n<li class='flag flag_Romania'>Roumanie<\/li>\n<li class='flag flag_Senegal'>S\u00e9n\u00e9gal<\/li>\n<li class='flag flag_Serbia'>Serbie<\/li>\n<li class='flag flag_Singapore'>Singapour<\/li>\n<li class='flag flag_Slovakia'>Slovaquie<\/li>\n<li class='flag flag_Slovenia'>Slov\u00e9nie<\/li>\n<li class='flag flag_SouthAfrica'>Afrique du Sud<\/li>\n<li class='flag flag_SouthKorea'>Cor\u00e9e du Sud<\/li>\n<li class='flag flag_SriLanka'>Sri Lanka<\/li>\n<li class='flag flag_Sweden'>Su\u00e8de<\/li>\n<li class='flag flag_Switzerland'>Suisse<\/li>\n<li class='flag flag_Taiwan'>Ta\u00efwan<\/li>\n<li class='flag flag_Tanzania'>Tanzanie<\/li>\n<li class='flag flag_Thailand'>Tha\u00eflande<\/li>\n<li class='flag flag_Turkey'>Turquie<\/li>\n<li class='flag flag_Uganda'>Ouganda<\/li>\n<li class='flag flag_UK'>Royaume-Uni<\/li>\n<li class='flag flag_Ukraine'>Ukraine<\/li>\n<li class='flag flag_UnitedArabEmirates'>Emirats Arabes Unis<\/li>\n<li class='flag flag_United_States'>\u00c9tats Unis<\/li>\n<li class='flag flag_Uruguay'>Uruguay<\/li>\n<li class='flag flag_Uzbekistan'>Ouzb\u00e9kistan<\/li>\n<li class='flag flag_Venezuela'>Venezuela<\/li>\n<li class='flag flag_Vietnam'>Vi\u00eat-Nam<\/li>\n<li class='flag flag_Zambia'>Zambie<\/li>\n<li class='flag flag_Zimbabwe'>Zimbabwe<\/li>\n<\/ul>\n<\/div>\n<\/div>\n<div class=\"indent\">\n<h2 style=\"clear: both;\">Plateformes<\/h2>\n<p>Application iOS disponible sur <a href='https:\/\/itunes.apple.com\/fr\/app\/apple-store\/id710472405?pt=2098455&amp;ct=tripsourcemarketingwebsite&amp;mt=8'>l&rsquo;App Store<\/a><\/p>\n<p>Application Android disponible sur <a href='https:\/\/play.google.com\/store\/apps\/details?id=com.mttnow.android.bcd.production&amp;hl=fr&amp;referrer=utm_source%3DBCD%26utm_campaign%3DTripSource%2520Marketing%2520Website'>Google Play<\/a><\/p>\n<p>Disponible uniquement sur <a href=\"http:\/\/mytrips.tripsource.com\">mytrips.tripsource.com<\/a><\/p>\n<\/div>\n<\/div>\n","protected":false},"excerpt":{"rendered":"<p>Fonctionnalit\u00e9s \u00e0 la une Gestion des itin\u00e9raires Partage des itin\u00e9raires Importation d\u2019itin\u00e9raires d\u2019autres sources Ajouts de voyages Titres personnalis\u00e9s de voyages Cartes et orientation Alertes et informations Offres et avantages (certains march\u00e9s) Existe en anglais, en fran\u00e7ais, en allemand, en espagnol et en portugais du Br\u00e9sil. Revenez r\u00e9guli\u00e8rement pour de nouvelles fonctionnalit\u00e9s. Bient\u00f4t disponible ! &hellip;<\/p>\n","protected":false},"author":6,"featured_media":0,"parent":0,"menu_order":127,"comment_status":"closed","ping_status":"closed","template":"","meta":{"_acf_changed":false,"inline_featured_image":false,"footnotes":""},"class_list":["post-387","page","type-page","status-publish","hentry"],"acf":[],"yoast_head":"<!-- This site is optimized with the Yoast SEO plugin v27.5 - https:\/\/yoast.com\/product\/yoast-seo-wordpress\/ -->\n<title>TripSource\u00ae \u2013 Les faits, en bref - TripSource<\/title>\n<meta name=\"robots\" content=\"index, follow, max-snippet:-1, max-image-preview:large, max-video-preview:-1\" \/>\n<link rel=\"canonical\" href=\"https:\/\/tripsource.com\/?page_id=384\" \/>\n<meta property=\"og:locale\" content=\"fr_FR\" \/>\n<meta property=\"og:type\" content=\"article\" \/>\n<meta property=\"og:title\" content=\"TripSource\u00ae \u2013 Les faits, en bref - TripSource\" \/>\n<meta property=\"og:description\" content=\"Fonctionnalit\u00e9s \u00e0 la une Gestion des itin\u00e9raires Partage des itin\u00e9raires Importation d\u2019itin\u00e9raires d\u2019autres sources Ajouts de voyages Titres personnalis\u00e9s de voyages Cartes et orientation Alertes et informations Offres et avantages (certains march\u00e9s) Existe en anglais, en fran\u00e7ais, en allemand, en espagnol et en portugais du Br\u00e9sil. Revenez r\u00e9guli\u00e8rement pour de nouvelles fonctionnalit\u00e9s. Bient\u00f4t disponible ! &hellip;\" \/>\n<meta property=\"og:url\" content=\"https:\/\/tripsource.com\/?page_id=384\" \/>\n<meta property=\"og:site_name\" content=\"TripSource\" \/>\n<meta property=\"article:modified_time\" content=\"2016-12-15T21:08:34+00:00\" \/>\n<meta name=\"twitter:card\" content=\"summary_large_image\" \/>\n<meta name=\"twitter:label1\" content=\"Dur\u00e9e de lecture estim\u00e9e\" \/>\n\t<meta name=\"twitter:data1\" content=\"1 minute\" \/>\n<script type=\"application\/ld+json\" class=\"yoast-schema-graph\">{\"@context\":\"https:\\\/\\\/schema.org\",\"@graph\":[{\"@type\":\"WebPage\",\"@id\":\"https:\\\/\\\/tripsource.com\\\/?page_id=384\",\"url\":\"https:\\\/\\\/tripsource.com\\\/?page_id=384\",\"name\":\"TripSource\u00ae \u2013 Les faits, en bref - TripSource\",\"isPartOf\":{\"@id\":\"https:\\\/\\\/tripsource.com\\\/#website\"},\"datePublished\":\"2015-10-02T20:17:58+00:00\",\"dateModified\":\"2016-12-15T21:08:34+00:00\",\"breadcrumb\":{\"@id\":\"https:\\\/\\\/tripsource.com\\\/?page_id=384#breadcrumb\"},\"inLanguage\":\"fr-FR\",\"potentialAction\":[{\"@type\":\"ReadAction\",\"target\":[\"https:\\\/\\\/tripsource.com\\\/?page_id=384\"]}]},{\"@type\":\"BreadcrumbList\",\"@id\":\"https:\\\/\\\/tripsource.com\\\/?page_id=384#breadcrumb\",\"itemListElement\":[{\"@type\":\"ListItem\",\"position\":1,\"name\":\"Home\",\"item\":\"https:\\\/\\\/tripsource.com\\\/\"},{\"@type\":\"ListItem\",\"position\":2,\"name\":\"TripSource\u00ae \u2013 Les faits, en bref\"}]},{\"@type\":\"WebSite\",\"@id\":\"https:\\\/\\\/tripsource.com\\\/#website\",\"url\":\"https:\\\/\\\/tripsource.com\\\/\",\"name\":\"TripSource\",\"description\":\"Convenient Corporate Travel\",\"potentialAction\":[{\"@type\":\"SearchAction\",\"target\":{\"@type\":\"EntryPoint\",\"urlTemplate\":\"https:\\\/\\\/tripsource.com\\\/?s={search_term_string}\"},\"query-input\":{\"@type\":\"PropertyValueSpecification\",\"valueRequired\":true,\"valueName\":\"search_term_string\"}}],\"inLanguage\":\"fr-FR\"}]}<\/script>\n<!-- \/ Yoast SEO plugin. -->","yoast_head_json":{"title":"TripSource\u00ae \u2013 Les faits, en bref - TripSource","robots":{"index":"index","follow":"follow","max-snippet":"max-snippet:-1","max-image-preview":"max-image-preview:large","max-video-preview":"max-video-preview:-1"},"canonical":"https:\/\/tripsource.com\/?page_id=384","og_locale":"fr_FR","og_type":"article","og_title":"TripSource\u00ae \u2013 Les faits, en bref - TripSource","og_description":"Fonctionnalit\u00e9s \u00e0 la une Gestion des itin\u00e9raires Partage des itin\u00e9raires Importation d\u2019itin\u00e9raires d\u2019autres sources Ajouts de voyages Titres personnalis\u00e9s de voyages Cartes et orientation Alertes et informations Offres et avantages (certains march\u00e9s) Existe en anglais, en fran\u00e7ais, en allemand, en espagnol et en portugais du Br\u00e9sil. Revenez r\u00e9guli\u00e8rement pour de nouvelles fonctionnalit\u00e9s. Bient\u00f4t disponible ! &hellip;","og_url":"https:\/\/tripsource.com\/?page_id=384","og_site_name":"TripSource","article_modified_time":"2016-12-15T21:08:34+00:00","twitter_card":"summary_large_image","twitter_misc":{"Dur\u00e9e de lecture estim\u00e9e":"1 minute"},"schema":{"@context":"https:\/\/schema.org","@graph":[{"@type":"WebPage","@id":"https:\/\/tripsource.com\/?page_id=384","url":"https:\/\/tripsource.com\/?page_id=384","name":"TripSource\u00ae \u2013 Les faits, en bref - TripSource","isPartOf":{"@id":"https:\/\/tripsource.com\/#website"},"datePublished":"2015-10-02T20:17:58+00:00","dateModified":"2016-12-15T21:08:34+00:00","breadcrumb":{"@id":"https:\/\/tripsource.com\/?page_id=384#breadcrumb"},"inLanguage":"fr-FR","potentialAction":[{"@type":"ReadAction","target":["https:\/\/tripsource.com\/?page_id=384"]}]},{"@type":"BreadcrumbList","@id":"https:\/\/tripsource.com\/?page_id=384#breadcrumb","itemListElement":[{"@type":"ListItem","position":1,"name":"Home","item":"https:\/\/tripsource.com\/"},{"@type":"ListItem","position":2,"name":"TripSource\u00ae \u2013 Les faits, en bref"}]},{"@type":"WebSite","@id":"https:\/\/tripsource.com\/#website","url":"https:\/\/tripsource.com\/","name":"TripSource","description":"Convenient Corporate Travel","potentialAction":[{"@type":"SearchAction","target":{"@type":"EntryPoint","urlTemplate":"https:\/\/tripsource.com\/?s={search_term_string}"},"query-input":{"@type":"PropertyValueSpecification","valueRequired":true,"valueName":"search_term_string"}}],"inLanguage":"fr-FR"}]}},"_links":{"self":[{"href":"https:\/\/tripsource.com\/fr\/wp-json\/wp\/v2\/pages\/387","targetHints":{"allow":["GET"]}}],"collection":[{"href":"https:\/\/tripsource.com\/fr\/wp-json\/wp\/v2\/pages"}],"about":[{"href":"https:\/\/tripsource.com\/fr\/wp-json\/wp\/v2\/types\/page"}],"author":[{"embeddable":true,"href":"https:\/\/tripsource.com\/fr\/wp-json\/wp\/v2\/users\/6"}],"replies":[{"embeddable":true,"href":"https:\/\/tripsource.com\/fr\/wp-json\/wp\/v2\/comments?post=387"}],"version-history":[{"count":0,"href":"https:\/\/tripsource.com\/fr\/wp-json\/wp\/v2\/pages\/387\/revisions"}],"wp:attachment":[{"href":"https:\/\/tripsource.com\/fr\/wp-json\/wp\/v2\/media?parent=387"}],"curies":[{"name":"wp","href":"https:\/\/api.w.org\/{rel}","templated":true}]}}