{"id":1748,"date":"2018-01-24T16:07:23","date_gmt":"2018-01-24T20:07:23","guid":{"rendered":"https:\/\/tripsource.com\/?page_id=1748\/"},"modified":"2018-04-04T09:48:10","modified_gmt":"2018-04-04T13:48:10","slug":"introduction","status":"publish","type":"page","link":"https:\/\/tripsource.com\/fr\/introduction\/","title":{"rendered":"Introduction \u00e0 TripSource"},"content":{"rendered":"<div class=\"welcome_kit_hero\">\n<div class=\"welcome_kit_gradient\">\n<div class=\"welcome_kit_hero_text welcome_kit_limit_width\">\n<div class=\"welcome_kit_hero_text_inner\">\n<div class=\"welcome_kit_hero_text_tagline\">Confiez-leur les r\u00eanes du voyage<\/div>\n<p>Plus qu\u2019une application d\u2019itin\u00e9raire de voyage, TripSource assure la s\u00e9curit\u00e9, l\u2019efficacit\u00e9 et la conformit\u00e9 de vos voyageurs.<\/p>\n<div class=\"clearfix\"><\/div>\n<\/div>\n<\/div>\n<\/div>\n<\/div>\n<div class=\"welcome_kit_features\">\n<div class=\"welcome_kit_limit_width\">\n<div class=\"welcome_kit_features_intro\">Lorsque vous pr\u00e9senterez TripSource \u00e0 vos voyageurs, voici ce <span style=\"white-space: nowrap;\">qu\u2019ils y trouveront :<\/span><\/div>\n<div class=\"welcome_kit_features_col welcome_kit_features_col_1\">\n<div class=\"welcome_kit_features_icon\"><\/div>\n<h2>Gestion dynamique des voyages<\/h2>\n<p>Vos voyageurs restent organis\u00e9s et ma\u00eetres de leur voyage gr\u00e2ce \u00e0 un acc\u00e8s facilit\u00e9 aux d\u00e9tails de leur d\u00e9placement, aux re\u00e7us, aux messages pr\u00e9alables au d\u00e9part, aux alertes de vol et plus encore.<\/p><\/div>\n<div class=\"welcome_kit_features_col welcome_kit_features_col_2\">\n<div class=\"welcome_kit_features_icon\"><\/div>\n<h2>Communications intelligentes<\/h2>\n<p>En cas de changement d\u2019itin\u00e9raire ou de risque mondial, soyez s\u00fbrs que vos voyageurs en soient toujours inform\u00e9s.<\/p><\/div>\n<div class=\"welcome_kit_features_col welcome_kit_features_col_3\">\n<div class=\"welcome_kit_features_icon\"><\/div>\n<h2>Recherche et r\u00e9servation<\/h2>\n<p>Avec notre fonction de r\u00e9servation d\u2019h\u00f4tels, vos voyageurs r\u00e9servent les chambres qu\u2019ils veulent aux meilleurs tarifs. C\u2019est si simple qu\u2019ils peuvent r\u00e9server en moins de deux minutes et conform\u00e9ment au programme.<\/p><\/div>\n<div class=\"welcome_kit_features_col welcome_kit_features_col_4\">\n<div class=\"welcome_kit_features_icon\"><\/div>\n<h2>La politique voyage<\/h2>\n<p>O\u00f9 qu\u2019ils soient, vos voyageurs ont toujours acc\u00e8s aux informations utiles de l\u2019entreprise.<\/p><\/div>\n<div class=\"clearfix\"><\/div>\n<\/div>\n<\/div>\n<div class=\"welcome_kit_guide\">\n<div class=\"welcome_kit_gradient\">\n<div class=\"welcome_kit_guide_text welcome_kit_limit_width\">\n<div class=\"welcome_kit_guide_text_inner\">\n<h2>Un d\u00e9marrage facile<\/h2>\n<div class=\"welcome_kit_guide_col\">\n<div class=\"welcome_kit_guide_intro\">D\u00e8s que votre charg\u00e9 de compte disposera de toutes vos informations, nous param\u00e9trons vos pr\u00e9f\u00e9rences dans TripSource pour que vos voyageurs aient acc\u00e8s au contenu de votre entreprise. <strong>Pour commencer :<\/strong><\/div>\n<div class=\"welcome_kit_guide_step\">\u00c9tape <\/p>\n<div class=\"welcome_kit_guide_step_num\">1<\/div>\n<\/div>\n<p>Demandez \u00e0 votre \u00e9quipe IT de placer vos domaines TripSource sur liste blanche. La liste de ces domaines est disponible <a class=\"collapsed\" href=\"#collapse1ooo\" data-toggle=\"collapse\" aria-expanded=\"false\">ici<\/a>.<\/p>\n<div id=\"collapse1ooo\" class=\"panel-collapse collapse\" aria-expanded=\"true\" style=\"\">\n<strong>L\u2019inscription : <\/strong> info.tripsource.com ou 146.20.191.161<br \/>\n<strong>Le site :<\/strong> mytrips.tripsource.com<br \/>\n<strong>Les courriels :<\/strong> @tripsource.com, @support.tripsource.com, @notification.tripsource.com\n<\/div>\n<div class=\"welcome_kit_guide_step\">\u00c9tape <\/p>\n<div class=\"welcome_kit_guide_step_num\">2<\/div>\n<\/div>\n<p>Nous pr\u00e9senterons TripSource* \u00e0 vos voyageurs. Pour une assistance compl\u00e9mentaire, consultez notre <a href=\"https:\/\/tripsource.com\/fr\/marketing\/\">bo\u00eete \u00e0 outils Marketing<\/a> et puisez dans ses ressources pour communiquer avec vos voyageurs.<\/p>\n<div class=\"welcome_kit_guide_step\">\u00c9tape <\/p>\n<div class=\"welcome_kit_guide_step_num\">3<\/div>\n<\/div>\n<p>Consultez votre charg\u00e9 de compte sur les \u00e9tapes suivantes pour param\u00e9trer les messages de votre entreprise, la politique, les sondages, les h\u00f4tels pr\u00e9f\u00e9rentiels, les plafonds tarifaires et les adresses de bureaux dans TripSource.<\/p><\/div>\n<div class=\"welcome_kit_guide_footnote\">*Les voyageurs ayant un d\u00e9placement pr\u00e9vu prochainement recevront automatiquement un courriel de pr\u00e9sentation <span style=\"white-space: nowrap;\">sur TripSource.<\/span><\/div>\n<\/div>\n<\/div>\n","protected":false},"excerpt":{"rendered":"<p>Confiez-leur les r\u00eanes du voyage Plus qu\u2019une application d\u2019itin\u00e9raire de voyage, TripSource assure la s\u00e9curit\u00e9, l\u2019efficacit\u00e9 et la conformit\u00e9 de vos voyageurs. Lorsque vous pr\u00e9senterez TripSource \u00e0 vos voyageurs, voici ce qu\u2019ils y trouveront : Gestion dynamique des voyages Vos voyageurs restent organis\u00e9s et ma\u00eetres de leur voyage gr\u00e2ce \u00e0 un acc\u00e8s facilit\u00e9 aux d\u00e9tails &hellip;<\/p>\n","protected":false},"author":6,"featured_media":0,"parent":0,"menu_order":61,"comment_status":"closed","ping_status":"closed","template":"","meta":{"_acf_changed":false,"inline_featured_image":false,"footnotes":""},"class_list":["post-1748","page","type-page","status-publish","hentry"],"acf":[],"yoast_head":"<!-- This site is optimized with the Yoast SEO plugin v27.5 - https:\/\/yoast.com\/product\/yoast-seo-wordpress\/ -->\n<title>Introduction \u00e0 TripSource - TripSource<\/title>\n<meta name=\"robots\" content=\"index, follow, max-snippet:-1, max-image-preview:large, max-video-preview:-1\" \/>\n<link rel=\"canonical\" href=\"https:\/\/tripsource.com\/?page_id=1744\" \/>\n<meta property=\"og:locale\" content=\"fr_FR\" \/>\n<meta property=\"og:type\" content=\"article\" \/>\n<meta property=\"og:title\" content=\"Introduction \u00e0 TripSource - TripSource\" \/>\n<meta property=\"og:description\" content=\"Confiez-leur les r\u00eanes du voyage Plus qu\u2019une application d\u2019itin\u00e9raire de voyage, TripSource assure la s\u00e9curit\u00e9, l\u2019efficacit\u00e9 et la conformit\u00e9 de vos voyageurs. Lorsque vous pr\u00e9senterez TripSource \u00e0 vos voyageurs, voici ce qu\u2019ils y trouveront : Gestion dynamique des voyages Vos voyageurs restent organis\u00e9s et ma\u00eetres de leur voyage gr\u00e2ce \u00e0 un acc\u00e8s facilit\u00e9 aux d\u00e9tails &hellip;\" \/>\n<meta property=\"og:url\" content=\"https:\/\/tripsource.com\/?page_id=1744\" \/>\n<meta property=\"og:site_name\" content=\"TripSource\" \/>\n<meta property=\"article:modified_time\" content=\"2018-04-04T13:48:10+00:00\" \/>\n<meta name=\"twitter:card\" content=\"summary_large_image\" \/>\n<meta name=\"twitter:label1\" content=\"Dur\u00e9e de lecture estim\u00e9e\" \/>\n\t<meta name=\"twitter:data1\" content=\"2 minutes\" \/>\n<script type=\"application\/ld+json\" class=\"yoast-schema-graph\">{\"@context\":\"https:\\\/\\\/schema.org\",\"@graph\":[{\"@type\":\"WebPage\",\"@id\":\"https:\\\/\\\/tripsource.com\\\/?page_id=1744\",\"url\":\"https:\\\/\\\/tripsource.com\\\/?page_id=1744\",\"name\":\"Introduction \u00e0 TripSource - TripSource\",\"isPartOf\":{\"@id\":\"https:\\\/\\\/tripsource.com\\\/#website\"},\"datePublished\":\"2018-01-24T20:07:23+00:00\",\"dateModified\":\"2018-04-04T13:48:10+00:00\",\"breadcrumb\":{\"@id\":\"https:\\\/\\\/tripsource.com\\\/?page_id=1744#breadcrumb\"},\"inLanguage\":\"fr-FR\",\"potentialAction\":[{\"@type\":\"ReadAction\",\"target\":[\"https:\\\/\\\/tripsource.com\\\/?page_id=1744\"]}]},{\"@type\":\"BreadcrumbList\",\"@id\":\"https:\\\/\\\/tripsource.com\\\/?page_id=1744#breadcrumb\",\"itemListElement\":[{\"@type\":\"ListItem\",\"position\":1,\"name\":\"Home\",\"item\":\"https:\\\/\\\/tripsource.com\\\/\"},{\"@type\":\"ListItem\",\"position\":2,\"name\":\"Introduction \u00e0 TripSource\"}]},{\"@type\":\"WebSite\",\"@id\":\"https:\\\/\\\/tripsource.com\\\/#website\",\"url\":\"https:\\\/\\\/tripsource.com\\\/\",\"name\":\"TripSource\",\"description\":\"Convenient Corporate Travel\",\"potentialAction\":[{\"@type\":\"SearchAction\",\"target\":{\"@type\":\"EntryPoint\",\"urlTemplate\":\"https:\\\/\\\/tripsource.com\\\/?s={search_term_string}\"},\"query-input\":{\"@type\":\"PropertyValueSpecification\",\"valueRequired\":true,\"valueName\":\"search_term_string\"}}],\"inLanguage\":\"fr-FR\"}]}<\/script>\n<!-- \/ Yoast SEO plugin. -->","yoast_head_json":{"title":"Introduction \u00e0 TripSource - TripSource","robots":{"index":"index","follow":"follow","max-snippet":"max-snippet:-1","max-image-preview":"max-image-preview:large","max-video-preview":"max-video-preview:-1"},"canonical":"https:\/\/tripsource.com\/?page_id=1744","og_locale":"fr_FR","og_type":"article","og_title":"Introduction \u00e0 TripSource - TripSource","og_description":"Confiez-leur les r\u00eanes du voyage Plus qu\u2019une application d\u2019itin\u00e9raire de voyage, TripSource assure la s\u00e9curit\u00e9, l\u2019efficacit\u00e9 et la conformit\u00e9 de vos voyageurs. Lorsque vous pr\u00e9senterez TripSource \u00e0 vos voyageurs, voici ce qu\u2019ils y trouveront : Gestion dynamique des voyages Vos voyageurs restent organis\u00e9s et ma\u00eetres de leur voyage gr\u00e2ce \u00e0 un acc\u00e8s facilit\u00e9 aux d\u00e9tails &hellip;","og_url":"https:\/\/tripsource.com\/?page_id=1744","og_site_name":"TripSource","article_modified_time":"2018-04-04T13:48:10+00:00","twitter_card":"summary_large_image","twitter_misc":{"Dur\u00e9e de lecture estim\u00e9e":"2 minutes"},"schema":{"@context":"https:\/\/schema.org","@graph":[{"@type":"WebPage","@id":"https:\/\/tripsource.com\/?page_id=1744","url":"https:\/\/tripsource.com\/?page_id=1744","name":"Introduction \u00e0 TripSource - TripSource","isPartOf":{"@id":"https:\/\/tripsource.com\/#website"},"datePublished":"2018-01-24T20:07:23+00:00","dateModified":"2018-04-04T13:48:10+00:00","breadcrumb":{"@id":"https:\/\/tripsource.com\/?page_id=1744#breadcrumb"},"inLanguage":"fr-FR","potentialAction":[{"@type":"ReadAction","target":["https:\/\/tripsource.com\/?page_id=1744"]}]},{"@type":"BreadcrumbList","@id":"https:\/\/tripsource.com\/?page_id=1744#breadcrumb","itemListElement":[{"@type":"ListItem","position":1,"name":"Home","item":"https:\/\/tripsource.com\/"},{"@type":"ListItem","position":2,"name":"Introduction \u00e0 TripSource"}]},{"@type":"WebSite","@id":"https:\/\/tripsource.com\/#website","url":"https:\/\/tripsource.com\/","name":"TripSource","description":"Convenient Corporate Travel","potentialAction":[{"@type":"SearchAction","target":{"@type":"EntryPoint","urlTemplate":"https:\/\/tripsource.com\/?s={search_term_string}"},"query-input":{"@type":"PropertyValueSpecification","valueRequired":true,"valueName":"search_term_string"}}],"inLanguage":"fr-FR"}]}},"_links":{"self":[{"href":"https:\/\/tripsource.com\/fr\/wp-json\/wp\/v2\/pages\/1748","targetHints":{"allow":["GET"]}}],"collection":[{"href":"https:\/\/tripsource.com\/fr\/wp-json\/wp\/v2\/pages"}],"about":[{"href":"https:\/\/tripsource.com\/fr\/wp-json\/wp\/v2\/types\/page"}],"author":[{"embeddable":true,"href":"https:\/\/tripsource.com\/fr\/wp-json\/wp\/v2\/users\/6"}],"replies":[{"embeddable":true,"href":"https:\/\/tripsource.com\/fr\/wp-json\/wp\/v2\/comments?post=1748"}],"version-history":[{"count":0,"href":"https:\/\/tripsource.com\/fr\/wp-json\/wp\/v2\/pages\/1748\/revisions"}],"wp:attachment":[{"href":"https:\/\/tripsource.com\/fr\/wp-json\/wp\/v2\/media?parent=1748"}],"curies":[{"name":"wp","href":"https:\/\/api.w.org\/{rel}","templated":true}]}}