{"id":1750,"date":"2018-01-24T16:07:23","date_gmt":"2018-01-24T20:07:23","guid":{"rendered":"https:\/\/tripsource.com\/?page_id=1750\/"},"modified":"2018-04-04T09:48:36","modified_gmt":"2018-04-04T13:48:36","slug":"introduction","status":"publish","type":"page","link":"https:\/\/tripsource.com\/es\/introduction\/","title":{"rendered":"Introducci\u00f3n a TripSource"},"content":{"rendered":"<div class=\"welcome_kit_hero\">\n<div class=\"welcome_kit_gradient\">\n<div class=\"welcome_kit_hero_text welcome_kit_limit_width\">\n<div class=\"welcome_kit_hero_text_inner\">\n<div class=\"welcome_kit_hero_text_tagline\">Ponga el poder de viajar al alcance de sus dedos<\/div>\n<p>TripSource es m\u00e1s que una aplicaci\u00f3n de itinerarios de viajes, ya que mantiene a sus viajeros seguros, eficientes y dentro del programa.<\/p>\n<div class=\"clearfix\"><\/div>\n<\/div>\n<\/div>\n<\/div>\n<\/div>\n<div class=\"welcome_kit_features\">\n<div class=\"welcome_kit_limit_width\">\n<div class=\"welcome_kit_features_intro\">Cuando les presente TripSource a su viajeros, esto es lo <span style=\"white-space: nowrap;\">que descubrir\u00e1n:<\/span><\/div>\n<div class=\"welcome_kit_features_col welcome_kit_features_col_1\">\n<div class=\"welcome_kit_features_icon\"><\/div>\n<h2>Gesti\u00f3n de viajes din\u00e1mica<\/h2>\n<p>Sus viajeros pueden mantenerse organizados y en control con un f\u00e1cil acceso a todos los detalles del viaje, los recibos, las comunicaciones previas al viaje, las alertas de vuelo y mucho m\u00e1s.<\/p><\/div>\n<div class=\"welcome_kit_features_col welcome_kit_features_col_2\">\n<div class=\"welcome_kit_features_icon\"><\/div>\n<h2>Comunicaciones inteligentes<\/h2>\n<p>Cuando ocurre un cambio de itinerario o surge un riesgo global, puede estar seguro de que sus viajeros siempre estar\u00e1n informados.<\/p><\/div>\n<div class=\"welcome_kit_features_col welcome_kit_features_col_3\">\n<div class=\"welcome_kit_features_icon\"><\/div>\n<h2>Selecci\u00f3n y reservaciones<\/h2>\n<p>Nuestra funci\u00f3n para reservaci\u00f3n de hoteles les ofrece a sus viajeros las habitaciones que desean con las mejores tarifas. Es tan f\u00e1cil, que pueden hacer una reservaci\u00f3n dentro del programa en menos de dos minutos.<\/p><\/div>\n<div class=\"welcome_kit_features_col welcome_kit_features_col_4\">\n<div class=\"welcome_kit_features_icon\"><\/div>\n<h2>Orientaci\u00f3n sobre las pol\u00edticas<\/h2>\n<p>Sin importar d\u00f3nde se encuentren sus viajeros, siempre tendr\u00e1n acceso a informaci\u00f3n relevante sobre la empresa.<\/p><\/div>\n<div class=\"clearfix\"><\/div>\n<\/div>\n<\/div>\n<div class=\"welcome_kit_guide\">\n<div class=\"welcome_kit_gradient\">\n<div class=\"welcome_kit_guide_text welcome_kit_limit_width\">\n<div class=\"welcome_kit_guide_text_inner\">\n<h2>Comenzar es f\u00e1cil<\/h2>\n<div class=\"welcome_kit_guide_col\">\n<div class=\"welcome_kit_guide_intro\">Una vez que su gerente de cuenta de BCD tenga toda su informaci\u00f3n, configuraremos sus preferencias en TripSource para que sus viajeros vean el contenido de su empresa. <strong>Esto es lo que necesitaremos para comenzar:<\/strong><\/div>\n<div class=\"welcome_kit_guide_step\">Paso <\/p>\n<div class=\"welcome_kit_guide_step_num\">1<\/div>\n<\/div>\n<p>P\u00eddale a su equipo de TI que agregue sus dominios de TripSource a la lista blanca. Encuentre una lista de esos dominios <a class=\"collapsed\" href=\"#collapse1ooo\" data-toggle=\"collapse\" aria-expanded=\"false\">aqu\u00ed<\/a>.<\/p>\n<div id=\"collapse1ooo\" class=\"panel-collapse collapse\" aria-expanded=\"true\" style=\"\">\n<strong>Para el registro:<\/strong> info.tripsource.com o 146.20.191.161<br \/>\n<strong>Para el sitio web:<\/strong> mytrips.tripsource.com<br \/>\n<strong>Para las comunicaciones por correo electr\u00f3nico:<\/strong> @tripsource.com, @support.tripsource.com, @notification.tripsource.com\n<\/div>\n<div class=\"welcome_kit_guide_step\">Paso <\/p>\n<div class=\"welcome_kit_guide_step_num\">2<\/div>\n<\/div>\n<p>Le presentaremos TripSource* a su viajero. Puede brindar asistencia adicional, visitar nuestro <a href=\"https:\/\/tripsource.com\/es\/marketing\/\">Kit de herramientas de marketing<\/a> y utilizar estos recursos para comunicarse con sus viajeros.<\/p>\n<div class=\"welcome_kit_guide_step\">Paso <\/p>\n<div class=\"welcome_kit_guide_step_num\">3<\/div>\n<\/div>\n<p>Hable con su gerente de cuenta sobre los siguientes pasos para configurar en TripSource las preferencias de la empresa con respecto a los mensajes, la pol\u00edtica, los sondeos, los hoteles preferidos, los l\u00edmites de las tarifas y la ubicaci\u00f3n de las oficinas.<\/p><\/div>\n<div class=\"welcome_kit_guide_footnote\">*Los viajeros que tienen un viaje pr\u00f3ximo reciben de manera autom\u00e1tica un correo electr\u00f3nico de presentaci\u00f3n <span style=\"white-space: nowrap;\">de TripSource.<\/span><\/div>\n<\/div>\n<\/div>\n","protected":false},"excerpt":{"rendered":"<p>Ponga el poder de viajar al alcance de sus dedos TripSource es m\u00e1s que una aplicaci\u00f3n de itinerarios de viajes, ya que mantiene a sus viajeros seguros, eficientes y dentro del programa. Cuando les presente TripSource a su viajeros, esto es lo que descubrir\u00e1n: Gesti\u00f3n de viajes din\u00e1mica Sus viajeros pueden mantenerse organizados y en &hellip;<\/p>\n","protected":false},"author":6,"featured_media":0,"parent":0,"menu_order":63,"comment_status":"closed","ping_status":"closed","template":"","meta":{"_acf_changed":false,"inline_featured_image":false,"footnotes":""},"class_list":["post-1750","page","type-page","status-publish","hentry"],"acf":[],"yoast_head":"<!-- This site is optimized with the Yoast SEO plugin v27.5 - https:\/\/yoast.com\/product\/yoast-seo-wordpress\/ -->\n<title>Introducci\u00f3n a TripSource - TripSource<\/title>\n<meta name=\"robots\" content=\"index, follow, max-snippet:-1, max-image-preview:large, max-video-preview:-1\" \/>\n<link rel=\"canonical\" href=\"https:\/\/tripsource.com\/?page_id=1744\" \/>\n<meta property=\"og:locale\" content=\"es_ES\" \/>\n<meta property=\"og:type\" content=\"article\" \/>\n<meta property=\"og:title\" content=\"Introducci\u00f3n a TripSource - TripSource\" \/>\n<meta property=\"og:description\" content=\"Ponga el poder de viajar al alcance de sus dedos TripSource es m\u00e1s que una aplicaci\u00f3n de itinerarios de viajes, ya que mantiene a sus viajeros seguros, eficientes y dentro del programa. Cuando les presente TripSource a su viajeros, esto es lo que descubrir\u00e1n: Gesti\u00f3n de viajes din\u00e1mica Sus viajeros pueden mantenerse organizados y en &hellip;\" \/>\n<meta property=\"og:url\" content=\"https:\/\/tripsource.com\/?page_id=1744\" \/>\n<meta property=\"og:site_name\" content=\"TripSource\" \/>\n<meta property=\"article:modified_time\" content=\"2018-04-04T13:48:36+00:00\" \/>\n<meta name=\"twitter:card\" content=\"summary_large_image\" \/>\n<meta name=\"twitter:label1\" content=\"Tiempo de lectura\" \/>\n\t<meta name=\"twitter:data1\" content=\"2 minutos\" \/>\n<script type=\"application\/ld+json\" class=\"yoast-schema-graph\">{\"@context\":\"https:\\\/\\\/schema.org\",\"@graph\":[{\"@type\":\"WebPage\",\"@id\":\"https:\\\/\\\/tripsource.com\\\/?page_id=1744\",\"url\":\"https:\\\/\\\/tripsource.com\\\/?page_id=1744\",\"name\":\"Introducci\u00f3n a TripSource - TripSource\",\"isPartOf\":{\"@id\":\"https:\\\/\\\/tripsource.com\\\/#website\"},\"datePublished\":\"2018-01-24T20:07:23+00:00\",\"dateModified\":\"2018-04-04T13:48:36+00:00\",\"breadcrumb\":{\"@id\":\"https:\\\/\\\/tripsource.com\\\/?page_id=1744#breadcrumb\"},\"inLanguage\":\"es\",\"potentialAction\":[{\"@type\":\"ReadAction\",\"target\":[\"https:\\\/\\\/tripsource.com\\\/?page_id=1744\"]}]},{\"@type\":\"BreadcrumbList\",\"@id\":\"https:\\\/\\\/tripsource.com\\\/?page_id=1744#breadcrumb\",\"itemListElement\":[{\"@type\":\"ListItem\",\"position\":1,\"name\":\"Home\",\"item\":\"https:\\\/\\\/tripsource.com\\\/\"},{\"@type\":\"ListItem\",\"position\":2,\"name\":\"Introducci\u00f3n a TripSource\"}]},{\"@type\":\"WebSite\",\"@id\":\"https:\\\/\\\/tripsource.com\\\/#website\",\"url\":\"https:\\\/\\\/tripsource.com\\\/\",\"name\":\"TripSource\",\"description\":\"Convenient Corporate Travel\",\"potentialAction\":[{\"@type\":\"SearchAction\",\"target\":{\"@type\":\"EntryPoint\",\"urlTemplate\":\"https:\\\/\\\/tripsource.com\\\/?s={search_term_string}\"},\"query-input\":{\"@type\":\"PropertyValueSpecification\",\"valueRequired\":true,\"valueName\":\"search_term_string\"}}],\"inLanguage\":\"es\"}]}<\/script>\n<!-- \/ Yoast SEO plugin. -->","yoast_head_json":{"title":"Introducci\u00f3n a TripSource - TripSource","robots":{"index":"index","follow":"follow","max-snippet":"max-snippet:-1","max-image-preview":"max-image-preview:large","max-video-preview":"max-video-preview:-1"},"canonical":"https:\/\/tripsource.com\/?page_id=1744","og_locale":"es_ES","og_type":"article","og_title":"Introducci\u00f3n a TripSource - TripSource","og_description":"Ponga el poder de viajar al alcance de sus dedos TripSource es m\u00e1s que una aplicaci\u00f3n de itinerarios de viajes, ya que mantiene a sus viajeros seguros, eficientes y dentro del programa. Cuando les presente TripSource a su viajeros, esto es lo que descubrir\u00e1n: Gesti\u00f3n de viajes din\u00e1mica Sus viajeros pueden mantenerse organizados y en &hellip;","og_url":"https:\/\/tripsource.com\/?page_id=1744","og_site_name":"TripSource","article_modified_time":"2018-04-04T13:48:36+00:00","twitter_card":"summary_large_image","twitter_misc":{"Tiempo de lectura":"2 minutos"},"schema":{"@context":"https:\/\/schema.org","@graph":[{"@type":"WebPage","@id":"https:\/\/tripsource.com\/?page_id=1744","url":"https:\/\/tripsource.com\/?page_id=1744","name":"Introducci\u00f3n a TripSource - TripSource","isPartOf":{"@id":"https:\/\/tripsource.com\/#website"},"datePublished":"2018-01-24T20:07:23+00:00","dateModified":"2018-04-04T13:48:36+00:00","breadcrumb":{"@id":"https:\/\/tripsource.com\/?page_id=1744#breadcrumb"},"inLanguage":"es","potentialAction":[{"@type":"ReadAction","target":["https:\/\/tripsource.com\/?page_id=1744"]}]},{"@type":"BreadcrumbList","@id":"https:\/\/tripsource.com\/?page_id=1744#breadcrumb","itemListElement":[{"@type":"ListItem","position":1,"name":"Home","item":"https:\/\/tripsource.com\/"},{"@type":"ListItem","position":2,"name":"Introducci\u00f3n a TripSource"}]},{"@type":"WebSite","@id":"https:\/\/tripsource.com\/#website","url":"https:\/\/tripsource.com\/","name":"TripSource","description":"Convenient Corporate Travel","potentialAction":[{"@type":"SearchAction","target":{"@type":"EntryPoint","urlTemplate":"https:\/\/tripsource.com\/?s={search_term_string}"},"query-input":{"@type":"PropertyValueSpecification","valueRequired":true,"valueName":"search_term_string"}}],"inLanguage":"es"}]}},"_links":{"self":[{"href":"https:\/\/tripsource.com\/es\/wp-json\/wp\/v2\/pages\/1750","targetHints":{"allow":["GET"]}}],"collection":[{"href":"https:\/\/tripsource.com\/es\/wp-json\/wp\/v2\/pages"}],"about":[{"href":"https:\/\/tripsource.com\/es\/wp-json\/wp\/v2\/types\/page"}],"author":[{"embeddable":true,"href":"https:\/\/tripsource.com\/es\/wp-json\/wp\/v2\/users\/6"}],"replies":[{"embeddable":true,"href":"https:\/\/tripsource.com\/es\/wp-json\/wp\/v2\/comments?post=1750"}],"version-history":[{"count":0,"href":"https:\/\/tripsource.com\/es\/wp-json\/wp\/v2\/pages\/1750\/revisions"}],"wp:attachment":[{"href":"https:\/\/tripsource.com\/es\/wp-json\/wp\/v2\/media?parent=1750"}],"curies":[{"name":"wp","href":"https:\/\/api.w.org\/{rel}","templated":true}]}}