{"id":1749,"date":"2018-01-24T16:07:23","date_gmt":"2018-01-24T20:07:23","guid":{"rendered":"https:\/\/tripsource.com\/?page_id=1749\/"},"modified":"2018-04-04T09:48:19","modified_gmt":"2018-04-04T13:48:19","slug":"introduction","status":"publish","type":"page","link":"https:\/\/tripsource.com\/de\/introduction\/","title":{"rendered":"Einf\u00fchrung in TripSource"},"content":{"rendered":"<div class=\"welcome_kit_hero\">\n<div class=\"welcome_kit_gradient\">\n<div class=\"welcome_kit_hero_text welcome_kit_limit_width\">\n<div class=\"welcome_kit_hero_text_inner\">\n<div class=\"welcome_kit_hero_text_tagline\">Jederzeit griffbereit \u2014 volle Kontrolle \u00fcber Gesch\u00e4ftsreisen<\/div>\n<p>TripSource ist mehr als eine Reiseplan-App. TripSource verbessert die Sicherheit und erh\u00f6ht die Produktivit\u00e4t Ihrer Reisenden und deren Programmkonformit\u00e4t.<\/p>\n<div class=\"clearfix\"><\/div>\n<\/div>\n<\/div>\n<\/div>\n<\/div>\n<div class=\"welcome_kit_features\">\n<div class=\"welcome_kit_limit_width\">\n<div class=\"welcome_kit_features_intro\">Mit TripSource k\u00f6nnen Ihre Reisenden <span style=\"white-space: nowrap;\">Folgendes erwarten:<\/span><\/div>\n<div class=\"welcome_kit_features_col welcome_kit_features_col_1\">\n<div class=\"welcome_kit_features_icon\"><\/div>\n<h2>Dynamic Trip Management<\/h2>\n<p>Reisende behalten den \u00dcberblick und die Kontrolle und haben schnellen Zugriff auf alle Reisedetails, Belege, Informationen zur Reisevorbereitung, Flugbenachrichtigungen und mehr.<\/p><\/div>\n<div class=\"welcome_kit_features_col welcome_kit_features_col_2\">\n<div class=\"welcome_kit_features_icon\"><\/div>\n<h2>Intelligente Kommunikationsl\u00f6sungen<\/h2>\n<p>Wenn sich etwas am Reiseplan \u00e4ndert oder eine globale Risikosituation auftritt, k\u00f6nnen Sie darauf vertrauen, dass Ihre Reisenden gut informiert sind.<\/p><\/div>\n<div class=\"welcome_kit_features_col welcome_kit_features_col_3\">\n<div class=\"welcome_kit_features_icon\"><\/div>\n<h2>Suchen und Buchen<\/h2>\n<p>Mit unserer Hotelbuchungsfunktion finden Reisende die Auswahl, die sie erwarten und zwar zu den besten Preisen. So k\u00f6nnen sie ganz einfach Buchungen in weniger als zwei Minuten und im Rahmen des Programms machen.<\/p><\/div>\n<div class=\"welcome_kit_features_col welcome_kit_features_col_4\">\n<div class=\"welcome_kit_features_icon\"><\/div>\n<h2>Hilfestellungen zur Reiserichtlinie<\/h2>\n<p>Egal, wo sich Ihre Reisenden aufhalten, sie haben jederzeit Zugriff auf relevante Informationen Ihres Unternehmens.<\/p><\/div>\n<div class=\"clearfix\"><\/div>\n<\/div>\n<\/div>\n<div class=\"welcome_kit_guide\">\n<div class=\"welcome_kit_gradient\">\n<div class=\"welcome_kit_guide_text welcome_kit_limit_width\">\n<div class=\"welcome_kit_guide_text_inner\">\n<h2>Erste Schritte, <span style=\"white-space: nowrap;\">leicht gemacht &#8230;<\/span><\/h2>\n<div class=\"welcome_kit_guide_col\">\n<div class=\"welcome_kit_guide_intro\">Sobald Ihr Account Manager alle Informationen hat, richten wir Ihre unternehmensspezifischen Einstellungen in TripSource ein. Damit k\u00f6nnen Ihre Reisenden den Firmen-Content aufrufen. <strong>Wir ben\u00f6tigen Folgendes, um beginnen zu k\u00f6nnen:<\/strong><\/div>\n<div class=\"welcome_kit_guide_step\">Schritt <\/p>\n<div class=\"welcome_kit_guide_step_num\">1<\/div>\n<\/div>\n<p>Bitten Sie Ihr IT-Team, Ihre TripSource-Dom\u00e4nen freizuschalten. Eine Liste dieser Dom\u00e4nen finden Sie <a class=\"collapsed\" href=\"#collapse1ooo\" data-toggle=\"collapse\" aria-expanded=\"false\">hier<\/a>.<\/p>\n<div id=\"collapse1ooo\" class=\"panel-collapse collapse\" aria-expanded=\"true\" style=\"\">\n<strong>Registrierung:<\/strong> info.tripsource.com oder 146.20.191.161<br \/>\n<strong>Website:<\/strong> mytrips.tripsource.com<br \/>\n<strong>Kommunikationen per E-Mail:<\/strong> @tripsource.com, @support.tripsource.com, @notification.tripsource.com\n<\/div>\n<div class=\"welcome_kit_guide_step\">Schritt <\/p>\n<div class=\"welcome_kit_guide_step_num\">2<\/div>\n<\/div>\n<p>Wir machen Ihre Reisenden mit TripSource vertraut*. Sie k\u00f6nnen zus\u00e4tzlichen Support anbieten. Sehen Sie sich dazu unser <a href=\"https:\/\/tripsource.com\/de\/marketing\/\">Marketing-Toolkit<\/a> an und nutzen Sie dieses Angebot, um Ihre Reisenden zu informieren.<\/p>\n<div class=\"welcome_kit_guide_step\">Schritt <\/p>\n<div class=\"welcome_kit_guide_step_num\">3<\/div>\n<\/div>\n<p>Sprechen Sie mit Ihrem Account Manager \u00fcber die weiteren Schritte, um Unternehmens-Messaging, Richtlinie, Umfragen, bevorzugte Hotels, Preisobergrenzen und B\u00fcrostandorte in TripSource einzurichten.<\/p><\/div>\n<div class=\"welcome_kit_guide_footnote\">*Reisende, die eine Gesch\u00e4ftsreise geplant haben, erhalten automatisch eine einf\u00fchrende E-Mail <span style=\"white-space: nowrap;\">zu TripSource.<\/span><\/div>\n<\/div>\n<\/div>\n","protected":false},"excerpt":{"rendered":"<p>Jederzeit griffbereit \u2014 volle Kontrolle \u00fcber Gesch\u00e4ftsreisen TripSource ist mehr als eine Reiseplan-App. TripSource verbessert die Sicherheit und erh\u00f6ht die Produktivit\u00e4t Ihrer Reisenden und deren Programmkonformit\u00e4t. Mit TripSource k\u00f6nnen Ihre Reisenden Folgendes erwarten: Dynamic Trip Management Reisende behalten den \u00dcberblick und die Kontrolle und haben schnellen Zugriff auf alle Reisedetails, Belege, Informationen zur Reisevorbereitung, Flugbenachrichtigungen &hellip;<\/p>\n","protected":false},"author":6,"featured_media":0,"parent":0,"menu_order":62,"comment_status":"closed","ping_status":"closed","template":"","meta":{"_acf_changed":false,"inline_featured_image":false,"footnotes":""},"class_list":["post-1749","page","type-page","status-publish","hentry"],"acf":[],"yoast_head":"<!-- This site is optimized with the Yoast SEO plugin v26.9 - https:\/\/yoast.com\/product\/yoast-seo-wordpress\/ -->\n<title>Einf\u00fchrung in TripSource - TripSource<\/title>\n<meta name=\"robots\" content=\"index, follow, max-snippet:-1, max-image-preview:large, max-video-preview:-1\" \/>\n<link rel=\"canonical\" href=\"https:\/\/tripsource.com\/de\/introduction\/\" \/>\n<meta property=\"og:locale\" content=\"de_DE\" \/>\n<meta property=\"og:type\" content=\"article\" \/>\n<meta property=\"og:title\" content=\"Einf\u00fchrung in TripSource - TripSource\" \/>\n<meta property=\"og:description\" content=\"Jederzeit griffbereit \u2014 volle Kontrolle \u00fcber Gesch\u00e4ftsreisen TripSource ist mehr als eine Reiseplan-App. TripSource verbessert die Sicherheit und erh\u00f6ht die Produktivit\u00e4t Ihrer Reisenden und deren Programmkonformit\u00e4t. Mit TripSource k\u00f6nnen Ihre Reisenden Folgendes erwarten: Dynamic Trip Management Reisende behalten den \u00dcberblick und die Kontrolle und haben schnellen Zugriff auf alle Reisedetails, Belege, Informationen zur Reisevorbereitung, Flugbenachrichtigungen &hellip;\" \/>\n<meta property=\"og:url\" content=\"https:\/\/tripsource.com\/de\/introduction\/\" \/>\n<meta property=\"og:site_name\" content=\"TripSource\" \/>\n<meta property=\"article:modified_time\" content=\"2018-04-04T13:48:19+00:00\" \/>\n<meta name=\"twitter:card\" content=\"summary_large_image\" \/>\n<meta name=\"twitter:label1\" content=\"Gesch\u00e4tzte Lesezeit\" \/>\n\t<meta name=\"twitter:data1\" content=\"1 Minute\" \/>\n<script type=\"application\/ld+json\" class=\"yoast-schema-graph\">{\"@context\":\"https:\/\/schema.org\",\"@graph\":[{\"@type\":\"WebPage\",\"@id\":\"https:\/\/tripsource.com\/de\/introduction\/\",\"url\":\"https:\/\/tripsource.com\/de\/introduction\/\",\"name\":\"Einf\u00fchrung in TripSource - TripSource\",\"isPartOf\":{\"@id\":\"https:\/\/tripsource.com\/#website\"},\"datePublished\":\"2018-01-24T20:07:23+00:00\",\"dateModified\":\"2018-04-04T13:48:19+00:00\",\"breadcrumb\":{\"@id\":\"https:\/\/tripsource.com\/de\/introduction\/#breadcrumb\"},\"inLanguage\":\"de-DE\",\"potentialAction\":[{\"@type\":\"ReadAction\",\"target\":[\"https:\/\/tripsource.com\/de\/introduction\/\"]}]},{\"@type\":\"BreadcrumbList\",\"@id\":\"https:\/\/tripsource.com\/de\/introduction\/#breadcrumb\",\"itemListElement\":[{\"@type\":\"ListItem\",\"position\":1,\"name\":\"Home\",\"item\":\"https:\/\/tripsource.com\/de\/\"},{\"@type\":\"ListItem\",\"position\":2,\"name\":\"Einf\u00fchrung in TripSource\"}]},{\"@type\":\"WebSite\",\"@id\":\"https:\/\/tripsource.com\/#website\",\"url\":\"https:\/\/tripsource.com\/\",\"name\":\"TripSource\",\"description\":\"Convenient Corporate Travel\",\"potentialAction\":[{\"@type\":\"SearchAction\",\"target\":{\"@type\":\"EntryPoint\",\"urlTemplate\":\"https:\/\/tripsource.com\/?s={search_term_string}\"},\"query-input\":{\"@type\":\"PropertyValueSpecification\",\"valueRequired\":true,\"valueName\":\"search_term_string\"}}],\"inLanguage\":\"de-DE\"}]}<\/script>\n<!-- \/ Yoast SEO plugin. -->","yoast_head_json":{"title":"Einf\u00fchrung in TripSource - TripSource","robots":{"index":"index","follow":"follow","max-snippet":"max-snippet:-1","max-image-preview":"max-image-preview:large","max-video-preview":"max-video-preview:-1"},"canonical":"https:\/\/tripsource.com\/de\/introduction\/","og_locale":"de_DE","og_type":"article","og_title":"Einf\u00fchrung in TripSource - TripSource","og_description":"Jederzeit griffbereit \u2014 volle Kontrolle \u00fcber Gesch\u00e4ftsreisen TripSource ist mehr als eine Reiseplan-App. TripSource verbessert die Sicherheit und erh\u00f6ht die Produktivit\u00e4t Ihrer Reisenden und deren Programmkonformit\u00e4t. Mit TripSource k\u00f6nnen Ihre Reisenden Folgendes erwarten: Dynamic Trip Management Reisende behalten den \u00dcberblick und die Kontrolle und haben schnellen Zugriff auf alle Reisedetails, Belege, Informationen zur Reisevorbereitung, Flugbenachrichtigungen &hellip;","og_url":"https:\/\/tripsource.com\/de\/introduction\/","og_site_name":"TripSource","article_modified_time":"2018-04-04T13:48:19+00:00","twitter_card":"summary_large_image","twitter_misc":{"Gesch\u00e4tzte Lesezeit":"1 Minute"},"schema":{"@context":"https:\/\/schema.org","@graph":[{"@type":"WebPage","@id":"https:\/\/tripsource.com\/de\/introduction\/","url":"https:\/\/tripsource.com\/de\/introduction\/","name":"Einf\u00fchrung in TripSource - TripSource","isPartOf":{"@id":"https:\/\/tripsource.com\/#website"},"datePublished":"2018-01-24T20:07:23+00:00","dateModified":"2018-04-04T13:48:19+00:00","breadcrumb":{"@id":"https:\/\/tripsource.com\/de\/introduction\/#breadcrumb"},"inLanguage":"de-DE","potentialAction":[{"@type":"ReadAction","target":["https:\/\/tripsource.com\/de\/introduction\/"]}]},{"@type":"BreadcrumbList","@id":"https:\/\/tripsource.com\/de\/introduction\/#breadcrumb","itemListElement":[{"@type":"ListItem","position":1,"name":"Home","item":"https:\/\/tripsource.com\/de\/"},{"@type":"ListItem","position":2,"name":"Einf\u00fchrung in TripSource"}]},{"@type":"WebSite","@id":"https:\/\/tripsource.com\/#website","url":"https:\/\/tripsource.com\/","name":"TripSource","description":"Convenient Corporate Travel","potentialAction":[{"@type":"SearchAction","target":{"@type":"EntryPoint","urlTemplate":"https:\/\/tripsource.com\/?s={search_term_string}"},"query-input":{"@type":"PropertyValueSpecification","valueRequired":true,"valueName":"search_term_string"}}],"inLanguage":"de-DE"}]}},"_links":{"self":[{"href":"https:\/\/tripsource.com\/de\/wp-json\/wp\/v2\/pages\/1749","targetHints":{"allow":["GET"]}}],"collection":[{"href":"https:\/\/tripsource.com\/de\/wp-json\/wp\/v2\/pages"}],"about":[{"href":"https:\/\/tripsource.com\/de\/wp-json\/wp\/v2\/types\/page"}],"author":[{"embeddable":true,"href":"https:\/\/tripsource.com\/de\/wp-json\/wp\/v2\/users\/6"}],"replies":[{"embeddable":true,"href":"https:\/\/tripsource.com\/de\/wp-json\/wp\/v2\/comments?post=1749"}],"version-history":[{"count":0,"href":"https:\/\/tripsource.com\/de\/wp-json\/wp\/v2\/pages\/1749\/revisions"}],"wp:attachment":[{"href":"https:\/\/tripsource.com\/de\/wp-json\/wp\/v2\/media?parent=1749"}],"curies":[{"name":"wp","href":"https:\/\/api.w.org\/{rel}","templated":true}]}}