{"id":10386,"date":"2025-10-16T15:26:52","date_gmt":"2025-10-16T19:26:52","guid":{"rendered":"https:\/\/tripsource.com\/cookie-richtlinie\/"},"modified":"2025-10-16T15:26:52","modified_gmt":"2025-10-16T19:26:52","slug":"cookie-richtlinie","status":"publish","type":"page","link":"https:\/\/tripsource.com\/de\/cookie-richtlinie\/","title":{"rendered":"Cookie-Richtlinie"},"content":{"rendered":"\n<h3 class=\"wp-block-heading\">Zuletzt aktualisiert: 1. September 2025<\/h3>\n\n<p>Diese Cookie-Richtlinie beschreibt, wie BCD Travel Services B.V. (\u201ewir\u201c, \u201euns\u201c und \u201eunser\u201c) Cookies, Web-Beacons, Ger\u00e4tekennungen und \u00e4hnliche Technologien (zusammen \u201eCookies\u201c) im Zusammenhang mit Ihrer Nutzung dieser Website, einschlie\u00dflich aller damit verbundenen mobilen oder anderen Apps, verwendet, falls zutreffend (zusammen \u201eWebsite\u201c). Diese Cookie-Richtlinie erkl\u00e4rt, was Cookies sind, warum wir sie verwenden und f\u00fcr wie lange, sowie Ihre Rechte, unsere Verwendung von Cookies zu kontrollieren.<\/p>\n\n<h2 class=\"wp-block-heading\">Was sind Cookies?<\/h2>\n\n<p>Cookies sind kleine Daten, die eine Website jedes Mal an Ihren Computer, Ihr Tablet, Ihr Smartphone oder ein \u00e4hnliches Ger\u00e4t sendet, wenn Sie sie besuchen. Cookies werden von Websites weit verbreitet, um die Websites zum Laufen zu bringen oder effizienter zu machen, sowie um Berichtsinformationen bereitzustellen. Cookies erm\u00f6glichen es unserem System, Ihr Ger\u00e4t beim n\u00e4chsten Besuch dieser Website zu erkennen, was uns hilft, ein nahtloseres und personalisierteres Surferlebnis zu bieten. Cookies k\u00f6nnen Benutzereinstellungen und andere Informationen (z. B. Ihre Surfdaten) speichern, die uns helfen k\u00f6nnen, diese Website zu verbessern.<\/p>\n\n<h2 class=\"wp-block-heading\">Cookie-Verwaltung auf Ihrem Ger\u00e4t<\/h2>\n\n<p>Sie k\u00f6nnen selbst entscheiden, ob Sie die Speicherung von Cookies auf Ihrem Ger\u00e4t zulassen m\u00f6chten. Ihre Cookie-Einstellungen k\u00f6nnen durch Akzeptieren, Ablehnen oder Anpassen von Cookies auf dieser Website durch Klicken auf die entsprechenden Schaltfl\u00e4chen im Cookie-Banner, der Ihnen bei Ihrem ersten Besuch auf dieser Website angezeigt wird, ausgew\u00e4hlt werden. Diese Einstellungen k\u00f6nnen danach jederzeit \u00fcber das Cookie-Symbol unten links auf dem Bildschirm ge\u00e4ndert werden. Wenn Sie Ihre Browserverlaufsdaten l\u00f6schen, werden Sie bei Ihrem n\u00e4chsten Besuch erneut aufgefordert, Ihre Cookie-Einstellungen auszuw\u00e4hlen.<\/p>\n\n<p>Sie k\u00f6nnen Ihre Cookie-Einstellungen auch jederzeit \u00fcber Ihren Browser verwalten. Die Schritte dazu k\u00f6nnen je nach verwendetem Browser variieren. Weitere Informationen zur Verwaltung von Cookies finden Sie im Hilfemen\u00fc Ihres Browsers. <\/p>\n\n<h2 class=\"wp-block-heading\">Wer speichert Cookies auf Ihrem Ger\u00e4t?<\/h2>\n\n<p>Einige Cookies, die auf Ihrem Ger\u00e4t gesetzt werden, werden als \u201eFirst-Party-Cookies\u201c bezeichnet, d. h. sie werden direkt von uns als Betreiber der Website platziert und sind mit unserem Hostnamen verkn\u00fcpft. In bestimmten F\u00e4llen verwenden wir auch \u201eCookies von Drittanbietern\u201c, die von externen Anbietern platziert werden und von anderen Websites stammen. <\/p>\n\n<p>Cookies von Drittanbietern erm\u00f6glichen Funktionen oder Funktionalit\u00e4ten, die von Drittanbietern auf oder \u00fcber diese Website bereitgestellt werden (z. B. Werbung, interaktive Inhalte, Sicherheitsfunktionen, Analysen). Diese Drittanbieter erkennen Ihr Ger\u00e4t sowohl beim Besuch dieser Website als auch beim Besuch anderer Websites.<\/p>\n\n<p>Wir verwenden Cookies von Drittanbietern, um die Leistung und Funktionalit\u00e4t dieser Website zu verbessern, Sicherheitsfunktionen zu unterst\u00fctzen, Nutzungsstatistiken zu erstellen und das Nutzerverhalten besser zu verstehen. Diese Cookies tragen dazu bei, dass die Website reibungslos funktioniert und an Ihre Vorlieben angepasst werden kann.<\/p>\n\n<p>Weitere Informationen zu jedem auf dieser Website platzierten Cookie und deren Anbietern finden Sie im Cookie-Banner, das jederzeit \u00fcber das Cookie-Symbol in der unteren linken Bildschirmseite zug\u00e4nglich ist.<\/p>\n\n<h2 class=\"wp-block-heading\">Wie lange werden Cookies gespeichert?<\/h2>\n\n<p>Cookies werden entweder vor\u00fcbergehend im Speicher Ihres Ger\u00e4ts (Sitzungs-Cookies) oder f\u00fcr einen l\u00e4ngeren Zeitraum auf Ihrer Festplatte gespeichert (persistentes Cookie). <\/p>\n\n<p><strong>Sitzungs-Cookies <\/strong>werden generiert, wenn Sie Ihren Besuch auf dieser Website beginnen und enthalten eine zuf\u00e4llig generierte individuelle ID-Nummer, die Ihrem Ger\u00e4t zugewiesen wird. Diese Cookies verfallen am Ende der Sitzung und werden automatisch gel\u00f6scht, sobald Sie diese Website schlie\u00dfen.<\/p>\n\n<p><strong>Permanente Cookies <\/strong>bleiben auf Ihrem Ger\u00e4t gespeichert, nachdem Sie diese Website geschlossen haben. Sie speichern Informationen wie Ihre Einstellungen, Vorlieben und Anmeldeinformationen, was eine pers\u00f6nlichere Erfahrung bei zuk\u00fcnftigen Besuchen erm\u00f6glicht. Diese Cookies bleiben aktiv, bis sie ihr vordefiniertes Ablaufdatum erreichen oder von Ihnen manuell gel\u00f6scht werden.<\/p>\n\n<p>Weitere Einzelheiten zur Dauer jedes auf dieser Website platzierten Cookies finden Sie auf dem Cookie-Banner, das jederzeit \u00fcber das Cookie-Symbol in der unteren linken Ecke des Bildschirms zug\u00e4nglich ist.<\/p>\n\n<h2 class=\"wp-block-heading\">Cookies auf dieser Website<\/h2>\n\n<p>Diese Website kann verschiedene Arten von Cookies verwenden, einschlie\u00dflich wesentlicher, funktionaler und Marketing-Cookies. Jede Art von Cookie erf\u00fcllt eine bestimmte Funktion, wie z. B. die Erm\u00f6glichung der Kernfunktionen der Website, die Verbesserung der Benutzererfahrung oder die Unterst\u00fctzung von Marketing- und Analysebem\u00fchungen.<\/p>\n\n<p><strong>Wesentliche Cookies <\/strong>sind f\u00fcr den Betrieb und die Sicherheit dieser Website notwendig. Sie erm\u00f6glichen Kernfunktionen wie Navigation, Anmeldeinformationen (falls zutreffend), das Festlegen von Datenschutzpr\u00e4ferenzen und Erkennung, ob Sie die Cookie-Benachrichtigung gelesen, akzeptiert oder abgelehnt haben. Da diese Cookies f\u00fcr den Betrieb und die Sicherheit dieser Website unerl\u00e4sslich sind, sind sie nicht optional.<\/p>\n\n<p><strong>Funktionale Cookies <\/strong>verbessern die Benutzerfreundlichkeit und Personalisierung dieser Website, indem sie Ihre Einstellungen (wie Sprache oder Region) speichern und eingebettete Inhalte (wie Videos, Karten oder Formulare) erm\u00f6glichen. Sie unterst\u00fctzen auch die Leistungsanalyse, indem sie Benutzerinteraktionen verfolgen, um uns zu helfen, das Verhalten zu verstehen und das gesamte Benutzererlebnis zu verbessern. Durch die Verwendung dieser Cookies k\u00f6nnen wir relevantere Inhalte bereitstellen und eine reibungslosigere Navigation und Funktionalit\u00e4t sicherstellen.<\/p>\n\n<p>Bitte beachten Sie, dass die Ablehnung dieser Cookies die Personalisierung einschr\u00e4nken und verhindern kann, dass bestimmte Inhalte ordnungsgem\u00e4\u00df angezeigt werden.<\/p>\n\n<p><strong>Marketing-Cookies <\/strong>\u00a0sammeln Informationen \u00fcber Ihre Aktivit\u00e4ten auf dieser Website und gegebenenfalls auf anderen Websites. Diese Cookies helfen dabei, gezielte Werbeanzeigen basierend auf Ihren Interessen und Interaktionen mit dieser Website und gegebenenfalls anderen Websites anzuzeigen.<\/p>\n\n<p>Wir verwenden Pardot, eine Marketing-Automatisierungsplattform von Drittanbietern, um einige unserer Marketing- und Vertriebsaktivit\u00e4ten zu unterst\u00fctzen. Bestimmte Teile dieser Website (z. B. Landingpages, Kontaktformulare) verwenden Pardot-Cookies, die Daten \u00fcber die Benutzeraktivit\u00e4t sammeln. Pardot-Cookies sind so eingestellt, dass sie Benutzerdetails f\u00fcr zuk\u00fcnftige Korrespondenzen und Besuche auf dieser Website speichern. Die gesammelten Informationen helfen uns, den Inhalt dieser Website zu verbessern (z. B. zu verstehen, welche unserer Berichte am h\u00e4ufigsten von Benutzern heruntergeladen werden). <\/p>\n\n<p>Wenn Sie sich f\u00fcr unsere Newsletter oder E-Mail-Marketing anmelden, erm\u00f6glichen uns die Pardot-Cookies auch zu verfolgen, wie Sie mit unseren Mitteilungen interagieren, einschlie\u00dflich ob unsere E-Mails ge\u00f6ffnet werden und welche Links angeklickt werden. Dies hilft uns, unser E-Mail-Marketing zu verwalten und Ihnen relevante Informationen zu senden.<\/p>\n\n<p>Pardot-Cookies identifizieren Ihren Browser und Ihr Ger\u00e4t eindeutig, indem sie eine zuf\u00e4llig generierte Benutzer-ID zuweisen. Die von den Pardot-Cookies gesammelten Daten werden nicht mit Ihren pers\u00f6nlichen Daten zusammengef\u00fchrt, es sei denn, Sie stellen diese freiwillig \u00fcber ein auf dieser Website verf\u00fcgbares Pardot-Formular zur Verf\u00fcgung. Wenn Sie Ihre Kontaktdaten (wie Name oder E-Mail-Adresse) eingeben, wird Ihr Browserverlauf, der mit der Benutzer-ID verkn\u00fcpft ist, mit einem Benutzerprofil abgeglichen. <\/p>\n\n<p>Bitte beachten Sie, dass die Ablehnung dieser Cookies zu weniger relevanten Inhalten f\u00fchren und unsere F\u00e4higkeit einschr\u00e4nken kann, die Kommunikation an Ihre Vorlieben anzupassen.<\/p>\n\n<p>Weitere Einzelheiten zu jedem auf dieser Website verwendeten Cookie-Typ finden Sie im Cookie-Banner, das jederzeit \u00fcber das Cookie-Symbol in der unteren linken Ecke des Bildschirms zug\u00e4nglich ist. Das Cookie-Banner bietet umfassende Informationen, die Ihnen helfen, fundierte Entscheidungen \u00fcber Ihre Cookie-Einstellungen zu treffen, einschlie\u00dflich der Cookie-Typen, deren Zweck, Dauer, Verarbeitungsort, verarbeitendes Unternehmen, verarbeitete Daten und rechtm\u00e4\u00dfige Grundlage.<\/p>\n\n<h2 class=\"wp-block-heading\">Aktualisierungen und \u00c4nderungen dieser Cookie-Richtlinie<\/h2>\n\n<p>Wir k\u00f6nnen diese Cookie-Richtlinie von Zeit zu Zeit aktualisieren, um beispielsweise \u00c4nderungen an den von uns verwendeten Cookies oder aus anderen betrieblichen, rechtlichen oder regulatorischen Gr\u00fcnden widerzuspiegeln. Wir empfehlen Ihnen, diese Cookie-Richtlinie regelm\u00e4\u00dfig erneut zu besuchen, um \u00fcber unsere Verwendung von Cookies und verwandten Technologien auf dem Laufenden zu bleiben. Das Datum oben in dieser Cookie-Richtlinie zeigt an, wann sie zuletzt aktualisiert wurde.<\/p>\n\n<h2 class=\"wp-block-heading\">Wo erhalten Sie weitere Informationen?<\/h2>\n\n<p>Weitere Informationen zu unseren Datenschutzpraktiken und Ihren Datenschutzrechten finden Sie in der auf dieser Website verf\u00fcgbaren Datenschutzrichtlinie.<\/p>\n\n<p>Wenn Sie Fragen zu den von uns verwendeten Cookies haben, kontaktieren Sie uns bitte unter <a href=\"mailto:privacy@bcdtravel.com\">privacy@bcdtravel.com<\/a>. Bitte teilen Sie uns Ihre Kontaktdaten, die URL dieser Website und eine detaillierte Beschreibung Ihrer Anfrage mit.<\/p>\n","protected":false},"excerpt":{"rendered":"<p>Zuletzt aktualisiert: 1. September 2025 Diese Cookie-Richtlinie beschreibt, wie BCD Travel Services B.V. (\u201ewir\u201c, \u201euns\u201c und \u201eunser\u201c) Cookies, Web-Beacons, Ger\u00e4tekennungen und \u00e4hnliche Technologien (zusammen \u201eCookies\u201c) im Zusammenhang mit Ihrer Nutzung dieser Website, einschlie\u00dflich aller damit verbundenen mobilen oder anderen Apps, verwendet, falls zutreffend (zusammen \u201eWebsite\u201c). Diese Cookie-Richtlinie erkl\u00e4rt, was Cookies sind, warum wir sie verwenden &hellip;<\/p>\n","protected":false},"author":1,"featured_media":0,"parent":0,"menu_order":0,"comment_status":"closed","ping_status":"closed","template":"","meta":{"_acf_changed":false,"inline_featured_image":false,"footnotes":""},"class_list":["post-10386","page","type-page","status-publish","hentry"],"acf":[],"yoast_head":"<!-- This site is optimized with the Yoast SEO plugin v26.9 - https:\/\/yoast.com\/product\/yoast-seo-wordpress\/ -->\n<title>Cookie-Richtlinie - TripSource<\/title>\n<meta name=\"robots\" content=\"index, follow, max-snippet:-1, max-image-preview:large, max-video-preview:-1\" \/>\n<link rel=\"canonical\" href=\"https:\/\/tripsource.com\/de\/cookie-richtlinie\/\" \/>\n<meta property=\"og:locale\" content=\"de_DE\" \/>\n<meta property=\"og:type\" content=\"article\" \/>\n<meta property=\"og:title\" content=\"Cookie-Richtlinie - TripSource\" \/>\n<meta property=\"og:description\" content=\"Zuletzt aktualisiert: 1. September 2025 Diese Cookie-Richtlinie beschreibt, wie BCD Travel Services B.V. (\u201ewir\u201c, \u201euns\u201c und \u201eunser\u201c) Cookies, Web-Beacons, Ger\u00e4tekennungen und \u00e4hnliche Technologien (zusammen \u201eCookies\u201c) im Zusammenhang mit Ihrer Nutzung dieser Website, einschlie\u00dflich aller damit verbundenen mobilen oder anderen Apps, verwendet, falls zutreffend (zusammen \u201eWebsite\u201c). Diese Cookie-Richtlinie erkl\u00e4rt, was Cookies sind, warum wir sie verwenden &hellip;\" \/>\n<meta property=\"og:url\" content=\"https:\/\/tripsource.com\/de\/cookie-richtlinie\/\" \/>\n<meta property=\"og:site_name\" content=\"TripSource\" \/>\n<meta name=\"twitter:card\" content=\"summary_large_image\" \/>\n<meta name=\"twitter:label1\" content=\"Gesch\u00e4tzte Lesezeit\" \/>\n\t<meta name=\"twitter:data1\" content=\"6 Minuten\" \/>\n<script type=\"application\/ld+json\" class=\"yoast-schema-graph\">{\"@context\":\"https:\/\/schema.org\",\"@graph\":[{\"@type\":\"WebPage\",\"@id\":\"https:\/\/tripsource.com\/de\/cookie-richtlinie\/\",\"url\":\"https:\/\/tripsource.com\/de\/cookie-richtlinie\/\",\"name\":\"Cookie-Richtlinie - TripSource\",\"isPartOf\":{\"@id\":\"https:\/\/tripsource.com\/#website\"},\"datePublished\":\"2025-10-16T19:26:52+00:00\",\"breadcrumb\":{\"@id\":\"https:\/\/tripsource.com\/de\/cookie-richtlinie\/#breadcrumb\"},\"inLanguage\":\"de-DE\",\"potentialAction\":[{\"@type\":\"ReadAction\",\"target\":[\"https:\/\/tripsource.com\/de\/cookie-richtlinie\/\"]}]},{\"@type\":\"BreadcrumbList\",\"@id\":\"https:\/\/tripsource.com\/de\/cookie-richtlinie\/#breadcrumb\",\"itemListElement\":[{\"@type\":\"ListItem\",\"position\":1,\"name\":\"Home\",\"item\":\"https:\/\/tripsource.com\/de\/\"},{\"@type\":\"ListItem\",\"position\":2,\"name\":\"Cookie-Richtlinie\"}]},{\"@type\":\"WebSite\",\"@id\":\"https:\/\/tripsource.com\/#website\",\"url\":\"https:\/\/tripsource.com\/\",\"name\":\"TripSource\",\"description\":\"Convenient Corporate Travel\",\"potentialAction\":[{\"@type\":\"SearchAction\",\"target\":{\"@type\":\"EntryPoint\",\"urlTemplate\":\"https:\/\/tripsource.com\/?s={search_term_string}\"},\"query-input\":{\"@type\":\"PropertyValueSpecification\",\"valueRequired\":true,\"valueName\":\"search_term_string\"}}],\"inLanguage\":\"de-DE\"}]}<\/script>\n<!-- \/ Yoast SEO plugin. -->","yoast_head_json":{"title":"Cookie-Richtlinie - TripSource","robots":{"index":"index","follow":"follow","max-snippet":"max-snippet:-1","max-image-preview":"max-image-preview:large","max-video-preview":"max-video-preview:-1"},"canonical":"https:\/\/tripsource.com\/de\/cookie-richtlinie\/","og_locale":"de_DE","og_type":"article","og_title":"Cookie-Richtlinie - TripSource","og_description":"Zuletzt aktualisiert: 1. September 2025 Diese Cookie-Richtlinie beschreibt, wie BCD Travel Services B.V. (\u201ewir\u201c, \u201euns\u201c und \u201eunser\u201c) Cookies, Web-Beacons, Ger\u00e4tekennungen und \u00e4hnliche Technologien (zusammen \u201eCookies\u201c) im Zusammenhang mit Ihrer Nutzung dieser Website, einschlie\u00dflich aller damit verbundenen mobilen oder anderen Apps, verwendet, falls zutreffend (zusammen \u201eWebsite\u201c). Diese Cookie-Richtlinie erkl\u00e4rt, was Cookies sind, warum wir sie verwenden &hellip;","og_url":"https:\/\/tripsource.com\/de\/cookie-richtlinie\/","og_site_name":"TripSource","twitter_card":"summary_large_image","twitter_misc":{"Gesch\u00e4tzte Lesezeit":"6 Minuten"},"schema":{"@context":"https:\/\/schema.org","@graph":[{"@type":"WebPage","@id":"https:\/\/tripsource.com\/de\/cookie-richtlinie\/","url":"https:\/\/tripsource.com\/de\/cookie-richtlinie\/","name":"Cookie-Richtlinie - TripSource","isPartOf":{"@id":"https:\/\/tripsource.com\/#website"},"datePublished":"2025-10-16T19:26:52+00:00","breadcrumb":{"@id":"https:\/\/tripsource.com\/de\/cookie-richtlinie\/#breadcrumb"},"inLanguage":"de-DE","potentialAction":[{"@type":"ReadAction","target":["https:\/\/tripsource.com\/de\/cookie-richtlinie\/"]}]},{"@type":"BreadcrumbList","@id":"https:\/\/tripsource.com\/de\/cookie-richtlinie\/#breadcrumb","itemListElement":[{"@type":"ListItem","position":1,"name":"Home","item":"https:\/\/tripsource.com\/de\/"},{"@type":"ListItem","position":2,"name":"Cookie-Richtlinie"}]},{"@type":"WebSite","@id":"https:\/\/tripsource.com\/#website","url":"https:\/\/tripsource.com\/","name":"TripSource","description":"Convenient Corporate Travel","potentialAction":[{"@type":"SearchAction","target":{"@type":"EntryPoint","urlTemplate":"https:\/\/tripsource.com\/?s={search_term_string}"},"query-input":{"@type":"PropertyValueSpecification","valueRequired":true,"valueName":"search_term_string"}}],"inLanguage":"de-DE"}]}},"_links":{"self":[{"href":"https:\/\/tripsource.com\/de\/wp-json\/wp\/v2\/pages\/10386","targetHints":{"allow":["GET"]}}],"collection":[{"href":"https:\/\/tripsource.com\/de\/wp-json\/wp\/v2\/pages"}],"about":[{"href":"https:\/\/tripsource.com\/de\/wp-json\/wp\/v2\/types\/page"}],"author":[{"embeddable":true,"href":"https:\/\/tripsource.com\/de\/wp-json\/wp\/v2\/users\/1"}],"replies":[{"embeddable":true,"href":"https:\/\/tripsource.com\/de\/wp-json\/wp\/v2\/comments?post=10386"}],"version-history":[{"count":0,"href":"https:\/\/tripsource.com\/de\/wp-json\/wp\/v2\/pages\/10386\/revisions"}],"wp:attachment":[{"href":"https:\/\/tripsource.com\/de\/wp-json\/wp\/v2\/media?parent=10386"}],"curies":[{"name":"wp","href":"https:\/\/api.w.org\/{rel}","templated":true}]}}